{"id":4210,"date":"2025-04-29T14:38:00","date_gmt":"2025-04-29T06:38:00","guid":{"rendered":"https:\/\/shenhuexcavator.com\/product\/used-kubota-kxu-20-excavator\/"},"modified":"2025-07-17T15:10:16","modified_gmt":"2025-07-17T07:10:16","slug":"used-kubota-kxu-20-excavator","status":"publish","type":"product","link":"https:\/\/shenhuexcavator.com\/es\/producto\/used-kubota-kxu-20-excavator\/","title":{"rendered":"Excavadora Kubota KXU-20 usada"},"content":{"rendered":"<p><img fetchpriority=\"high\" decoding=\"async\" class=\"aligncenter size-full wp-image-4429\" src=\"https:\/\/shenhuexcavator.com\/wp-content\/uploads\/2025\/04\/\u5fae\u4fe1\u56fe\u7247_20211103115525_WH_850x650px.webp\" alt=\"\" width=\"850\" height=\"650\" srcset=\"https:\/\/shenhuexcavator.com\/wp-content\/uploads\/2025\/04\/\u5fae\u4fe1\u56fe\u7247_20211103115525_WH_850x650px.webp 850w, https:\/\/shenhuexcavator.com\/wp-content\/uploads\/2025\/04\/\u5fae\u4fe1\u56fe\u7247_20211103115525_WH_850x650px-600x459.webp 600w, https:\/\/shenhuexcavator.com\/wp-content\/uploads\/2025\/04\/\u5fae\u4fe1\u56fe\u7247_20211103115525_WH_850x650px-300x229.webp 300w, https:\/\/shenhuexcavator.com\/wp-content\/uploads\/2025\/04\/\u5fae\u4fe1\u56fe\u7247_20211103115525_WH_850x650px-150x115.webp 150w, https:\/\/shenhuexcavator.com\/wp-content\/uploads\/2025\/04\/\u5fae\u4fe1\u56fe\u7247_20211103115525_WH_850x650px-768x587.webp 768w, https:\/\/shenhuexcavator.com\/wp-content\/uploads\/2025\/04\/\u5fae\u4fe1\u56fe\u7247_20211103115525_WH_850x650px-16x12.webp 16w\" sizes=\"(max-width: 850px) 100vw, 850px\" \/> <img decoding=\"async\" class=\"aligncenter size-full wp-image-4430\" src=\"https:\/\/shenhuexcavator.com\/wp-content\/uploads\/2025\/04\/\u5fae\u4fe1\u56fe\u7247_202111031155251_WH_850x650px.webp\" alt=\"\" width=\"850\" height=\"650\" srcset=\"https:\/\/shenhuexcavator.com\/wp-content\/uploads\/2025\/04\/\u5fae\u4fe1\u56fe\u7247_202111031155251_WH_850x650px.webp 850w, https:\/\/shenhuexcavator.com\/wp-content\/uploads\/2025\/04\/\u5fae\u4fe1\u56fe\u7247_202111031155251_WH_850x650px-600x459.webp 600w, https:\/\/shenhuexcavator.com\/wp-content\/uploads\/2025\/04\/\u5fae\u4fe1\u56fe\u7247_202111031155251_WH_850x650px-300x229.webp 300w, https:\/\/shenhuexcavator.com\/wp-content\/uploads\/2025\/04\/\u5fae\u4fe1\u56fe\u7247_202111031155251_WH_850x650px-150x115.webp 150w, https:\/\/shenhuexcavator.com\/wp-content\/uploads\/2025\/04\/\u5fae\u4fe1\u56fe\u7247_202111031155251_WH_850x650px-768x587.webp 768w, https:\/\/shenhuexcavator.com\/wp-content\/uploads\/2025\/04\/\u5fae\u4fe1\u56fe\u7247_202111031155251_WH_850x650px-16x12.webp 16w\" sizes=\"(max-width: 850px) 100vw, 850px\" \/> <img decoding=\"async\" class=\"aligncenter size-full wp-image-4431\" src=\"https:\/\/shenhuexcavator.com\/wp-content\/uploads\/2025\/04\/\u5fae\u4fe1\u56fe\u7247_202111031155252_WH_850x650px.webp\" alt=\"\" width=\"850\" height=\"650\" srcset=\"https:\/\/shenhuexcavator.com\/wp-content\/uploads\/2025\/04\/\u5fae\u4fe1\u56fe\u7247_202111031155252_WH_850x650px.webp 850w, https:\/\/shenhuexcavator.com\/wp-content\/uploads\/2025\/04\/\u5fae\u4fe1\u56fe\u7247_202111031155252_WH_850x650px-600x459.webp 600w, https:\/\/shenhuexcavator.com\/wp-content\/uploads\/2025\/04\/\u5fae\u4fe1\u56fe\u7247_202111031155252_WH_850x650px-300x229.webp 300w, https:\/\/shenhuexcavator.com\/wp-content\/uploads\/2025\/04\/\u5fae\u4fe1\u56fe\u7247_202111031155252_WH_850x650px-150x115.webp 150w, https:\/\/shenhuexcavator.com\/wp-content\/uploads\/2025\/04\/\u5fae\u4fe1\u56fe\u7247_202111031155252_WH_850x650px-768x587.webp 768w, https:\/\/shenhuexcavator.com\/wp-content\/uploads\/2025\/04\/\u5fae\u4fe1\u56fe\u7247_202111031155252_WH_850x650px-16x12.webp 16w\" sizes=\"(max-width: 850px) 100vw, 850px\" \/> <img loading=\"lazy\" decoding=\"async\" class=\"aligncenter size-full wp-image-4432\" src=\"https:\/\/shenhuexcavator.com\/wp-content\/uploads\/2025\/04\/\u5fae\u4fe1\u56fe\u7247_202111031155253_WH_850x650px.webp\" alt=\"\" width=\"850\" height=\"650\" srcset=\"https:\/\/shenhuexcavator.com\/wp-content\/uploads\/2025\/04\/\u5fae\u4fe1\u56fe\u7247_202111031155253_WH_850x650px.webp 850w, https:\/\/shenhuexcavator.com\/wp-content\/uploads\/2025\/04\/\u5fae\u4fe1\u56fe\u7247_202111031155253_WH_850x650px-600x459.webp 600w, https:\/\/shenhuexcavator.com\/wp-content\/uploads\/2025\/04\/\u5fae\u4fe1\u56fe\u7247_202111031155253_WH_850x650px-300x229.webp 300w, https:\/\/shenhuexcavator.com\/wp-content\/uploads\/2025\/04\/\u5fae\u4fe1\u56fe\u7247_202111031155253_WH_850x650px-150x115.webp 150w, https:\/\/shenhuexcavator.com\/wp-content\/uploads\/2025\/04\/\u5fae\u4fe1\u56fe\u7247_202111031155253_WH_850x650px-768x587.webp 768w, https:\/\/shenhuexcavator.com\/wp-content\/uploads\/2025\/04\/\u5fae\u4fe1\u56fe\u7247_202111031155253_WH_850x650px-16x12.webp 16w\" sizes=\"(max-width: 850px) 100vw, 850px\" \/> <img loading=\"lazy\" decoding=\"async\" class=\"aligncenter size-full wp-image-4433\" src=\"https:\/\/shenhuexcavator.com\/wp-content\/uploads\/2025\/04\/\u5fae\u4fe1\u56fe\u7247_202111031155254_WH_850x650px.webp\" alt=\"\" width=\"850\" height=\"650\" srcset=\"https:\/\/shenhuexcavator.com\/wp-content\/uploads\/2025\/04\/\u5fae\u4fe1\u56fe\u7247_202111031155254_WH_850x650px.webp 850w, https:\/\/shenhuexcavator.com\/wp-content\/uploads\/2025\/04\/\u5fae\u4fe1\u56fe\u7247_202111031155254_WH_850x650px-600x459.webp 600w, https:\/\/shenhuexcavator.com\/wp-content\/uploads\/2025\/04\/\u5fae\u4fe1\u56fe\u7247_202111031155254_WH_850x650px-300x229.webp 300w, https:\/\/shenhuexcavator.com\/wp-content\/uploads\/2025\/04\/\u5fae\u4fe1\u56fe\u7247_202111031155254_WH_850x650px-150x115.webp 150w, https:\/\/shenhuexcavator.com\/wp-content\/uploads\/2025\/04\/\u5fae\u4fe1\u56fe\u7247_202111031155254_WH_850x650px-768x587.webp 768w, https:\/\/shenhuexcavator.com\/wp-content\/uploads\/2025\/04\/\u5fae\u4fe1\u56fe\u7247_202111031155254_WH_850x650px-16x12.webp 16w\" sizes=\"(max-width: 850px) 100vw, 850px\" \/><\/p>","protected":false},"excerpt":{"rendered":"<p>\"La Kubota KXU-20 usada es una excavadora ultracompacta \u00fanica de 2 toneladas dise\u00f1ada para uso interior y residencial. Su motor de arranque el\u00e9ctrico de 14,4 CV y su anchura estrecha de 480 mm permiten el acceso a trav\u00e9s de puertas est\u00e1ndar. A pesar de su tama\u00f1o, ofrece una profundidad de excavaci\u00f3n de 2,3 m y una capacidad de la cuchara de 0,02 m\u00b3. Las KXU-20 de segunda mano son habituales en trabajos de fontaner\u00eda y calefacci\u00f3n, ventilaci\u00f3n y aire acondicionado, pero requieren una inspecci\u00f3n cuidadosa de las v\u00e1lvulas de control proporcional y el engranaje giratorio. Las orugas de goma que no dejan marcas son propensas a agrietarse si se almacenan de forma inadecuada. Las unidades bien mantenidas con menos de 2.000 horas pueden ser una alternativa rentable al trabajo manual para tareas de excavaci\u00f3n ligeras.\"<\/p>","protected":false},"featured_media":4434,"template":"","meta":[],"product_brand":[52],"product_cat":[120,102,47],"product_tag":[],"class_list":{"0":"post-4210","1":"product","2":"type-product","3":"status-publish","4":"has-post-thumbnail","6":"product_brand-kubota","7":"product_cat-2020-2023","8":"product_cat-2t","9":"product_cat-used-kubota-excavator","11":"first","12":"instock","13":"shipping-taxable","14":"purchasable","15":"product-type-simple"},"_links":{"self":[{"href":"https:\/\/shenhuexcavator.com\/es\/wp-json\/wp\/v2\/product\/4210","targetHints":{"allow":["GET"]}}],"collection":[{"href":"https:\/\/shenhuexcavator.com\/es\/wp-json\/wp\/v2\/product"}],"about":[{"href":"https:\/\/shenhuexcavator.com\/es\/wp-json\/wp\/v2\/types\/product"}],"wp:featuredmedia":[{"embeddable":true,"href":"https:\/\/shenhuexcavator.com\/es\/wp-json\/wp\/v2\/media\/4434"}],"wp:attachment":[{"href":"https:\/\/shenhuexcavator.com\/es\/wp-json\/wp\/v2\/media?parent=4210"}],"wp:term":[{"taxonomy":"product_brand","embeddable":true,"href":"https:\/\/shenhuexcavator.com\/es\/wp-json\/wp\/v2\/product_brand?post=4210"},{"taxonomy":"product_cat","embeddable":true,"href":"https:\/\/shenhuexcavator.com\/es\/wp-json\/wp\/v2\/product_cat?post=4210"},{"taxonomy":"product_tag","embeddable":true,"href":"https:\/\/shenhuexcavator.com\/es\/wp-json\/wp\/v2\/product_tag?post=4210"}],"curies":[{"name":"wp","href":"https:\/\/api.w.org\/{rel}","templated":true}]}}