{"id":4220,"date":"2025-04-29T14:38:00","date_gmt":"2025-04-29T06:38:00","guid":{"rendered":"https:\/\/shenhuexcavator.com\/product\/used-hyundai-305-9-excavator\/"},"modified":"2025-07-17T15:10:18","modified_gmt":"2025-07-17T07:10:18","slug":"used-hyundai-305-9-excavator","status":"publish","type":"product","link":"https:\/\/shenhuexcavator.com\/es\/producto\/used-hyundai-305-9-excavator\/","title":{"rendered":"Excavadora usada Hyundai 305-9"},"content":{"rendered":"<p><img fetchpriority=\"high\" decoding=\"async\" class=\"aligncenter size-full wp-image-4350\" src=\"https:\/\/shenhuexcavator.com\/wp-content\/uploads\/2025\/04\/\u5916\u5f621_WH_850x650px.webp\" alt=\"\" width=\"850\" height=\"650\" srcset=\"https:\/\/shenhuexcavator.com\/wp-content\/uploads\/2025\/04\/\u5916\u5f621_WH_850x650px.webp 850w, https:\/\/shenhuexcavator.com\/wp-content\/uploads\/2025\/04\/\u5916\u5f621_WH_850x650px-600x459.webp 600w, https:\/\/shenhuexcavator.com\/wp-content\/uploads\/2025\/04\/\u5916\u5f621_WH_850x650px-300x229.webp 300w, https:\/\/shenhuexcavator.com\/wp-content\/uploads\/2025\/04\/\u5916\u5f621_WH_850x650px-150x115.webp 150w, https:\/\/shenhuexcavator.com\/wp-content\/uploads\/2025\/04\/\u5916\u5f621_WH_850x650px-768x587.webp 768w, https:\/\/shenhuexcavator.com\/wp-content\/uploads\/2025\/04\/\u5916\u5f621_WH_850x650px-16x12.webp 16w\" sizes=\"(max-width: 850px) 100vw, 850px\" \/> <img decoding=\"async\" class=\"aligncenter size-full wp-image-4351\" src=\"https:\/\/shenhuexcavator.com\/wp-content\/uploads\/2025\/04\/\u5916\u5f624_WH_850x650px.webp\" alt=\"\" width=\"850\" height=\"650\" srcset=\"https:\/\/shenhuexcavator.com\/wp-content\/uploads\/2025\/04\/\u5916\u5f624_WH_850x650px.webp 850w, https:\/\/shenhuexcavator.com\/wp-content\/uploads\/2025\/04\/\u5916\u5f624_WH_850x650px-600x459.webp 600w, https:\/\/shenhuexcavator.com\/wp-content\/uploads\/2025\/04\/\u5916\u5f624_WH_850x650px-300x229.webp 300w, https:\/\/shenhuexcavator.com\/wp-content\/uploads\/2025\/04\/\u5916\u5f624_WH_850x650px-150x115.webp 150w, https:\/\/shenhuexcavator.com\/wp-content\/uploads\/2025\/04\/\u5916\u5f624_WH_850x650px-768x587.webp 768w, https:\/\/shenhuexcavator.com\/wp-content\/uploads\/2025\/04\/\u5916\u5f624_WH_850x650px-16x12.webp 16w\" sizes=\"(max-width: 850px) 100vw, 850px\" \/> <img decoding=\"async\" class=\"aligncenter size-full wp-image-4352\" src=\"https:\/\/shenhuexcavator.com\/wp-content\/uploads\/2025\/04\/\u4eea\u8868\u76d81_WH_850x650px.webp\" alt=\"\" width=\"850\" height=\"650\" srcset=\"https:\/\/shenhuexcavator.com\/wp-content\/uploads\/2025\/04\/\u4eea\u8868\u76d81_WH_850x650px.webp 850w, https:\/\/shenhuexcavator.com\/wp-content\/uploads\/2025\/04\/\u4eea\u8868\u76d81_WH_850x650px-600x459.webp 600w, https:\/\/shenhuexcavator.com\/wp-content\/uploads\/2025\/04\/\u4eea\u8868\u76d81_WH_850x650px-300x229.webp 300w, https:\/\/shenhuexcavator.com\/wp-content\/uploads\/2025\/04\/\u4eea\u8868\u76d81_WH_850x650px-150x115.webp 150w, https:\/\/shenhuexcavator.com\/wp-content\/uploads\/2025\/04\/\u4eea\u8868\u76d81_WH_850x650px-768x587.webp 768w, https:\/\/shenhuexcavator.com\/wp-content\/uploads\/2025\/04\/\u4eea\u8868\u76d81_WH_850x650px-16x12.webp 16w\" sizes=\"(max-width: 850px) 100vw, 850px\" \/> <img loading=\"lazy\" decoding=\"async\" class=\"aligncenter size-full wp-image-4353\" src=\"https:\/\/shenhuexcavator.com\/wp-content\/uploads\/2025\/04\/\u5f15\u64ce1_WH_850x650px.webp\" alt=\"\" width=\"850\" height=\"650\" srcset=\"https:\/\/shenhuexcavator.com\/wp-content\/uploads\/2025\/04\/\u5f15\u64ce1_WH_850x650px.webp 850w, https:\/\/shenhuexcavator.com\/wp-content\/uploads\/2025\/04\/\u5f15\u64ce1_WH_850x650px-600x459.webp 600w, https:\/\/shenhuexcavator.com\/wp-content\/uploads\/2025\/04\/\u5f15\u64ce1_WH_850x650px-300x229.webp 300w, https:\/\/shenhuexcavator.com\/wp-content\/uploads\/2025\/04\/\u5f15\u64ce1_WH_850x650px-150x115.webp 150w, https:\/\/shenhuexcavator.com\/wp-content\/uploads\/2025\/04\/\u5f15\u64ce1_WH_850x650px-768x587.webp 768w, https:\/\/shenhuexcavator.com\/wp-content\/uploads\/2025\/04\/\u5f15\u64ce1_WH_850x650px-16x12.webp 16w\" sizes=\"(max-width: 850px) 100vw, 850px\" \/> <img loading=\"lazy\" decoding=\"async\" class=\"aligncenter size-full wp-image-4354\" src=\"https:\/\/shenhuexcavator.com\/wp-content\/uploads\/2025\/04\/\u5ea7\u4f4d1_WH_850x650px.webp\" alt=\"\" width=\"850\" height=\"650\" srcset=\"https:\/\/shenhuexcavator.com\/wp-content\/uploads\/2025\/04\/\u5ea7\u4f4d1_WH_850x650px.webp 850w, https:\/\/shenhuexcavator.com\/wp-content\/uploads\/2025\/04\/\u5ea7\u4f4d1_WH_850x650px-600x459.webp 600w, https:\/\/shenhuexcavator.com\/wp-content\/uploads\/2025\/04\/\u5ea7\u4f4d1_WH_850x650px-300x229.webp 300w, https:\/\/shenhuexcavator.com\/wp-content\/uploads\/2025\/04\/\u5ea7\u4f4d1_WH_850x650px-150x115.webp 150w, https:\/\/shenhuexcavator.com\/wp-content\/uploads\/2025\/04\/\u5ea7\u4f4d1_WH_850x650px-768x587.webp 768w, https:\/\/shenhuexcavator.com\/wp-content\/uploads\/2025\/04\/\u5ea7\u4f4d1_WH_850x650px-16x12.webp 16w\" sizes=\"(max-width: 850px) 100vw, 850px\" \/><\/p>","protected":false},"excerpt":{"rendered":"<p>\" La Hyundai 305-9 usada es una excavadora de 30 toneladas que cuenta con un motor de 214 CV y 18% m\u00e1s de potencia hidr\u00e1ulica que la serie -7. Su dise\u00f1o de contrapeso mejorado mejora la estabilidad durante la elevaci\u00f3n de cargas pesadas (12,5 toneladas). Compruebe el desgaste de los casquillos del pivote y la eficacia de la bomba hidr\u00e1ulica. La profundidad de excavaci\u00f3n de 7,9 m y la altura de pared de 3,8 m de la 305-9 son adecuadas para la miner\u00eda y la excavaci\u00f3n masiva. Los modelos posteriores incluyen luces de trabajo LED y filtros de aire mejorados\".<\/p>","protected":false},"featured_media":4355,"template":"","meta":[],"product_brand":[55],"product_cat":[120,93,46],"product_tag":[],"class_list":{"0":"post-4220","1":"product","2":"type-product","3":"status-publish","4":"has-post-thumbnail","6":"product_brand-hyundai","7":"product_cat-2020-2023","8":"product_cat-30t","9":"product_cat-used-hyundai-excavator","11":"first","12":"instock","13":"shipping-taxable","14":"purchasable","15":"product-type-simple"},"_links":{"self":[{"href":"https:\/\/shenhuexcavator.com\/es\/wp-json\/wp\/v2\/product\/4220","targetHints":{"allow":["GET"]}}],"collection":[{"href":"https:\/\/shenhuexcavator.com\/es\/wp-json\/wp\/v2\/product"}],"about":[{"href":"https:\/\/shenhuexcavator.com\/es\/wp-json\/wp\/v2\/types\/product"}],"wp:featuredmedia":[{"embeddable":true,"href":"https:\/\/shenhuexcavator.com\/es\/wp-json\/wp\/v2\/media\/4355"}],"wp:attachment":[{"href":"https:\/\/shenhuexcavator.com\/es\/wp-json\/wp\/v2\/media?parent=4220"}],"wp:term":[{"taxonomy":"product_brand","embeddable":true,"href":"https:\/\/shenhuexcavator.com\/es\/wp-json\/wp\/v2\/product_brand?post=4220"},{"taxonomy":"product_cat","embeddable":true,"href":"https:\/\/shenhuexcavator.com\/es\/wp-json\/wp\/v2\/product_cat?post=4220"},{"taxonomy":"product_tag","embeddable":true,"href":"https:\/\/shenhuexcavator.com\/es\/wp-json\/wp\/v2\/product_tag?post=4220"}],"curies":[{"name":"wp","href":"https:\/\/api.w.org\/{rel}","templated":true}]}}