{"id":4224,"date":"2025-04-29T14:38:00","date_gmt":"2025-04-29T06:38:00","guid":{"rendered":"https:\/\/shenhuexcavator.com\/product\/used-hyundai-r210-7-excavator\/"},"modified":"2025-07-17T15:10:22","modified_gmt":"2025-07-17T07:10:22","slug":"used-hyundai-r210-7-excavator","status":"publish","type":"product","link":"https:\/\/shenhuexcavator.com\/es\/producto\/used-hyundai-r210-7-excavator\/","title":{"rendered":"Excavadora usada Hyundai R210-7"},"content":{"rendered":"<p><img fetchpriority=\"high\" decoding=\"async\" class=\"aligncenter size-full wp-image-4263\" src=\"https:\/\/shenhuexcavator.com\/wp-content\/uploads\/2025\/04\/6c4a7741631799cdd8a97f7d672050e_WH_850x650px.webp\" alt=\"\" width=\"850\" height=\"650\" srcset=\"https:\/\/shenhuexcavator.com\/wp-content\/uploads\/2025\/04\/6c4a7741631799cdd8a97f7d672050e_WH_850x650px.webp 850w, https:\/\/shenhuexcavator.com\/wp-content\/uploads\/2025\/04\/6c4a7741631799cdd8a97f7d672050e_WH_850x650px-600x459.webp 600w, https:\/\/shenhuexcavator.com\/wp-content\/uploads\/2025\/04\/6c4a7741631799cdd8a97f7d672050e_WH_850x650px-300x229.webp 300w, https:\/\/shenhuexcavator.com\/wp-content\/uploads\/2025\/04\/6c4a7741631799cdd8a97f7d672050e_WH_850x650px-150x115.webp 150w, https:\/\/shenhuexcavator.com\/wp-content\/uploads\/2025\/04\/6c4a7741631799cdd8a97f7d672050e_WH_850x650px-768x587.webp 768w, https:\/\/shenhuexcavator.com\/wp-content\/uploads\/2025\/04\/6c4a7741631799cdd8a97f7d672050e_WH_850x650px-16x12.webp 16w\" sizes=\"(max-width: 850px) 100vw, 850px\" \/> <img decoding=\"async\" class=\"aligncenter size-full wp-image-4264\" src=\"https:\/\/shenhuexcavator.com\/wp-content\/uploads\/2025\/04\/8a1f0815aa4c812958792bb1ea451cc_WH_850x650px.webp\" alt=\"\" width=\"850\" height=\"650\" srcset=\"https:\/\/shenhuexcavator.com\/wp-content\/uploads\/2025\/04\/8a1f0815aa4c812958792bb1ea451cc_WH_850x650px.webp 850w, https:\/\/shenhuexcavator.com\/wp-content\/uploads\/2025\/04\/8a1f0815aa4c812958792bb1ea451cc_WH_850x650px-600x459.webp 600w, https:\/\/shenhuexcavator.com\/wp-content\/uploads\/2025\/04\/8a1f0815aa4c812958792bb1ea451cc_WH_850x650px-300x229.webp 300w, https:\/\/shenhuexcavator.com\/wp-content\/uploads\/2025\/04\/8a1f0815aa4c812958792bb1ea451cc_WH_850x650px-150x115.webp 150w, https:\/\/shenhuexcavator.com\/wp-content\/uploads\/2025\/04\/8a1f0815aa4c812958792bb1ea451cc_WH_850x650px-768x587.webp 768w, https:\/\/shenhuexcavator.com\/wp-content\/uploads\/2025\/04\/8a1f0815aa4c812958792bb1ea451cc_WH_850x650px-16x12.webp 16w\" sizes=\"(max-width: 850px) 100vw, 850px\" \/> <img decoding=\"async\" class=\"aligncenter size-full wp-image-4265\" src=\"https:\/\/shenhuexcavator.com\/wp-content\/uploads\/2025\/04\/17ea70676e5002818204ca242b63e10_WH_850x650px.webp\" alt=\"\" width=\"850\" height=\"650\" srcset=\"https:\/\/shenhuexcavator.com\/wp-content\/uploads\/2025\/04\/17ea70676e5002818204ca242b63e10_WH_850x650px.webp 850w, https:\/\/shenhuexcavator.com\/wp-content\/uploads\/2025\/04\/17ea70676e5002818204ca242b63e10_WH_850x650px-600x459.webp 600w, https:\/\/shenhuexcavator.com\/wp-content\/uploads\/2025\/04\/17ea70676e5002818204ca242b63e10_WH_850x650px-300x229.webp 300w, https:\/\/shenhuexcavator.com\/wp-content\/uploads\/2025\/04\/17ea70676e5002818204ca242b63e10_WH_850x650px-150x115.webp 150w, https:\/\/shenhuexcavator.com\/wp-content\/uploads\/2025\/04\/17ea70676e5002818204ca242b63e10_WH_850x650px-768x587.webp 768w, https:\/\/shenhuexcavator.com\/wp-content\/uploads\/2025\/04\/17ea70676e5002818204ca242b63e10_WH_850x650px-16x12.webp 16w\" sizes=\"(max-width: 850px) 100vw, 850px\" \/> <img loading=\"lazy\" decoding=\"async\" class=\"aligncenter size-full wp-image-4266\" src=\"https:\/\/shenhuexcavator.com\/wp-content\/uploads\/2025\/04\/22fb74dfc712a4979f3c44a5056b47f_WH_850x650px.webp\" alt=\"\" width=\"850\" height=\"650\" srcset=\"https:\/\/shenhuexcavator.com\/wp-content\/uploads\/2025\/04\/22fb74dfc712a4979f3c44a5056b47f_WH_850x650px.webp 850w, https:\/\/shenhuexcavator.com\/wp-content\/uploads\/2025\/04\/22fb74dfc712a4979f3c44a5056b47f_WH_850x650px-600x459.webp 600w, https:\/\/shenhuexcavator.com\/wp-content\/uploads\/2025\/04\/22fb74dfc712a4979f3c44a5056b47f_WH_850x650px-300x229.webp 300w, https:\/\/shenhuexcavator.com\/wp-content\/uploads\/2025\/04\/22fb74dfc712a4979f3c44a5056b47f_WH_850x650px-150x115.webp 150w, https:\/\/shenhuexcavator.com\/wp-content\/uploads\/2025\/04\/22fb74dfc712a4979f3c44a5056b47f_WH_850x650px-768x587.webp 768w, https:\/\/shenhuexcavator.com\/wp-content\/uploads\/2025\/04\/22fb74dfc712a4979f3c44a5056b47f_WH_850x650px-16x12.webp 16w\" sizes=\"(max-width: 850px) 100vw, 850px\" \/><\/p>","protected":false},"excerpt":{"rendered":"<p>\"La Hyundai R210-7 usada es una excavadora de 21 toneladas que ofrece una gran fuerza de excavaci\u00f3n (cuchara de 148 kN) gracias a su motor de 162 CV. La serie -7 mejor\u00f3 la refrigeraci\u00f3n y la filtraci\u00f3n hidr\u00e1ulica con respecto a los modelos anteriores. Compruebe si hay fugas de aceite alrededor del motor basculante y si las ruedas locas est\u00e1n desgastadas. La profundidad de excavaci\u00f3n de 7,2 m de la R210-7 permite realizar la mayor\u00eda de las tareas generales de construcci\u00f3n. Los controles piloto reducen la fatiga del operador\".<\/p>","protected":false},"featured_media":4267,"template":"","meta":[],"product_brand":[55],"product_cat":[120,78,46],"product_tag":[],"class_list":{"0":"post-4224","1":"product","2":"type-product","3":"status-publish","4":"has-post-thumbnail","6":"product_brand-hyundai","7":"product_cat-2020-2023","8":"product_cat-21t","9":"product_cat-used-hyundai-excavator","11":"first","12":"instock","13":"shipping-taxable","14":"purchasable","15":"product-type-simple"},"_links":{"self":[{"href":"https:\/\/shenhuexcavator.com\/es\/wp-json\/wp\/v2\/product\/4224","targetHints":{"allow":["GET"]}}],"collection":[{"href":"https:\/\/shenhuexcavator.com\/es\/wp-json\/wp\/v2\/product"}],"about":[{"href":"https:\/\/shenhuexcavator.com\/es\/wp-json\/wp\/v2\/types\/product"}],"wp:featuredmedia":[{"embeddable":true,"href":"https:\/\/shenhuexcavator.com\/es\/wp-json\/wp\/v2\/media\/4267"}],"wp:attachment":[{"href":"https:\/\/shenhuexcavator.com\/es\/wp-json\/wp\/v2\/media?parent=4224"}],"wp:term":[{"taxonomy":"product_brand","embeddable":true,"href":"https:\/\/shenhuexcavator.com\/es\/wp-json\/wp\/v2\/product_brand?post=4224"},{"taxonomy":"product_cat","embeddable":true,"href":"https:\/\/shenhuexcavator.com\/es\/wp-json\/wp\/v2\/product_cat?post=4224"},{"taxonomy":"product_tag","embeddable":true,"href":"https:\/\/shenhuexcavator.com\/es\/wp-json\/wp\/v2\/product_tag?post=4224"}],"curies":[{"name":"wp","href":"https:\/\/api.w.org\/{rel}","templated":true}]}}