{"id":4226,"date":"2025-04-29T14:38:00","date_gmt":"2025-04-29T06:38:00","guid":{"rendered":"https:\/\/shenhuexcavator.com\/product\/used-hyundai-r215-9-excavator\/"},"modified":"2025-07-17T15:10:22","modified_gmt":"2025-07-17T07:10:22","slug":"used-hyundai-r215-9-excavator","status":"publish","type":"product","link":"https:\/\/shenhuexcavator.com\/es\/producto\/used-hyundai-r215-9-excavator\/","title":{"rendered":"Excavadora usada Hyundai R215-9"},"content":{"rendered":"<p><img fetchpriority=\"high\" decoding=\"async\" class=\"aligncenter size-full wp-image-4241\" src=\"https:\/\/shenhuexcavator.com\/wp-content\/uploads\/2025\/04\/7c3b86dc5e75fb4bd3f8e794d8c6489_WH_850x650px.webp\" alt=\"\" width=\"850\" height=\"650\" srcset=\"https:\/\/shenhuexcavator.com\/wp-content\/uploads\/2025\/04\/7c3b86dc5e75fb4bd3f8e794d8c6489_WH_850x650px.webp 850w, https:\/\/shenhuexcavator.com\/wp-content\/uploads\/2025\/04\/7c3b86dc5e75fb4bd3f8e794d8c6489_WH_850x650px-600x459.webp 600w, https:\/\/shenhuexcavator.com\/wp-content\/uploads\/2025\/04\/7c3b86dc5e75fb4bd3f8e794d8c6489_WH_850x650px-300x229.webp 300w, https:\/\/shenhuexcavator.com\/wp-content\/uploads\/2025\/04\/7c3b86dc5e75fb4bd3f8e794d8c6489_WH_850x650px-150x115.webp 150w, https:\/\/shenhuexcavator.com\/wp-content\/uploads\/2025\/04\/7c3b86dc5e75fb4bd3f8e794d8c6489_WH_850x650px-768x587.webp 768w, https:\/\/shenhuexcavator.com\/wp-content\/uploads\/2025\/04\/7c3b86dc5e75fb4bd3f8e794d8c6489_WH_850x650px-16x12.webp 16w\" sizes=\"(max-width: 850px) 100vw, 850px\" \/> <img decoding=\"async\" class=\"aligncenter size-full wp-image-4242\" src=\"https:\/\/shenhuexcavator.com\/wp-content\/uploads\/2025\/04\/32d08755a0d78574bb5f0de54c251f9_WH_850x650px.webp\" alt=\"\" width=\"850\" height=\"650\" srcset=\"https:\/\/shenhuexcavator.com\/wp-content\/uploads\/2025\/04\/32d08755a0d78574bb5f0de54c251f9_WH_850x650px.webp 850w, https:\/\/shenhuexcavator.com\/wp-content\/uploads\/2025\/04\/32d08755a0d78574bb5f0de54c251f9_WH_850x650px-600x459.webp 600w, https:\/\/shenhuexcavator.com\/wp-content\/uploads\/2025\/04\/32d08755a0d78574bb5f0de54c251f9_WH_850x650px-300x229.webp 300w, https:\/\/shenhuexcavator.com\/wp-content\/uploads\/2025\/04\/32d08755a0d78574bb5f0de54c251f9_WH_850x650px-150x115.webp 150w, https:\/\/shenhuexcavator.com\/wp-content\/uploads\/2025\/04\/32d08755a0d78574bb5f0de54c251f9_WH_850x650px-768x587.webp 768w, https:\/\/shenhuexcavator.com\/wp-content\/uploads\/2025\/04\/32d08755a0d78574bb5f0de54c251f9_WH_850x650px-16x12.webp 16w\" sizes=\"(max-width: 850px) 100vw, 850px\" \/> <img decoding=\"async\" class=\"aligncenter size-full wp-image-4243\" src=\"https:\/\/shenhuexcavator.com\/wp-content\/uploads\/2025\/04\/87bd6d3387b1effed60881f36bb7202_WH_850x650px.webp\" alt=\"\" width=\"850\" height=\"650\" srcset=\"https:\/\/shenhuexcavator.com\/wp-content\/uploads\/2025\/04\/87bd6d3387b1effed60881f36bb7202_WH_850x650px.webp 850w, https:\/\/shenhuexcavator.com\/wp-content\/uploads\/2025\/04\/87bd6d3387b1effed60881f36bb7202_WH_850x650px-600x459.webp 600w, https:\/\/shenhuexcavator.com\/wp-content\/uploads\/2025\/04\/87bd6d3387b1effed60881f36bb7202_WH_850x650px-300x229.webp 300w, https:\/\/shenhuexcavator.com\/wp-content\/uploads\/2025\/04\/87bd6d3387b1effed60881f36bb7202_WH_850x650px-150x115.webp 150w, https:\/\/shenhuexcavator.com\/wp-content\/uploads\/2025\/04\/87bd6d3387b1effed60881f36bb7202_WH_850x650px-768x587.webp 768w, https:\/\/shenhuexcavator.com\/wp-content\/uploads\/2025\/04\/87bd6d3387b1effed60881f36bb7202_WH_850x650px-16x12.webp 16w\" sizes=\"(max-width: 850px) 100vw, 850px\" \/> <img loading=\"lazy\" decoding=\"async\" class=\"aligncenter size-full wp-image-4244\" src=\"https:\/\/shenhuexcavator.com\/wp-content\/uploads\/2025\/04\/a82f8988b1b60d99deba68eb2d28b54_WH_850x650px.webp\" alt=\"\" width=\"850\" height=\"650\" srcset=\"https:\/\/shenhuexcavator.com\/wp-content\/uploads\/2025\/04\/a82f8988b1b60d99deba68eb2d28b54_WH_850x650px.webp 850w, https:\/\/shenhuexcavator.com\/wp-content\/uploads\/2025\/04\/a82f8988b1b60d99deba68eb2d28b54_WH_850x650px-600x459.webp 600w, https:\/\/shenhuexcavator.com\/wp-content\/uploads\/2025\/04\/a82f8988b1b60d99deba68eb2d28b54_WH_850x650px-300x229.webp 300w, https:\/\/shenhuexcavator.com\/wp-content\/uploads\/2025\/04\/a82f8988b1b60d99deba68eb2d28b54_WH_850x650px-150x115.webp 150w, https:\/\/shenhuexcavator.com\/wp-content\/uploads\/2025\/04\/a82f8988b1b60d99deba68eb2d28b54_WH_850x650px-768x587.webp 768w, https:\/\/shenhuexcavator.com\/wp-content\/uploads\/2025\/04\/a82f8988b1b60d99deba68eb2d28b54_WH_850x650px-16x12.webp 16w\" sizes=\"(max-width: 850px) 100vw, 850px\" \/> <img loading=\"lazy\" decoding=\"async\" class=\"aligncenter size-full wp-image-4245\" src=\"https:\/\/shenhuexcavator.com\/wp-content\/uploads\/2025\/04\/dda24d7d462510be5d77de016dd86cd_WH_850x650px.webp\" alt=\"\" width=\"850\" height=\"650\" srcset=\"https:\/\/shenhuexcavator.com\/wp-content\/uploads\/2025\/04\/dda24d7d462510be5d77de016dd86cd_WH_850x650px.webp 850w, https:\/\/shenhuexcavator.com\/wp-content\/uploads\/2025\/04\/dda24d7d462510be5d77de016dd86cd_WH_850x650px-600x459.webp 600w, https:\/\/shenhuexcavator.com\/wp-content\/uploads\/2025\/04\/dda24d7d462510be5d77de016dd86cd_WH_850x650px-300x229.webp 300w, https:\/\/shenhuexcavator.com\/wp-content\/uploads\/2025\/04\/dda24d7d462510be5d77de016dd86cd_WH_850x650px-150x115.webp 150w, https:\/\/shenhuexcavator.com\/wp-content\/uploads\/2025\/04\/dda24d7d462510be5d77de016dd86cd_WH_850x650px-768x587.webp 768w, https:\/\/shenhuexcavator.com\/wp-content\/uploads\/2025\/04\/dda24d7d462510be5d77de016dd86cd_WH_850x650px-16x12.webp 16w\" sizes=\"(max-width: 850px) 100vw, 850px\" \/><\/p>","protected":false},"excerpt":{"rendered":"<p>\"La Hyundai R215-9 usada es el modelo actualizado de 22 toneladas que ofrece 10% mejor eficiencia de combustible a trav\u00e9s del modo ECO. Su motor de 170 CV cumple la normativa Tier 4 Final con necesidades m\u00ednimas de regeneraci\u00f3n. Compruebe el inyector de DEF y el postenfriador en las unidades con muchas horas de funcionamiento. La profundidad de excavaci\u00f3n de 7,5 m y la ergonom\u00eda mejorada de la cabina de la R215-9 la convierten en una de las favoritas de los contratistas\".<\/p>","protected":false},"featured_media":4246,"template":"","meta":[],"product_brand":[55],"product_cat":[120,78,46],"product_tag":[],"class_list":{"0":"post-4226","1":"product","2":"type-product","3":"status-publish","4":"has-post-thumbnail","6":"product_brand-hyundai","7":"product_cat-2020-2023","8":"product_cat-21t","9":"product_cat-used-hyundai-excavator","11":"first","12":"instock","13":"shipping-taxable","14":"purchasable","15":"product-type-simple"},"_links":{"self":[{"href":"https:\/\/shenhuexcavator.com\/es\/wp-json\/wp\/v2\/product\/4226","targetHints":{"allow":["GET"]}}],"collection":[{"href":"https:\/\/shenhuexcavator.com\/es\/wp-json\/wp\/v2\/product"}],"about":[{"href":"https:\/\/shenhuexcavator.com\/es\/wp-json\/wp\/v2\/types\/product"}],"wp:featuredmedia":[{"embeddable":true,"href":"https:\/\/shenhuexcavator.com\/es\/wp-json\/wp\/v2\/media\/4246"}],"wp:attachment":[{"href":"https:\/\/shenhuexcavator.com\/es\/wp-json\/wp\/v2\/media?parent=4226"}],"wp:term":[{"taxonomy":"product_brand","embeddable":true,"href":"https:\/\/shenhuexcavator.com\/es\/wp-json\/wp\/v2\/product_brand?post=4226"},{"taxonomy":"product_cat","embeddable":true,"href":"https:\/\/shenhuexcavator.com\/es\/wp-json\/wp\/v2\/product_cat?post=4226"},{"taxonomy":"product_tag","embeddable":true,"href":"https:\/\/shenhuexcavator.com\/es\/wp-json\/wp\/v2\/product_tag?post=4226"}],"curies":[{"name":"wp","href":"https:\/\/api.w.org\/{rel}","templated":true}]}}