{"id":4477,"date":"2025-04-30T15:21:00","date_gmt":"2025-04-30T07:21:00","guid":{"rendered":"https:\/\/shenhuexcavator.com\/?post_type=product&#038;p=4477"},"modified":"2025-07-17T15:10:24","modified_gmt":"2025-07-17T07:10:24","slug":"used-kobelco-sk125sr-excavator","status":"publish","type":"product","link":"https:\/\/shenhuexcavator.com\/es\/producto\/used-kobelco-sk125sr-excavator\/","title":{"rendered":"Excavadora de ocasi\u00f3n Kobelco SK125SR"},"content":{"rendered":"<p><img fetchpriority=\"high\" decoding=\"async\" class=\"aligncenter size-full wp-image-4478\" src=\"https:\/\/shenhuexcavator.com\/wp-content\/uploads\/2025\/04\/314f2115994bda52f4905b03822d5fb_WH_850x650px.webp\" alt=\"\" width=\"850\" height=\"650\" srcset=\"https:\/\/shenhuexcavator.com\/wp-content\/uploads\/2025\/04\/314f2115994bda52f4905b03822d5fb_WH_850x650px.webp 850w, https:\/\/shenhuexcavator.com\/wp-content\/uploads\/2025\/04\/314f2115994bda52f4905b03822d5fb_WH_850x650px-600x459.webp 600w, https:\/\/shenhuexcavator.com\/wp-content\/uploads\/2025\/04\/314f2115994bda52f4905b03822d5fb_WH_850x650px-300x229.webp 300w, https:\/\/shenhuexcavator.com\/wp-content\/uploads\/2025\/04\/314f2115994bda52f4905b03822d5fb_WH_850x650px-150x115.webp 150w, https:\/\/shenhuexcavator.com\/wp-content\/uploads\/2025\/04\/314f2115994bda52f4905b03822d5fb_WH_850x650px-768x587.webp 768w, https:\/\/shenhuexcavator.com\/wp-content\/uploads\/2025\/04\/314f2115994bda52f4905b03822d5fb_WH_850x650px-16x12.webp 16w\" sizes=\"(max-width: 850px) 100vw, 850px\" \/> <img decoding=\"async\" class=\"aligncenter size-full wp-image-4479\" src=\"https:\/\/shenhuexcavator.com\/wp-content\/uploads\/2025\/04\/bb2a284e2b9859556b74af04f543555_WH_850x650px.webp\" alt=\"\" width=\"850\" height=\"650\" srcset=\"https:\/\/shenhuexcavator.com\/wp-content\/uploads\/2025\/04\/bb2a284e2b9859556b74af04f543555_WH_850x650px.webp 850w, https:\/\/shenhuexcavator.com\/wp-content\/uploads\/2025\/04\/bb2a284e2b9859556b74af04f543555_WH_850x650px-600x459.webp 600w, https:\/\/shenhuexcavator.com\/wp-content\/uploads\/2025\/04\/bb2a284e2b9859556b74af04f543555_WH_850x650px-300x229.webp 300w, https:\/\/shenhuexcavator.com\/wp-content\/uploads\/2025\/04\/bb2a284e2b9859556b74af04f543555_WH_850x650px-150x115.webp 150w, https:\/\/shenhuexcavator.com\/wp-content\/uploads\/2025\/04\/bb2a284e2b9859556b74af04f543555_WH_850x650px-768x587.webp 768w, https:\/\/shenhuexcavator.com\/wp-content\/uploads\/2025\/04\/bb2a284e2b9859556b74af04f543555_WH_850x650px-16x12.webp 16w\" sizes=\"(max-width: 850px) 100vw, 850px\" \/> <img decoding=\"async\" class=\"aligncenter size-full wp-image-4480\" src=\"https:\/\/shenhuexcavator.com\/wp-content\/uploads\/2025\/04\/cd84bf0edf1ff7c6c92ba54104a1be3_WH_850x650px.webp\" alt=\"\" width=\"850\" height=\"650\" srcset=\"https:\/\/shenhuexcavator.com\/wp-content\/uploads\/2025\/04\/cd84bf0edf1ff7c6c92ba54104a1be3_WH_850x650px.webp 850w, https:\/\/shenhuexcavator.com\/wp-content\/uploads\/2025\/04\/cd84bf0edf1ff7c6c92ba54104a1be3_WH_850x650px-600x459.webp 600w, https:\/\/shenhuexcavator.com\/wp-content\/uploads\/2025\/04\/cd84bf0edf1ff7c6c92ba54104a1be3_WH_850x650px-300x229.webp 300w, https:\/\/shenhuexcavator.com\/wp-content\/uploads\/2025\/04\/cd84bf0edf1ff7c6c92ba54104a1be3_WH_850x650px-150x115.webp 150w, https:\/\/shenhuexcavator.com\/wp-content\/uploads\/2025\/04\/cd84bf0edf1ff7c6c92ba54104a1be3_WH_850x650px-768x587.webp 768w, https:\/\/shenhuexcavator.com\/wp-content\/uploads\/2025\/04\/cd84bf0edf1ff7c6c92ba54104a1be3_WH_850x650px-16x12.webp 16w\" sizes=\"(max-width: 850px) 100vw, 850px\" \/> <img loading=\"lazy\" decoding=\"async\" class=\"aligncenter size-full wp-image-4481\" src=\"https:\/\/shenhuexcavator.com\/wp-content\/uploads\/2025\/04\/e5020bb03f1ad8d82a3ca7cee514b64_WH_850x650px.webp\" alt=\"\" width=\"850\" height=\"650\" srcset=\"https:\/\/shenhuexcavator.com\/wp-content\/uploads\/2025\/04\/e5020bb03f1ad8d82a3ca7cee514b64_WH_850x650px.webp 850w, https:\/\/shenhuexcavator.com\/wp-content\/uploads\/2025\/04\/e5020bb03f1ad8d82a3ca7cee514b64_WH_850x650px-600x459.webp 600w, https:\/\/shenhuexcavator.com\/wp-content\/uploads\/2025\/04\/e5020bb03f1ad8d82a3ca7cee514b64_WH_850x650px-300x229.webp 300w, https:\/\/shenhuexcavator.com\/wp-content\/uploads\/2025\/04\/e5020bb03f1ad8d82a3ca7cee514b64_WH_850x650px-150x115.webp 150w, https:\/\/shenhuexcavator.com\/wp-content\/uploads\/2025\/04\/e5020bb03f1ad8d82a3ca7cee514b64_WH_850x650px-768x587.webp 768w, https:\/\/shenhuexcavator.com\/wp-content\/uploads\/2025\/04\/e5020bb03f1ad8d82a3ca7cee514b64_WH_850x650px-16x12.webp 16w\" sizes=\"(max-width: 850px) 100vw, 850px\" \/> <img loading=\"lazy\" decoding=\"async\" class=\"aligncenter size-full wp-image-4482\" src=\"https:\/\/shenhuexcavator.com\/wp-content\/uploads\/2025\/04\/fdf80928e82b07003b974cdc544c6da_WH_850x650px.webp\" alt=\"\" width=\"850\" height=\"650\" srcset=\"https:\/\/shenhuexcavator.com\/wp-content\/uploads\/2025\/04\/fdf80928e82b07003b974cdc544c6da_WH_850x650px.webp 850w, https:\/\/shenhuexcavator.com\/wp-content\/uploads\/2025\/04\/fdf80928e82b07003b974cdc544c6da_WH_850x650px-600x459.webp 600w, https:\/\/shenhuexcavator.com\/wp-content\/uploads\/2025\/04\/fdf80928e82b07003b974cdc544c6da_WH_850x650px-300x229.webp 300w, https:\/\/shenhuexcavator.com\/wp-content\/uploads\/2025\/04\/fdf80928e82b07003b974cdc544c6da_WH_850x650px-150x115.webp 150w, https:\/\/shenhuexcavator.com\/wp-content\/uploads\/2025\/04\/fdf80928e82b07003b974cdc544c6da_WH_850x650px-768x587.webp 768w, https:\/\/shenhuexcavator.com\/wp-content\/uploads\/2025\/04\/fdf80928e82b07003b974cdc544c6da_WH_850x650px-16x12.webp 16w\" sizes=\"(max-width: 850px) 100vw, 850px\" \/><\/p>","protected":false},"excerpt":{"rendered":"<p>\"Excavadora Usada Kobelco SK125SR,Una excavadora de radio corto de 12 toneladas que ofrece una excelente maniobrabilidad en espacios reducidos. La SK125SR cuenta con el avanzado sistema hidr\u00e1ulico de Kobelco para un funcionamiento suave y preciso. Su motor de 68 kW proporciona un gran rendimiento manteniendo la eficiencia del combustible. Las unidades usadas deben revisarse para comprobar el estado del tren de rodaje y de los componentes hidr\u00e1ulicos. El dise\u00f1o compacto de la m\u00e1quina la hace popular para la construcci\u00f3n urbana y los trabajos de servicios p\u00fablicos.\"<\/p>","protected":false},"featured_media":4484,"template":"","meta":[],"product_brand":[53],"product_cat":[82,120,49],"product_tag":[],"class_list":{"0":"post-4477","1":"product","2":"type-product","3":"status-publish","4":"has-post-thumbnail","6":"product_brand-kobelco","7":"product_cat-12t","8":"product_cat-2020-2023","9":"product_cat-used-kobelco-excavator","11":"first","12":"instock","13":"shipping-taxable","14":"purchasable","15":"product-type-simple"},"_links":{"self":[{"href":"https:\/\/shenhuexcavator.com\/es\/wp-json\/wp\/v2\/product\/4477","targetHints":{"allow":["GET"]}}],"collection":[{"href":"https:\/\/shenhuexcavator.com\/es\/wp-json\/wp\/v2\/product"}],"about":[{"href":"https:\/\/shenhuexcavator.com\/es\/wp-json\/wp\/v2\/types\/product"}],"wp:featuredmedia":[{"embeddable":true,"href":"https:\/\/shenhuexcavator.com\/es\/wp-json\/wp\/v2\/media\/4484"}],"wp:attachment":[{"href":"https:\/\/shenhuexcavator.com\/es\/wp-json\/wp\/v2\/media?parent=4477"}],"wp:term":[{"taxonomy":"product_brand","embeddable":true,"href":"https:\/\/shenhuexcavator.com\/es\/wp-json\/wp\/v2\/product_brand?post=4477"},{"taxonomy":"product_cat","embeddable":true,"href":"https:\/\/shenhuexcavator.com\/es\/wp-json\/wp\/v2\/product_cat?post=4477"},{"taxonomy":"product_tag","embeddable":true,"href":"https:\/\/shenhuexcavator.com\/es\/wp-json\/wp\/v2\/product_tag?post=4477"}],"curies":[{"name":"wp","href":"https:\/\/api.w.org\/{rel}","templated":true}]}}