{"id":4933,"date":"2025-07-17T11:08:00","date_gmt":"2025-07-17T03:08:00","guid":{"rendered":"https:\/\/shenhuexcavator.com\/?post_type=product&#038;p=4933"},"modified":"2025-07-17T15:10:25","modified_gmt":"2025-07-17T07:10:25","slug":"used-doosan-dx340-excavator","status":"publish","type":"product","link":"https:\/\/shenhuexcavator.com\/es\/producto\/used-doosan-dx340-excavator\/","title":{"rendered":"Excavadora usada Doosan dx340"},"content":{"rendered":"<h4>Doosan DX340 Excavadora - Especificaciones principales<\/h4>\n<ul>\n<li>Motor:\n<ul>\n<li>Modelo: Doosan DL08V (cumple con Tier 4 Final\/Fase V)<\/li>\n<li>Potencia: 202 kW (271 CV) a 1.900 rpm<\/li>\n<li>Capacidad de combustible: 600 L<\/li>\n<\/ul>\n<\/li>\n<li>Peso operativo: 38.000 kg (38 toneladas)<\/li>\n<li>Capacidad de la cuchara: 1,2-1,6 m\u00b3 (est\u00e1ndar)<\/li>\n<li>Profundidad m\u00e1xima de excavaci\u00f3n: 7,92 m<\/li>\n<li>Alcance m\u00e1ximo: 11,1 m (36,4 pies)<\/li>\n<li>Sistema hidr\u00e1ulico:\n<ul>\n<li>Caudal de la bomba: 2 \u00d7 300 L\/min<\/li>\n<li>Presi\u00f3n del sistema: 34,3 MPa (4.975 psi)<\/li>\n<\/ul>\n<\/li>\n<li>Ancho de v\u00eda: 800 mm (est\u00e1ndar) \/ 900 mm (opcional)<\/li>\n<\/ul>","protected":false},"excerpt":{"rendered":"<p>Excavadora de cadenas Doosan DX340 - Clase 38 toneladas, motor de 202 kW (271 CV), cuchara de 1,6 m\u00b3. Dise\u00f1ada para miner\u00eda, construcci\u00f3n pesada y movimiento de tierras a gran escala con una potencia y durabilidad superiores.<\/p>","protected":false},"featured_media":4935,"template":"","meta":[],"product_brand":[],"product_cat":[87,120,117],"product_tag":[],"class_list":{"0":"post-4933","1":"product","2":"type-product","3":"status-publish","4":"has-post-thumbnail","6":"product_cat-38t","7":"product_cat-2020-2023","8":"product_cat-usd-doosan-excavator-used-excavator","10":"first","11":"instock","12":"shipping-taxable","13":"purchasable","14":"product-type-simple"},"_links":{"self":[{"href":"https:\/\/shenhuexcavator.com\/es\/wp-json\/wp\/v2\/product\/4933","targetHints":{"allow":["GET"]}}],"collection":[{"href":"https:\/\/shenhuexcavator.com\/es\/wp-json\/wp\/v2\/product"}],"about":[{"href":"https:\/\/shenhuexcavator.com\/es\/wp-json\/wp\/v2\/types\/product"}],"wp:featuredmedia":[{"embeddable":true,"href":"https:\/\/shenhuexcavator.com\/es\/wp-json\/wp\/v2\/media\/4935"}],"wp:attachment":[{"href":"https:\/\/shenhuexcavator.com\/es\/wp-json\/wp\/v2\/media?parent=4933"}],"wp:term":[{"taxonomy":"product_brand","embeddable":true,"href":"https:\/\/shenhuexcavator.com\/es\/wp-json\/wp\/v2\/product_brand?post=4933"},{"taxonomy":"product_cat","embeddable":true,"href":"https:\/\/shenhuexcavator.com\/es\/wp-json\/wp\/v2\/product_cat?post=4933"},{"taxonomy":"product_tag","embeddable":true,"href":"https:\/\/shenhuexcavator.com\/es\/wp-json\/wp\/v2\/product_tag?post=4933"}],"curies":[{"name":"wp","href":"https:\/\/api.w.org\/{rel}","templated":true}]}}