{"id":4943,"date":"2025-07-17T11:18:20","date_gmt":"2025-07-17T03:18:20","guid":{"rendered":"https:\/\/shenhuexcavator.com\/?post_type=product&#038;p=4943"},"modified":"2025-07-17T15:10:25","modified_gmt":"2025-07-17T07:10:25","slug":"used-yanmar-80-excavator","status":"publish","type":"product","link":"https:\/\/shenhuexcavator.com\/es\/producto\/used-yanmar-80-excavator\/","title":{"rendered":"Excavadora 80 Yanmar usada"},"content":{"rendered":"<h4>Miniexcavadora Yanmar SV80-1 - Especificaciones principales<\/h4>\n<ul>\n<li>Motor:\n<ul>\n<li>Modelo: Yanmar 4TNV98 (cumple con Tier 4 Final)<\/li>\n<li>Potencia: 41 kW (55 CV)<\/li>\n<li>Capacidad de combustible: 90 L<\/li>\n<\/ul>\n<\/li>\n<li>Peso operativo: 8.000 kg (8 toneladas)<\/li>\n<li>Capacidad de la cuchara: 0,28 m\u00b3 (est\u00e1ndar)<\/li>\n<li>Profundidad m\u00e1xima de excavaci\u00f3n: 4,2 m<\/li>\n<li>Alcance m\u00e1ximo: 6,7 m<\/li>\n<li>Sistema hidr\u00e1ulico:\n<ul>\n<li>Caudal de la bomba: 2 \u00d7 60 L\/min<\/li>\n<li>Presi\u00f3n del sistema: 24,5 MPa (3.553 psi)<\/li>\n<\/ul>\n<\/li>\n<li>Ancho de v\u00eda: 450 mm (est\u00e1ndar)<\/li>\n<\/ul>","protected":false},"excerpt":{"rendered":"<p>Miniexcavadora Yanmar SV80-1 - clase 8 toneladas, motor Yanmar de 55 CV, cuchara de 0,28 m\u00b3. Ideal para construcci\u00f3n urbana, paisajismo y trabajos de servicios p\u00fablicos con dise\u00f1o de giro de voladizo cero.<\/p>","protected":false},"featured_media":4947,"template":"","meta":[],"product_brand":[],"product_cat":[90,120,113],"product_tag":[],"class_list":{"0":"post-4943","1":"product","2":"type-product","3":"status-publish","4":"has-post-thumbnail","6":"product_cat-8t","7":"product_cat-2020-2023","8":"product_cat-used-yanmar-excavator","10":"first","11":"instock","12":"shipping-taxable","13":"purchasable","14":"product-type-simple"},"_links":{"self":[{"href":"https:\/\/shenhuexcavator.com\/es\/wp-json\/wp\/v2\/product\/4943","targetHints":{"allow":["GET"]}}],"collection":[{"href":"https:\/\/shenhuexcavator.com\/es\/wp-json\/wp\/v2\/product"}],"about":[{"href":"https:\/\/shenhuexcavator.com\/es\/wp-json\/wp\/v2\/types\/product"}],"wp:featuredmedia":[{"embeddable":true,"href":"https:\/\/shenhuexcavator.com\/es\/wp-json\/wp\/v2\/media\/4947"}],"wp:attachment":[{"href":"https:\/\/shenhuexcavator.com\/es\/wp-json\/wp\/v2\/media?parent=4943"}],"wp:term":[{"taxonomy":"product_brand","embeddable":true,"href":"https:\/\/shenhuexcavator.com\/es\/wp-json\/wp\/v2\/product_brand?post=4943"},{"taxonomy":"product_cat","embeddable":true,"href":"https:\/\/shenhuexcavator.com\/es\/wp-json\/wp\/v2\/product_cat?post=4943"},{"taxonomy":"product_tag","embeddable":true,"href":"https:\/\/shenhuexcavator.com\/es\/wp-json\/wp\/v2\/product_tag?post=4943"}],"curies":[{"name":"wp","href":"https:\/\/api.w.org\/{rel}","templated":true}]}}