{"id":4965,"date":"2025-07-17T11:30:00","date_gmt":"2025-07-17T03:30:00","guid":{"rendered":"https:\/\/shenhuexcavator.com\/?post_type=product&#038;p=4965"},"modified":"2025-07-22T14:36:55","modified_gmt":"2025-07-22T06:36:55","slug":"used-cat-330bl-excavator","status":"publish","type":"product","link":"https:\/\/shenhuexcavator.com\/es\/producto\/used-cat-330bl-excavator\/","title":{"rendered":"Excavadora usada Cat 330BL"},"content":{"rendered":"<h4>Excavadora 330BL Cat\u00ae - Especificaciones principales<\/h4>\n<ul>\n<li>Motor:\n<ul>\n<li>Modelo: Cat 3306 (cumple con Tier 1)<\/li>\n<li>Potencia: 162 kW (217 CV) a 1.800 rpm<\/li>\n<li>Capacidad de combustible: 500 L<\/li>\n<\/ul>\n<\/li>\n<li>Peso operativo: 30.000 kg (30 toneladas)<\/li>\n<li>Capacidad de la cuchara: 1,0-1,4 m\u00b3 (est\u00e1ndar)<\/li>\n<li>Profundidad m\u00e1xima de excavaci\u00f3n: 7,3 m<\/li>\n<li>Alcance m\u00e1ximo: 10,2 m (33,5 pies)<\/li>\n<li>Sistema hidr\u00e1ulico:\n<ul>\n<li>Caudal de la bomba: 2 \u00d7 212 L\/min<\/li>\n<li>Presi\u00f3n del sistema: 34,3 MPa (4.975 psi)<\/li>\n<\/ul>\n<\/li>\n<li>Ancho de v\u00eda: 600 mm (est\u00e1ndar) \/ 800 mm (opcional)<\/li>\n<\/ul>","protected":false},"excerpt":{"rendered":"<p>Excavadora Cat\u00ae 330BL - clase de 30 toneladas, motor de 162 kW (217 CV), cuchar\u00f3n de 1,4 m\u00b3. Dise\u00f1ada para la construcci\u00f3n pesada, la explotaci\u00f3n de canteras y el movimiento de tierras a gran escala con una durabilidad superior.<\/p>\n<div id=\"gtx-trans\" style=\"position: absolute; left: -93px; top: -9.50391px;\">\n<div class=\"gtx-trans-icon\"><\/div>\n<\/div>","protected":false},"featured_media":4970,"template":"","meta":[],"product_brand":[54],"product_cat":[45],"product_tag":[],"class_list":{"0":"post-4965","1":"product","2":"type-product","3":"status-publish","4":"has-post-thumbnail","6":"product_brand-caterpillar","7":"product_cat-used-caterpillar-excavator","9":"first","10":"instock","11":"shipping-taxable","12":"purchasable","13":"product-type-simple"},"_links":{"self":[{"href":"https:\/\/shenhuexcavator.com\/es\/wp-json\/wp\/v2\/product\/4965","targetHints":{"allow":["GET"]}}],"collection":[{"href":"https:\/\/shenhuexcavator.com\/es\/wp-json\/wp\/v2\/product"}],"about":[{"href":"https:\/\/shenhuexcavator.com\/es\/wp-json\/wp\/v2\/types\/product"}],"wp:featuredmedia":[{"embeddable":true,"href":"https:\/\/shenhuexcavator.com\/es\/wp-json\/wp\/v2\/media\/4970"}],"wp:attachment":[{"href":"https:\/\/shenhuexcavator.com\/es\/wp-json\/wp\/v2\/media?parent=4965"}],"wp:term":[{"taxonomy":"product_brand","embeddable":true,"href":"https:\/\/shenhuexcavator.com\/es\/wp-json\/wp\/v2\/product_brand?post=4965"},{"taxonomy":"product_cat","embeddable":true,"href":"https:\/\/shenhuexcavator.com\/es\/wp-json\/wp\/v2\/product_cat?post=4965"},{"taxonomy":"product_tag","embeddable":true,"href":"https:\/\/shenhuexcavator.com\/es\/wp-json\/wp\/v2\/product_tag?post=4965"}],"curies":[{"name":"wp","href":"https:\/\/api.w.org\/{rel}","templated":true}]}}