{"id":2250,"date":"2025-02-25T14:25:00","date_gmt":"2025-02-25T06:25:00","guid":{"rendered":"https:\/\/shenhuexcavator.com\/?post_type=product&#038;p=2250"},"modified":"2025-07-17T15:09:52","modified_gmt":"2025-07-17T07:09:52","slug":"used-hitachi-zx50-excavator","status":"publish","type":"product","link":"https:\/\/shenhuexcavator.com\/fr\/produit\/used-hitachi-zx50-excavator\/","title":{"rendered":"Pelle Hitachi ZX50 d'occasion"},"content":{"rendered":"<p><img fetchpriority=\"high\" decoding=\"async\" class=\"aligncenter size-full wp-image-2257\" src=\"https:\/\/shenhuexcavator.com\/wp-content\/uploads\/2025\/02\/32743b1a060b7157a29dd2943166352.jpg\" alt=\"\" width=\"850\" height=\"650\"> <img decoding=\"async\" class=\"aligncenter size-full wp-image-2258\" src=\"https:\/\/shenhuexcavator.com\/wp-content\/uploads\/2025\/02\/a5fc97a36d28d16105a4da3aecee6f8.jpg\" alt=\"\" width=\"850\" height=\"650\"> <img decoding=\"async\" class=\"aligncenter size-full wp-image-2259\" src=\"https:\/\/shenhuexcavator.com\/wp-content\/uploads\/2025\/02\/bef072fce00b0a6bb34d10dbeb6e519.jpg\" alt=\"\" width=\"850\" height=\"650\"> <img loading=\"lazy\" decoding=\"async\" class=\"aligncenter size-full wp-image-2260\" src=\"https:\/\/shenhuexcavator.com\/wp-content\/uploads\/2025\/02\/f47b1cfd628940fdb0d4370c8f3276f.jpg\" alt=\"\" width=\"850\" height=\"650\"><\/p>","protected":false},"excerpt":{"rendered":"<p>La pelle Hitachi ZX50 d'occasion est une machine de taille et de puissance sup\u00e9rieures, con\u00e7ue pour les t\u00e2ches moyennes. Avec un poids en ordre de marche de 3830 kg et une capacit\u00e9 de godet de 0,11 m\u00e8tre cube, elle est id\u00e9ale pour les op\u00e9rations de creusement, de levage et de chargement. Son moteur de 21,2 kW offre des performances fiables, tandis que sa conception compacte permet de l'utiliser facilement dans les espaces restreints. La ZX50 est particuli\u00e8rement adapt\u00e9e aux chantiers urbains o\u00f9 l'espace est limit\u00e9 mais o\u00f9 la puissance et l'efficacit\u00e9 sont toujours requises.<\/p>","protected":false},"featured_media":2251,"template":"","meta":[],"product_brand":[40],"product_cat":[120,80,39],"product_tag":[],"class_list":{"0":"post-2250","1":"product","2":"type-product","3":"status-publish","4":"has-post-thumbnail","6":"product_brand-hitachi","7":"product_cat-2020-2023","8":"product_cat-5t","9":"product_cat-used-hitachi-excavator","11":"first","12":"instock","13":"shipping-taxable","14":"purchasable","15":"product-type-simple"},"_links":{"self":[{"href":"https:\/\/shenhuexcavator.com\/fr\/wp-json\/wp\/v2\/product\/2250","targetHints":{"allow":["GET"]}}],"collection":[{"href":"https:\/\/shenhuexcavator.com\/fr\/wp-json\/wp\/v2\/product"}],"about":[{"href":"https:\/\/shenhuexcavator.com\/fr\/wp-json\/wp\/v2\/types\/product"}],"wp:featuredmedia":[{"embeddable":true,"href":"https:\/\/shenhuexcavator.com\/fr\/wp-json\/wp\/v2\/media\/2251"}],"wp:attachment":[{"href":"https:\/\/shenhuexcavator.com\/fr\/wp-json\/wp\/v2\/media?parent=2250"}],"wp:term":[{"taxonomy":"product_brand","embeddable":true,"href":"https:\/\/shenhuexcavator.com\/fr\/wp-json\/wp\/v2\/product_brand?post=2250"},{"taxonomy":"product_cat","embeddable":true,"href":"https:\/\/shenhuexcavator.com\/fr\/wp-json\/wp\/v2\/product_cat?post=2250"},{"taxonomy":"product_tag","embeddable":true,"href":"https:\/\/shenhuexcavator.com\/fr\/wp-json\/wp\/v2\/product_tag?post=2250"}],"curies":[{"name":"wp","href":"https:\/\/api.w.org\/{rel}","templated":true}]}}