{"id":2313,"date":"2025-02-25T15:15:00","date_gmt":"2025-02-25T07:15:00","guid":{"rendered":"https:\/\/shenhuexcavator.com\/?post_type=product&#038;p=2313"},"modified":"2025-07-17T15:09:53","modified_gmt":"2025-07-17T07:09:53","slug":"used-hitachi-zx120-excavator","status":"publish","type":"product","link":"https:\/\/shenhuexcavator.com\/fr\/produit\/used-hitachi-zx120-excavator\/","title":{"rendered":"Pelle Hitachi ZX120 d'occasion"},"content":{"rendered":"<p><img fetchpriority=\"high\" decoding=\"async\" class=\"aligncenter size-full wp-image-2314\" src=\"https:\/\/shenhuexcavator.com\/wp-content\/uploads\/2025\/02\/\u8868\u76d81.jpg\" alt=\"\" width=\"850\" height=\"650\"> <img decoding=\"async\" class=\"aligncenter size-full wp-image-2315\" src=\"https:\/\/shenhuexcavator.com\/wp-content\/uploads\/2025\/02\/\u96f6\u4ef61.jpg\" alt=\"\" width=\"850\" height=\"650\"> <img decoding=\"async\" class=\"aligncenter size-full wp-image-2316\" src=\"https:\/\/shenhuexcavator.com\/wp-content\/uploads\/2025\/02\/\u96f6\u4ef63.jpg\" alt=\"\" width=\"850\" height=\"650\"> <img loading=\"lazy\" decoding=\"async\" class=\"aligncenter size-full wp-image-2317\" src=\"https:\/\/shenhuexcavator.com\/wp-content\/uploads\/2025\/02\/\u94ed\u724c1.jpg\" alt=\"\" width=\"850\" height=\"650\"> <img loading=\"lazy\" decoding=\"async\" class=\"aligncenter size-full wp-image-2318\" src=\"https:\/\/shenhuexcavator.com\/wp-content\/uploads\/2025\/02\/\u5ea7\u4f4d1.jpg\" alt=\"\" width=\"850\" height=\"650\"> <img loading=\"lazy\" decoding=\"async\" class=\"aligncenter size-full wp-image-2319\" src=\"https:\/\/shenhuexcavator.com\/wp-content\/uploads\/2025\/02\/\u5ea7\u4f4d2.jpg\" alt=\"\" width=\"850\" height=\"650\"> <img loading=\"lazy\" decoding=\"async\" class=\"aligncenter size-full wp-image-2320\" src=\"https:\/\/shenhuexcavator.com\/wp-content\/uploads\/2025\/02\/\u5ea7\u4f4d3.jpg\" alt=\"\" width=\"850\" height=\"650\"><\/p>","protected":false},"excerpt":{"rendered":"<p>La pelle Hitachi ZX120 d'occasion est une machine puissante con\u00e7ue pour les travaux lourds. Avec un poids en ordre de marche de 12200 kg et une capacit\u00e9 de godet de 0,52 m\u00e8tre cube, elle est parfaite pour les projets d'excavation et de terrassement \u00e0 grande \u00e9chelle. Son moteur de 66 kW offre une puissance exceptionnelle, tandis que sa conception robuste garantit sa durabilit\u00e9 dans des conditions de travail difficiles. La ZX120 est particuli\u00e8rement adapt\u00e9e aux chantiers de construction o\u00f9 la fiabilit\u00e9 et les performances sont essentielles.<\/p>","protected":false},"featured_media":2321,"template":"","meta":[],"product_brand":[40],"product_cat":[82,120,39],"product_tag":[],"class_list":{"0":"post-2313","1":"product","2":"type-product","3":"status-publish","4":"has-post-thumbnail","6":"product_brand-hitachi","7":"product_cat-12t","8":"product_cat-2020-2023","9":"product_cat-used-hitachi-excavator","11":"first","12":"instock","13":"shipping-taxable","14":"purchasable","15":"product-type-simple"},"_links":{"self":[{"href":"https:\/\/shenhuexcavator.com\/fr\/wp-json\/wp\/v2\/product\/2313","targetHints":{"allow":["GET"]}}],"collection":[{"href":"https:\/\/shenhuexcavator.com\/fr\/wp-json\/wp\/v2\/product"}],"about":[{"href":"https:\/\/shenhuexcavator.com\/fr\/wp-json\/wp\/v2\/types\/product"}],"wp:featuredmedia":[{"embeddable":true,"href":"https:\/\/shenhuexcavator.com\/fr\/wp-json\/wp\/v2\/media\/2321"}],"wp:attachment":[{"href":"https:\/\/shenhuexcavator.com\/fr\/wp-json\/wp\/v2\/media?parent=2313"}],"wp:term":[{"taxonomy":"product_brand","embeddable":true,"href":"https:\/\/shenhuexcavator.com\/fr\/wp-json\/wp\/v2\/product_brand?post=2313"},{"taxonomy":"product_cat","embeddable":true,"href":"https:\/\/shenhuexcavator.com\/fr\/wp-json\/wp\/v2\/product_cat?post=2313"},{"taxonomy":"product_tag","embeddable":true,"href":"https:\/\/shenhuexcavator.com\/fr\/wp-json\/wp\/v2\/product_tag?post=2313"}],"curies":[{"name":"wp","href":"https:\/\/api.w.org\/{rel}","templated":true}]}}