{"id":2519,"date":"2025-02-26T15:02:00","date_gmt":"2025-02-26T07:02:00","guid":{"rendered":"https:\/\/shenhuexcavator.com\/?post_type=product&#038;p=2519"},"modified":"2025-07-17T15:09:55","modified_gmt":"2025-07-17T07:09:55","slug":"used-cat-307d-excavator","status":"publish","type":"product","link":"https:\/\/shenhuexcavator.com\/fr\/produit\/used-cat-307d-excavator\/","title":{"rendered":"Pelle 307D Cat d'occasion"},"content":{"rendered":"<p><img fetchpriority=\"high\" decoding=\"async\" class=\"aligncenter size-full wp-image-2520\" src=\"https:\/\/shenhuexcavator.com\/wp-content\/uploads\/2025\/02\/6-4.jpg\" alt=\"\" width=\"850\" height=\"650\"> <img decoding=\"async\" class=\"aligncenter size-full wp-image-2521\" src=\"https:\/\/shenhuexcavator.com\/wp-content\/uploads\/2025\/02\/1-33.jpg\" alt=\"\" width=\"850\" height=\"650\"> <img decoding=\"async\" class=\"aligncenter size-full wp-image-2522\" src=\"https:\/\/shenhuexcavator.com\/wp-content\/uploads\/2025\/02\/2-9.jpg\" alt=\"\" width=\"850\" height=\"650\"> <img loading=\"lazy\" decoding=\"async\" class=\"aligncenter size-full wp-image-2523\" src=\"https:\/\/shenhuexcavator.com\/wp-content\/uploads\/2025\/02\/3-10.jpg\" alt=\"\" width=\"850\" height=\"650\"> <img loading=\"lazy\" decoding=\"async\" class=\"aligncenter size-full wp-image-2524\" src=\"https:\/\/shenhuexcavator.com\/wp-content\/uploads\/2025\/02\/4-8.jpg\" alt=\"\" width=\"850\" height=\"650\"> <img loading=\"lazy\" decoding=\"async\" class=\"aligncenter size-full wp-image-2525\" src=\"https:\/\/shenhuexcavator.com\/wp-content\/uploads\/2025\/02\/5-6.jpg\" alt=\"\" width=\"850\" height=\"650\"><\/p>","protected":false},"excerpt":{"rendered":"<p>La pelle 307D Cat d'occasion est une machine puissante con\u00e7ue pour les travaux moyens \u00e0 lourds. Avec un poids en ordre de marche de 7193 kg et une capacit\u00e9 de godet de 0,31 m\u00e8tre cube, elle est id\u00e9ale pour les op\u00e9rations de creusement, de levage et de chargement. Son moteur de 41,5 kW offre une puissance exceptionnelle, tandis que sa conception robuste garantit sa durabilit\u00e9 dans des conditions de travail difficiles. La 307D est particuli\u00e8rement adapt\u00e9e aux chantiers de construction o\u00f9 la fiabilit\u00e9 et les performances sont essentielles.<\/p>","protected":false},"featured_media":2526,"template":"","meta":[],"product_brand":[54],"product_cat":[120,81,45],"product_tag":[],"class_list":{"0":"post-2519","1":"product","2":"type-product","3":"status-publish","4":"has-post-thumbnail","6":"product_brand-caterpillar","7":"product_cat-2020-2023","8":"product_cat-7t","9":"product_cat-used-caterpillar-excavator","11":"first","12":"instock","13":"shipping-taxable","14":"purchasable","15":"product-type-simple"},"_links":{"self":[{"href":"https:\/\/shenhuexcavator.com\/fr\/wp-json\/wp\/v2\/product\/2519","targetHints":{"allow":["GET"]}}],"collection":[{"href":"https:\/\/shenhuexcavator.com\/fr\/wp-json\/wp\/v2\/product"}],"about":[{"href":"https:\/\/shenhuexcavator.com\/fr\/wp-json\/wp\/v2\/types\/product"}],"wp:featuredmedia":[{"embeddable":true,"href":"https:\/\/shenhuexcavator.com\/fr\/wp-json\/wp\/v2\/media\/2526"}],"wp:attachment":[{"href":"https:\/\/shenhuexcavator.com\/fr\/wp-json\/wp\/v2\/media?parent=2519"}],"wp:term":[{"taxonomy":"product_brand","embeddable":true,"href":"https:\/\/shenhuexcavator.com\/fr\/wp-json\/wp\/v2\/product_brand?post=2519"},{"taxonomy":"product_cat","embeddable":true,"href":"https:\/\/shenhuexcavator.com\/fr\/wp-json\/wp\/v2\/product_cat?post=2519"},{"taxonomy":"product_tag","embeddable":true,"href":"https:\/\/shenhuexcavator.com\/fr\/wp-json\/wp\/v2\/product_tag?post=2519"}],"curies":[{"name":"wp","href":"https:\/\/api.w.org\/{rel}","templated":true}]}}