{"id":2708,"date":"2025-02-27T10:20:00","date_gmt":"2025-02-27T02:20:00","guid":{"rendered":"https:\/\/shenhuexcavator.com\/?post_type=product&#038;p=2708"},"modified":"2025-07-17T15:10:01","modified_gmt":"2025-07-17T07:10:01","slug":"used-kobelco-sk60-8-excavator","status":"publish","type":"product","link":"https:\/\/shenhuexcavator.com\/fr\/produit\/used-kobelco-sk60-8-excavator\/","title":{"rendered":"Pelle Kobelco SK60-8 d'occasion"},"content":{"rendered":"<p><img fetchpriority=\"high\" decoding=\"async\" class=\"aligncenter size-full wp-image-2709\" src=\"https:\/\/shenhuexcavator.com\/wp-content\/uploads\/2025\/02\/1-3-4.jpg\" alt=\"\" width=\"850\" height=\"650\"> <img decoding=\"async\" class=\"aligncenter size-full wp-image-2710\" src=\"https:\/\/shenhuexcavator.com\/wp-content\/uploads\/2025\/02\/1-4-4.jpg\" alt=\"\" width=\"850\" height=\"650\"> <img decoding=\"async\" class=\"aligncenter size-full wp-image-2711\" src=\"https:\/\/shenhuexcavator.com\/wp-content\/uploads\/2025\/02\/1-5-4.jpg\" alt=\"\" width=\"850\" height=\"650\"> <img loading=\"lazy\" decoding=\"async\" class=\"aligncenter size-full wp-image-2712\" src=\"https:\/\/shenhuexcavator.com\/wp-content\/uploads\/2025\/02\/1-6-3.jpg\" alt=\"\" width=\"850\" height=\"650\"> <img loading=\"lazy\" decoding=\"async\" class=\"aligncenter size-full wp-image-2713\" src=\"https:\/\/shenhuexcavator.com\/wp-content\/uploads\/2025\/02\/1-7-3.jpg\" alt=\"\" width=\"850\" height=\"650\"> <img loading=\"lazy\" decoding=\"async\" class=\"aligncenter size-full wp-image-2714\" src=\"https:\/\/shenhuexcavator.com\/wp-content\/uploads\/2025\/02\/1-9-3.jpg\" alt=\"\" width=\"850\" height=\"650\"> <img loading=\"lazy\" decoding=\"async\" class=\"aligncenter size-full wp-image-2715\" src=\"https:\/\/shenhuexcavator.com\/wp-content\/uploads\/2025\/02\/1-10-3.jpg\" alt=\"\" width=\"850\" height=\"650\"><\/p>","protected":false},"excerpt":{"rendered":"<p>La pelle Kobelco SK60-8 d'occasion est une machine compacte mais puissante, id\u00e9ale pour les projets de construction de petite et moyenne envergure. Avec un poids en ordre de marche de 5610 kg et une capacit\u00e9 de godet de 0,22 m\u00e8tre cube, elle excelle dans les t\u00e2ches telles que le creusement de tranch\u00e9es, l'am\u00e9nagement paysager et la manutention de mat\u00e9riaux l\u00e9gers. Son moteur diesel de 35,5 kW garantit des performances fiables, tandis que sa conception compacte permet de l'utiliser facilement dans les espaces restreints. Ce mod\u00e8le est particuli\u00e8rement adapt\u00e9 aux chantiers urbains o\u00f9 la maniabilit\u00e9 et l'efficacit\u00e9 sont essentielles. Avec un nombre d'heures de fonctionnement compris entre 5 000 et 7 000, cette pelle bien entretenue est pr\u00eate \u00e0 fournir des performances constantes pour les ann\u00e9es \u00e0 venir.<\/p>","protected":false},"featured_media":2716,"template":"","meta":[],"product_brand":[53],"product_cat":[120,76,49],"product_tag":[],"class_list":{"0":"post-2708","1":"product","2":"type-product","3":"status-publish","4":"has-post-thumbnail","6":"product_brand-kobelco","7":"product_cat-2020-2023","8":"product_cat-6t","9":"product_cat-used-kobelco-excavator","11":"first","12":"instock","13":"shipping-taxable","14":"purchasable","15":"product-type-simple"},"_links":{"self":[{"href":"https:\/\/shenhuexcavator.com\/fr\/wp-json\/wp\/v2\/product\/2708","targetHints":{"allow":["GET"]}}],"collection":[{"href":"https:\/\/shenhuexcavator.com\/fr\/wp-json\/wp\/v2\/product"}],"about":[{"href":"https:\/\/shenhuexcavator.com\/fr\/wp-json\/wp\/v2\/types\/product"}],"wp:featuredmedia":[{"embeddable":true,"href":"https:\/\/shenhuexcavator.com\/fr\/wp-json\/wp\/v2\/media\/2716"}],"wp:attachment":[{"href":"https:\/\/shenhuexcavator.com\/fr\/wp-json\/wp\/v2\/media?parent=2708"}],"wp:term":[{"taxonomy":"product_brand","embeddable":true,"href":"https:\/\/shenhuexcavator.com\/fr\/wp-json\/wp\/v2\/product_brand?post=2708"},{"taxonomy":"product_cat","embeddable":true,"href":"https:\/\/shenhuexcavator.com\/fr\/wp-json\/wp\/v2\/product_cat?post=2708"},{"taxonomy":"product_tag","embeddable":true,"href":"https:\/\/shenhuexcavator.com\/fr\/wp-json\/wp\/v2\/product_tag?post=2708"}],"curies":[{"name":"wp","href":"https:\/\/api.w.org\/{rel}","templated":true}]}}