{"id":2810,"date":"2025-02-27T11:24:00","date_gmt":"2025-02-27T03:24:00","guid":{"rendered":"https:\/\/shenhuexcavator.com\/?post_type=product&#038;p=2810"},"modified":"2025-07-17T15:10:05","modified_gmt":"2025-07-17T07:10:05","slug":"used-komatsu-pc35-excavator","status":"publish","type":"product","link":"https:\/\/shenhuexcavator.com\/fr\/produit\/used-komatsu-pc35-excavator\/","title":{"rendered":"Pelle Komatsu PC35 d'occasion"},"content":{"rendered":"<p><img fetchpriority=\"high\" decoding=\"async\" class=\"aligncenter size-full wp-image-2811\" src=\"https:\/\/shenhuexcavator.com\/wp-content\/uploads\/2025\/02\/5f0526a6f9d543063909ceda1164fc2.jpg\" alt=\"\" width=\"850\" height=\"650\"> <img decoding=\"async\" class=\"aligncenter size-full wp-image-2812\" src=\"https:\/\/shenhuexcavator.com\/wp-content\/uploads\/2025\/02\/7b7da3957b875e242e807c7f6889b35.jpg\" alt=\"\" width=\"850\" height=\"650\"> <img decoding=\"async\" class=\"aligncenter size-full wp-image-2813\" src=\"https:\/\/shenhuexcavator.com\/wp-content\/uploads\/2025\/02\/8ef19924056345865af66270381bc84.jpg\" alt=\"\" width=\"850\" height=\"650\"> <img loading=\"lazy\" decoding=\"async\" class=\"aligncenter size-full wp-image-2814\" src=\"https:\/\/shenhuexcavator.com\/wp-content\/uploads\/2025\/02\/44ad9e9de76995621db0ee01c293c86.jpg\" alt=\"\" width=\"850\" height=\"650\"> <img loading=\"lazy\" decoding=\"async\" class=\"aligncenter size-full wp-image-2815\" src=\"https:\/\/shenhuexcavator.com\/wp-content\/uploads\/2025\/02\/143d87a1b227487d2916d6652852744.jpg\" alt=\"\" width=\"850\" height=\"650\"> <img loading=\"lazy\" decoding=\"async\" class=\"aligncenter size-full wp-image-2816\" src=\"https:\/\/shenhuexcavator.com\/wp-content\/uploads\/2025\/02\/279f77613070709ec98429625a3e159.jpg\" alt=\"\" width=\"850\" height=\"650\"> <img loading=\"lazy\" decoding=\"async\" class=\"aligncenter size-full wp-image-2817\" src=\"https:\/\/shenhuexcavator.com\/wp-content\/uploads\/2025\/02\/6670c1bcdd068b04116dcde7d992669.jpg\" alt=\"\" width=\"850\" height=\"650\"><\/p>","protected":false},"excerpt":{"rendered":"<p>La pelle Komatsu PC35 d'occasion est une machine compacte et polyvalente, id\u00e9ale pour les petits chantiers et les projets d'am\u00e9nagement paysager. Avec un poids en ordre de marche de 3915 kg et une capacit\u00e9 de godet de 0,1 m\u00e8tre cube, elle est parfaite pour les t\u00e2ches telles que le creusement de tranch\u00e9es, le levage de mat\u00e9riaux et l'excavation l\u00e9g\u00e8re. Son moteur diesel de 21 kW garantit des performances fiables, tandis que sa taille compacte permet de la man\u0153uvrer facilement dans les espaces restreints. La PC35 est connue pour son rendement \u00e9nerg\u00e9tique et ses faibles besoins d'entretien, ce qui en fait un choix rentable pour les petits entrepreneurs et les professionnels de l'am\u00e9nagement paysager.<\/p>","protected":false},"featured_media":2818,"template":"","meta":[],"product_brand":[51],"product_cat":[120,79,48],"product_tag":[],"class_list":{"0":"post-2810","1":"product","2":"type-product","3":"status-publish","4":"has-post-thumbnail","6":"product_brand-komatsu","7":"product_cat-2020-2023","8":"product_cat-3-5t","9":"product_cat-used-komatsu-excavator","11":"first","12":"instock","13":"shipping-taxable","14":"purchasable","15":"product-type-simple"},"_links":{"self":[{"href":"https:\/\/shenhuexcavator.com\/fr\/wp-json\/wp\/v2\/product\/2810","targetHints":{"allow":["GET"]}}],"collection":[{"href":"https:\/\/shenhuexcavator.com\/fr\/wp-json\/wp\/v2\/product"}],"about":[{"href":"https:\/\/shenhuexcavator.com\/fr\/wp-json\/wp\/v2\/types\/product"}],"wp:featuredmedia":[{"embeddable":true,"href":"https:\/\/shenhuexcavator.com\/fr\/wp-json\/wp\/v2\/media\/2818"}],"wp:attachment":[{"href":"https:\/\/shenhuexcavator.com\/fr\/wp-json\/wp\/v2\/media?parent=2810"}],"wp:term":[{"taxonomy":"product_brand","embeddable":true,"href":"https:\/\/shenhuexcavator.com\/fr\/wp-json\/wp\/v2\/product_brand?post=2810"},{"taxonomy":"product_cat","embeddable":true,"href":"https:\/\/shenhuexcavator.com\/fr\/wp-json\/wp\/v2\/product_cat?post=2810"},{"taxonomy":"product_tag","embeddable":true,"href":"https:\/\/shenhuexcavator.com\/fr\/wp-json\/wp\/v2\/product_tag?post=2810"}],"curies":[{"name":"wp","href":"https:\/\/api.w.org\/{rel}","templated":true}]}}