{"id":2844,"date":"2025-02-27T11:32:00","date_gmt":"2025-02-27T03:32:00","guid":{"rendered":"https:\/\/shenhuexcavator.com\/?post_type=product&#038;p=2844"},"modified":"2025-07-17T15:10:05","modified_gmt":"2025-07-17T07:10:05","slug":"used-komatsu-pc78-6-excavator","status":"publish","type":"product","link":"https:\/\/shenhuexcavator.com\/fr\/produit\/used-komatsu-pc78-6-excavator\/","title":{"rendered":"Pelle Komatsu PC78-6 d'occasion"},"content":{"rendered":"<p><img fetchpriority=\"high\" decoding=\"async\" class=\"aligncenter size-full wp-image-2845\" src=\"https:\/\/shenhuexcavator.com\/wp-content\/uploads\/2025\/02\/9a6fe8176e4a1d05fad11eb3e9e7e45.jpg\" alt=\"\" width=\"850\" height=\"650\"> <img decoding=\"async\" class=\"aligncenter size-full wp-image-2846\" src=\"https:\/\/shenhuexcavator.com\/wp-content\/uploads\/2025\/02\/9a97ff03d217b6c17bc5339df5cdacc.jpg\" alt=\"\" width=\"850\" height=\"650\"> <img decoding=\"async\" class=\"aligncenter size-full wp-image-2847\" src=\"https:\/\/shenhuexcavator.com\/wp-content\/uploads\/2025\/02\/10ded70c31f39a61cc688d7dfcbb21d.jpg\" alt=\"\" width=\"850\" height=\"650\"> <img loading=\"lazy\" decoding=\"async\" class=\"aligncenter size-full wp-image-2848\" src=\"https:\/\/shenhuexcavator.com\/wp-content\/uploads\/2025\/02\/42c99a576fd0c536a2e5e6b2adce814.jpg\" alt=\"\" width=\"850\" height=\"650\"> <img loading=\"lazy\" decoding=\"async\" class=\"aligncenter size-full wp-image-2849\" src=\"https:\/\/shenhuexcavator.com\/wp-content\/uploads\/2025\/02\/a012cb2e1caa09692722762b0730fc8.jpg\" alt=\"\" width=\"850\" height=\"650\"> <img loading=\"lazy\" decoding=\"async\" class=\"aligncenter size-full wp-image-2850\" src=\"https:\/\/shenhuexcavator.com\/wp-content\/uploads\/2025\/02\/a16d261903d4efb706b659540f96e53.jpg\" alt=\"\" width=\"850\" height=\"650\"> <img loading=\"lazy\" decoding=\"async\" class=\"aligncenter size-full wp-image-2851\" src=\"https:\/\/shenhuexcavator.com\/wp-content\/uploads\/2025\/02\/ccfc0327489434b12a3b033de16a323.jpg\" alt=\"\" width=\"850\" height=\"650\"> <img loading=\"lazy\" decoding=\"async\" class=\"aligncenter size-full wp-image-2852\" src=\"https:\/\/shenhuexcavator.com\/wp-content\/uploads\/2025\/02\/e231267de1f74bcd7b13e92e68e8c66.jpg\" alt=\"\" width=\"850\" height=\"650\"><\/p>","protected":false},"excerpt":{"rendered":"<p>La pelle Komatsu PC78-6 d'occasion est une machine puissante con\u00e7ue pour les t\u00e2ches moyennes \u00e0 lourdes. Avec un poids en ordre de marche de 7190 kg et une capacit\u00e9 de godet de 0,28 m\u00e8tre cube, elle est id\u00e9ale pour les op\u00e9rations de creusement, de levage et de chargement. Son moteur de 40,3 kW offre une puissance exceptionnelle, tandis que sa conception robuste garantit sa durabilit\u00e9 dans des conditions de travail difficiles. La PC78-6 est particuli\u00e8rement adapt\u00e9e aux chantiers de construction o\u00f9 la fiabilit\u00e9 et les performances sont essentielles,<\/p>","protected":false},"featured_media":2853,"template":"","meta":[],"product_brand":[51],"product_cat":[120,81,48],"product_tag":[],"class_list":{"0":"post-2844","1":"product","2":"type-product","3":"status-publish","4":"has-post-thumbnail","6":"product_brand-komatsu","7":"product_cat-2020-2023","8":"product_cat-7t","9":"product_cat-used-komatsu-excavator","11":"first","12":"instock","13":"shipping-taxable","14":"purchasable","15":"product-type-simple"},"_links":{"self":[{"href":"https:\/\/shenhuexcavator.com\/fr\/wp-json\/wp\/v2\/product\/2844","targetHints":{"allow":["GET"]}}],"collection":[{"href":"https:\/\/shenhuexcavator.com\/fr\/wp-json\/wp\/v2\/product"}],"about":[{"href":"https:\/\/shenhuexcavator.com\/fr\/wp-json\/wp\/v2\/types\/product"}],"wp:featuredmedia":[{"embeddable":true,"href":"https:\/\/shenhuexcavator.com\/fr\/wp-json\/wp\/v2\/media\/2853"}],"wp:attachment":[{"href":"https:\/\/shenhuexcavator.com\/fr\/wp-json\/wp\/v2\/media?parent=2844"}],"wp:term":[{"taxonomy":"product_brand","embeddable":true,"href":"https:\/\/shenhuexcavator.com\/fr\/wp-json\/wp\/v2\/product_brand?post=2844"},{"taxonomy":"product_cat","embeddable":true,"href":"https:\/\/shenhuexcavator.com\/fr\/wp-json\/wp\/v2\/product_cat?post=2844"},{"taxonomy":"product_tag","embeddable":true,"href":"https:\/\/shenhuexcavator.com\/fr\/wp-json\/wp\/v2\/product_tag?post=2844"}],"curies":[{"name":"wp","href":"https:\/\/api.w.org\/{rel}","templated":true}]}}