{"id":4070,"date":"2025-04-29T14:04:00","date_gmt":"2025-04-29T06:04:00","guid":{"rendered":"https:\/\/shenhuexcavator.com\/?post_type=product&#038;p=4070"},"modified":"2025-07-17T15:10:15","modified_gmt":"2025-07-17T07:10:15","slug":"used-sany-sy16c-excavator","status":"publish","type":"product","link":"https:\/\/shenhuexcavator.com\/fr\/produit\/used-sany-sy16c-excavator\/","title":{"rendered":"Pelle Sany SY16C d'occasion"},"content":{"rendered":"<p><img fetchpriority=\"high\" decoding=\"async\" class=\"aligncenter size-full wp-image-4071\" src=\"https:\/\/shenhuexcavator.com\/wp-content\/uploads\/2025\/04\/9bc5c365e677a9fa5f4af2cb11e4496_WH_850x650px.webp\" alt=\"\" width=\"850\" height=\"650\" srcset=\"https:\/\/shenhuexcavator.com\/wp-content\/uploads\/2025\/04\/9bc5c365e677a9fa5f4af2cb11e4496_WH_850x650px.webp 850w, https:\/\/shenhuexcavator.com\/wp-content\/uploads\/2025\/04\/9bc5c365e677a9fa5f4af2cb11e4496_WH_850x650px-600x459.webp 600w, https:\/\/shenhuexcavator.com\/wp-content\/uploads\/2025\/04\/9bc5c365e677a9fa5f4af2cb11e4496_WH_850x650px-300x229.webp 300w, https:\/\/shenhuexcavator.com\/wp-content\/uploads\/2025\/04\/9bc5c365e677a9fa5f4af2cb11e4496_WH_850x650px-150x115.webp 150w, https:\/\/shenhuexcavator.com\/wp-content\/uploads\/2025\/04\/9bc5c365e677a9fa5f4af2cb11e4496_WH_850x650px-768x587.webp 768w, https:\/\/shenhuexcavator.com\/wp-content\/uploads\/2025\/04\/9bc5c365e677a9fa5f4af2cb11e4496_WH_850x650px-16x12.webp 16w\" sizes=\"(max-width: 850px) 100vw, 850px\" \/> <img decoding=\"async\" class=\"aligncenter size-full wp-image-4072\" src=\"https:\/\/shenhuexcavator.com\/wp-content\/uploads\/2025\/04\/19d2229e78d202c14ee674cfcf3b58f_WH_850x650px.webp\" alt=\"\" width=\"850\" height=\"650\" srcset=\"https:\/\/shenhuexcavator.com\/wp-content\/uploads\/2025\/04\/19d2229e78d202c14ee674cfcf3b58f_WH_850x650px.webp 850w, https:\/\/shenhuexcavator.com\/wp-content\/uploads\/2025\/04\/19d2229e78d202c14ee674cfcf3b58f_WH_850x650px-600x459.webp 600w, https:\/\/shenhuexcavator.com\/wp-content\/uploads\/2025\/04\/19d2229e78d202c14ee674cfcf3b58f_WH_850x650px-300x229.webp 300w, https:\/\/shenhuexcavator.com\/wp-content\/uploads\/2025\/04\/19d2229e78d202c14ee674cfcf3b58f_WH_850x650px-150x115.webp 150w, https:\/\/shenhuexcavator.com\/wp-content\/uploads\/2025\/04\/19d2229e78d202c14ee674cfcf3b58f_WH_850x650px-768x587.webp 768w, https:\/\/shenhuexcavator.com\/wp-content\/uploads\/2025\/04\/19d2229e78d202c14ee674cfcf3b58f_WH_850x650px-16x12.webp 16w\" sizes=\"(max-width: 850px) 100vw, 850px\" \/> <img decoding=\"async\" class=\"aligncenter size-full wp-image-4073\" src=\"https:\/\/shenhuexcavator.com\/wp-content\/uploads\/2025\/04\/24af37aa8bc3a77d5d421427a81db68_WH_850x650px.webp\" alt=\"\" width=\"850\" height=\"650\" srcset=\"https:\/\/shenhuexcavator.com\/wp-content\/uploads\/2025\/04\/24af37aa8bc3a77d5d421427a81db68_WH_850x650px.webp 850w, https:\/\/shenhuexcavator.com\/wp-content\/uploads\/2025\/04\/24af37aa8bc3a77d5d421427a81db68_WH_850x650px-600x459.webp 600w, https:\/\/shenhuexcavator.com\/wp-content\/uploads\/2025\/04\/24af37aa8bc3a77d5d421427a81db68_WH_850x650px-300x229.webp 300w, https:\/\/shenhuexcavator.com\/wp-content\/uploads\/2025\/04\/24af37aa8bc3a77d5d421427a81db68_WH_850x650px-150x115.webp 150w, https:\/\/shenhuexcavator.com\/wp-content\/uploads\/2025\/04\/24af37aa8bc3a77d5d421427a81db68_WH_850x650px-768x587.webp 768w, https:\/\/shenhuexcavator.com\/wp-content\/uploads\/2025\/04\/24af37aa8bc3a77d5d421427a81db68_WH_850x650px-16x12.webp 16w\" sizes=\"(max-width: 850px) 100vw, 850px\" \/> <img loading=\"lazy\" decoding=\"async\" class=\"aligncenter size-full wp-image-4074\" src=\"https:\/\/shenhuexcavator.com\/wp-content\/uploads\/2025\/04\/4944119ba221d39a5fe3651d0a3e3ec_WH_850x650px.webp\" alt=\"\" width=\"850\" height=\"650\" srcset=\"https:\/\/shenhuexcavator.com\/wp-content\/uploads\/2025\/04\/4944119ba221d39a5fe3651d0a3e3ec_WH_850x650px.webp 850w, https:\/\/shenhuexcavator.com\/wp-content\/uploads\/2025\/04\/4944119ba221d39a5fe3651d0a3e3ec_WH_850x650px-600x459.webp 600w, https:\/\/shenhuexcavator.com\/wp-content\/uploads\/2025\/04\/4944119ba221d39a5fe3651d0a3e3ec_WH_850x650px-300x229.webp 300w, https:\/\/shenhuexcavator.com\/wp-content\/uploads\/2025\/04\/4944119ba221d39a5fe3651d0a3e3ec_WH_850x650px-150x115.webp 150w, https:\/\/shenhuexcavator.com\/wp-content\/uploads\/2025\/04\/4944119ba221d39a5fe3651d0a3e3ec_WH_850x650px-768x587.webp 768w, https:\/\/shenhuexcavator.com\/wp-content\/uploads\/2025\/04\/4944119ba221d39a5fe3651d0a3e3ec_WH_850x650px-16x12.webp 16w\" sizes=\"(max-width: 850px) 100vw, 850px\" \/> <img loading=\"lazy\" decoding=\"async\" class=\"aligncenter size-full wp-image-4075\" src=\"https:\/\/shenhuexcavator.com\/wp-content\/uploads\/2025\/04\/e306928550b70c929e25b35958327c6_WH_850x650px.webp\" alt=\"\" width=\"850\" height=\"650\" srcset=\"https:\/\/shenhuexcavator.com\/wp-content\/uploads\/2025\/04\/e306928550b70c929e25b35958327c6_WH_850x650px.webp 850w, https:\/\/shenhuexcavator.com\/wp-content\/uploads\/2025\/04\/e306928550b70c929e25b35958327c6_WH_850x650px-600x459.webp 600w, https:\/\/shenhuexcavator.com\/wp-content\/uploads\/2025\/04\/e306928550b70c929e25b35958327c6_WH_850x650px-300x229.webp 300w, https:\/\/shenhuexcavator.com\/wp-content\/uploads\/2025\/04\/e306928550b70c929e25b35958327c6_WH_850x650px-150x115.webp 150w, https:\/\/shenhuexcavator.com\/wp-content\/uploads\/2025\/04\/e306928550b70c929e25b35958327c6_WH_850x650px-768x587.webp 768w, https:\/\/shenhuexcavator.com\/wp-content\/uploads\/2025\/04\/e306928550b70c929e25b35958327c6_WH_850x650px-16x12.webp 16w\" sizes=\"(max-width: 850px) 100vw, 850px\" \/><\/p>","protected":false},"excerpt":{"rendered":"<p class=\"ds-markdown-paragraph\">La pelle Sany SY16C d'occasion est une machine compacte et agile, parfaite pour la construction \u00e0 petite \u00e9chelle et l'am\u00e9nagement paysager. Avec un poids en ordre de marche de 1 600 kg et une capacit\u00e9 de godet de 0,04 m\u00e8tre cube, elle est tr\u00e8s maniable dans les espaces restreints.<\/p>\n<div id=\"gtx-trans\" style=\"position: absolute; left: 227px; top: -10px;\">\n<div class=\"gtx-trans-icon\"><\/div>\n<\/div>","protected":false},"featured_media":4076,"template":"","meta":[],"product_brand":[37],"product_cat":[103,120,38],"product_tag":[],"class_list":{"0":"post-4070","1":"product","2":"type-product","3":"status-publish","4":"has-post-thumbnail","6":"product_brand-sany","7":"product_cat-1-6t","8":"product_cat-2020-2023","9":"product_cat-used-sany-excavator","11":"first","12":"instock","13":"shipping-taxable","14":"purchasable","15":"product-type-simple"},"_links":{"self":[{"href":"https:\/\/shenhuexcavator.com\/fr\/wp-json\/wp\/v2\/product\/4070","targetHints":{"allow":["GET"]}}],"collection":[{"href":"https:\/\/shenhuexcavator.com\/fr\/wp-json\/wp\/v2\/product"}],"about":[{"href":"https:\/\/shenhuexcavator.com\/fr\/wp-json\/wp\/v2\/types\/product"}],"wp:featuredmedia":[{"embeddable":true,"href":"https:\/\/shenhuexcavator.com\/fr\/wp-json\/wp\/v2\/media\/4076"}],"wp:attachment":[{"href":"https:\/\/shenhuexcavator.com\/fr\/wp-json\/wp\/v2\/media?parent=4070"}],"wp:term":[{"taxonomy":"product_brand","embeddable":true,"href":"https:\/\/shenhuexcavator.com\/fr\/wp-json\/wp\/v2\/product_brand?post=4070"},{"taxonomy":"product_cat","embeddable":true,"href":"https:\/\/shenhuexcavator.com\/fr\/wp-json\/wp\/v2\/product_cat?post=4070"},{"taxonomy":"product_tag","embeddable":true,"href":"https:\/\/shenhuexcavator.com\/fr\/wp-json\/wp\/v2\/product_tag?post=4070"}],"curies":[{"name":"wp","href":"https:\/\/api.w.org\/{rel}","templated":true}]}}