{"id":4223,"date":"2025-04-29T14:38:00","date_gmt":"2025-04-29T06:38:00","guid":{"rendered":"https:\/\/shenhuexcavator.com\/product\/used-hyundai-r150-excavator\/"},"modified":"2025-07-17T15:10:19","modified_gmt":"2025-07-17T07:10:19","slug":"used-hyundai-r150-excavator","status":"publish","type":"product","link":"https:\/\/shenhuexcavator.com\/fr\/produit\/used-hyundai-r150-excavator\/","title":{"rendered":"Excavateur Hyundai R150 d'occasion"},"content":{"rendered":"<p><img fetchpriority=\"high\" decoding=\"async\" class=\"aligncenter size-full wp-image-4272\" src=\"https:\/\/shenhuexcavator.com\/wp-content\/uploads\/2025\/04\/0c0773965977a4ce401e4cf84157c20_WH_850x650px.webp\" alt=\"\" width=\"850\" height=\"650\" srcset=\"https:\/\/shenhuexcavator.com\/wp-content\/uploads\/2025\/04\/0c0773965977a4ce401e4cf84157c20_WH_850x650px.webp 850w, https:\/\/shenhuexcavator.com\/wp-content\/uploads\/2025\/04\/0c0773965977a4ce401e4cf84157c20_WH_850x650px-600x459.webp 600w, https:\/\/shenhuexcavator.com\/wp-content\/uploads\/2025\/04\/0c0773965977a4ce401e4cf84157c20_WH_850x650px-300x229.webp 300w, https:\/\/shenhuexcavator.com\/wp-content\/uploads\/2025\/04\/0c0773965977a4ce401e4cf84157c20_WH_850x650px-150x115.webp 150w, https:\/\/shenhuexcavator.com\/wp-content\/uploads\/2025\/04\/0c0773965977a4ce401e4cf84157c20_WH_850x650px-768x587.webp 768w, https:\/\/shenhuexcavator.com\/wp-content\/uploads\/2025\/04\/0c0773965977a4ce401e4cf84157c20_WH_850x650px-16x12.webp 16w\" sizes=\"(max-width: 850px) 100vw, 850px\" \/> <img decoding=\"async\" class=\"aligncenter size-full wp-image-4273\" src=\"https:\/\/shenhuexcavator.com\/wp-content\/uploads\/2025\/04\/1c04531a03e9234c0bfb02cce896ae0_WH_850x650px.webp\" alt=\"\" width=\"850\" height=\"650\" srcset=\"https:\/\/shenhuexcavator.com\/wp-content\/uploads\/2025\/04\/1c04531a03e9234c0bfb02cce896ae0_WH_850x650px.webp 850w, https:\/\/shenhuexcavator.com\/wp-content\/uploads\/2025\/04\/1c04531a03e9234c0bfb02cce896ae0_WH_850x650px-600x459.webp 600w, https:\/\/shenhuexcavator.com\/wp-content\/uploads\/2025\/04\/1c04531a03e9234c0bfb02cce896ae0_WH_850x650px-300x229.webp 300w, https:\/\/shenhuexcavator.com\/wp-content\/uploads\/2025\/04\/1c04531a03e9234c0bfb02cce896ae0_WH_850x650px-150x115.webp 150w, https:\/\/shenhuexcavator.com\/wp-content\/uploads\/2025\/04\/1c04531a03e9234c0bfb02cce896ae0_WH_850x650px-768x587.webp 768w, https:\/\/shenhuexcavator.com\/wp-content\/uploads\/2025\/04\/1c04531a03e9234c0bfb02cce896ae0_WH_850x650px-16x12.webp 16w\" sizes=\"(max-width: 850px) 100vw, 850px\" \/> <img decoding=\"async\" class=\"aligncenter size-full wp-image-4274\" src=\"https:\/\/shenhuexcavator.com\/wp-content\/uploads\/2025\/04\/1cde11a701761c7593b58b42dc6ced3_WH_850x650px.webp\" alt=\"\" width=\"850\" height=\"650\" srcset=\"https:\/\/shenhuexcavator.com\/wp-content\/uploads\/2025\/04\/1cde11a701761c7593b58b42dc6ced3_WH_850x650px.webp 850w, https:\/\/shenhuexcavator.com\/wp-content\/uploads\/2025\/04\/1cde11a701761c7593b58b42dc6ced3_WH_850x650px-600x459.webp 600w, https:\/\/shenhuexcavator.com\/wp-content\/uploads\/2025\/04\/1cde11a701761c7593b58b42dc6ced3_WH_850x650px-300x229.webp 300w, https:\/\/shenhuexcavator.com\/wp-content\/uploads\/2025\/04\/1cde11a701761c7593b58b42dc6ced3_WH_850x650px-150x115.webp 150w, https:\/\/shenhuexcavator.com\/wp-content\/uploads\/2025\/04\/1cde11a701761c7593b58b42dc6ced3_WH_850x650px-768x587.webp 768w, https:\/\/shenhuexcavator.com\/wp-content\/uploads\/2025\/04\/1cde11a701761c7593b58b42dc6ced3_WH_850x650px-16x12.webp 16w\" sizes=\"(max-width: 850px) 100vw, 850px\" \/> <img loading=\"lazy\" decoding=\"async\" class=\"aligncenter size-full wp-image-4275\" src=\"https:\/\/shenhuexcavator.com\/wp-content\/uploads\/2025\/04\/8cc209c4da3def745f0cc7a39fc4694_WH_850x650px.webp\" alt=\"\" width=\"850\" height=\"650\" srcset=\"https:\/\/shenhuexcavator.com\/wp-content\/uploads\/2025\/04\/8cc209c4da3def745f0cc7a39fc4694_WH_850x650px.webp 850w, https:\/\/shenhuexcavator.com\/wp-content\/uploads\/2025\/04\/8cc209c4da3def745f0cc7a39fc4694_WH_850x650px-600x459.webp 600w, https:\/\/shenhuexcavator.com\/wp-content\/uploads\/2025\/04\/8cc209c4da3def745f0cc7a39fc4694_WH_850x650px-300x229.webp 300w, https:\/\/shenhuexcavator.com\/wp-content\/uploads\/2025\/04\/8cc209c4da3def745f0cc7a39fc4694_WH_850x650px-150x115.webp 150w, https:\/\/shenhuexcavator.com\/wp-content\/uploads\/2025\/04\/8cc209c4da3def745f0cc7a39fc4694_WH_850x650px-768x587.webp 768w, https:\/\/shenhuexcavator.com\/wp-content\/uploads\/2025\/04\/8cc209c4da3def745f0cc7a39fc4694_WH_850x650px-16x12.webp 16w\" sizes=\"(max-width: 850px) 100vw, 850px\" \/> <img loading=\"lazy\" decoding=\"async\" class=\"aligncenter size-full wp-image-4276\" src=\"https:\/\/shenhuexcavator.com\/wp-content\/uploads\/2025\/04\/94e1b208aad3674f5439214f8c21a8d_WH_850x650px.webp\" alt=\"\" width=\"850\" height=\"650\" srcset=\"https:\/\/shenhuexcavator.com\/wp-content\/uploads\/2025\/04\/94e1b208aad3674f5439214f8c21a8d_WH_850x650px.webp 850w, https:\/\/shenhuexcavator.com\/wp-content\/uploads\/2025\/04\/94e1b208aad3674f5439214f8c21a8d_WH_850x650px-600x459.webp 600w, https:\/\/shenhuexcavator.com\/wp-content\/uploads\/2025\/04\/94e1b208aad3674f5439214f8c21a8d_WH_850x650px-300x229.webp 300w, https:\/\/shenhuexcavator.com\/wp-content\/uploads\/2025\/04\/94e1b208aad3674f5439214f8c21a8d_WH_850x650px-150x115.webp 150w, https:\/\/shenhuexcavator.com\/wp-content\/uploads\/2025\/04\/94e1b208aad3674f5439214f8c21a8d_WH_850x650px-768x587.webp 768w, https:\/\/shenhuexcavator.com\/wp-content\/uploads\/2025\/04\/94e1b208aad3674f5439214f8c21a8d_WH_850x650px-16x12.webp 16w\" sizes=\"(max-width: 850px) 100vw, 850px\" \/><\/p>","protected":false},"excerpt":{"rendered":"<p>\"La Hyundai R150 d'occasion est une excavatrice de 15 tonnes dot\u00e9e d'un moteur de 125 CV et d'un s\u00e9lecteur de puissance \u00e0 3 modes. Sa r\u00e9partition \u00e9quilibr\u00e9e des masses lui conf\u00e8re une capacit\u00e9 de levage de 6,1 tonnes. Inspectez les moteurs de translation et les liaisons des leviers de commande. La profondeur de creusement de 6,7 m et la hauteur de d\u00e9chargement de 2,9 m de la R150 conviennent bien aux projets de drainage. Le confort de la cabine est basique mais durable.<\/p>","protected":false},"featured_media":4277,"template":"","meta":[],"product_brand":[55],"product_cat":[106,120,46],"product_tag":[],"class_list":{"0":"post-4223","1":"product","2":"type-product","3":"status-publish","4":"has-post-thumbnail","6":"product_brand-hyundai","7":"product_cat-15t","8":"product_cat-2020-2023","9":"product_cat-used-hyundai-excavator","11":"first","12":"instock","13":"shipping-taxable","14":"purchasable","15":"product-type-simple"},"_links":{"self":[{"href":"https:\/\/shenhuexcavator.com\/fr\/wp-json\/wp\/v2\/product\/4223","targetHints":{"allow":["GET"]}}],"collection":[{"href":"https:\/\/shenhuexcavator.com\/fr\/wp-json\/wp\/v2\/product"}],"about":[{"href":"https:\/\/shenhuexcavator.com\/fr\/wp-json\/wp\/v2\/types\/product"}],"wp:featuredmedia":[{"embeddable":true,"href":"https:\/\/shenhuexcavator.com\/fr\/wp-json\/wp\/v2\/media\/4277"}],"wp:attachment":[{"href":"https:\/\/shenhuexcavator.com\/fr\/wp-json\/wp\/v2\/media?parent=4223"}],"wp:term":[{"taxonomy":"product_brand","embeddable":true,"href":"https:\/\/shenhuexcavator.com\/fr\/wp-json\/wp\/v2\/product_brand?post=4223"},{"taxonomy":"product_cat","embeddable":true,"href":"https:\/\/shenhuexcavator.com\/fr\/wp-json\/wp\/v2\/product_cat?post=4223"},{"taxonomy":"product_tag","embeddable":true,"href":"https:\/\/shenhuexcavator.com\/fr\/wp-json\/wp\/v2\/product_tag?post=4223"}],"curies":[{"name":"wp","href":"https:\/\/api.w.org\/{rel}","templated":true}]}}