{"id":4466,"date":"2025-04-30T15:21:00","date_gmt":"2025-04-30T07:21:00","guid":{"rendered":"https:\/\/shenhuexcavator.com\/?post_type=product&#038;p=4466"},"modified":"2025-07-17T15:10:22","modified_gmt":"2025-07-17T07:10:22","slug":"used-sany-sy205-9-excavator","status":"publish","type":"product","link":"https:\/\/shenhuexcavator.com\/fr\/produit\/used-sany-sy205-9-excavator\/","title":{"rendered":"Pelle Sany SY205-9 d'occasion"},"content":{"rendered":"<p><img fetchpriority=\"high\" decoding=\"async\" class=\"aligncenter size-full wp-image-4594\" src=\"https:\/\/shenhuexcavator.com\/wp-content\/uploads\/2025\/04\/04eb23415ab4b9ac7f45b2da5115991f_WH_850x650px.webp\" alt=\"\" width=\"850\" height=\"650\" srcset=\"https:\/\/shenhuexcavator.com\/wp-content\/uploads\/2025\/04\/04eb23415ab4b9ac7f45b2da5115991f_WH_850x650px.webp 850w, https:\/\/shenhuexcavator.com\/wp-content\/uploads\/2025\/04\/04eb23415ab4b9ac7f45b2da5115991f_WH_850x650px-600x459.webp 600w, https:\/\/shenhuexcavator.com\/wp-content\/uploads\/2025\/04\/04eb23415ab4b9ac7f45b2da5115991f_WH_850x650px-300x229.webp 300w, https:\/\/shenhuexcavator.com\/wp-content\/uploads\/2025\/04\/04eb23415ab4b9ac7f45b2da5115991f_WH_850x650px-150x115.webp 150w, https:\/\/shenhuexcavator.com\/wp-content\/uploads\/2025\/04\/04eb23415ab4b9ac7f45b2da5115991f_WH_850x650px-768x587.webp 768w, https:\/\/shenhuexcavator.com\/wp-content\/uploads\/2025\/04\/04eb23415ab4b9ac7f45b2da5115991f_WH_850x650px-16x12.webp 16w\" sizes=\"(max-width: 850px) 100vw, 850px\" \/> <img decoding=\"async\" class=\"aligncenter size-full wp-image-4595\" src=\"https:\/\/shenhuexcavator.com\/wp-content\/uploads\/2025\/04\/6ecbeba606e133e7a303a6d910553eb1_WH_850x650px.webp\" alt=\"\" width=\"850\" height=\"650\" srcset=\"https:\/\/shenhuexcavator.com\/wp-content\/uploads\/2025\/04\/6ecbeba606e133e7a303a6d910553eb1_WH_850x650px.webp 850w, https:\/\/shenhuexcavator.com\/wp-content\/uploads\/2025\/04\/6ecbeba606e133e7a303a6d910553eb1_WH_850x650px-600x459.webp 600w, https:\/\/shenhuexcavator.com\/wp-content\/uploads\/2025\/04\/6ecbeba606e133e7a303a6d910553eb1_WH_850x650px-300x229.webp 300w, https:\/\/shenhuexcavator.com\/wp-content\/uploads\/2025\/04\/6ecbeba606e133e7a303a6d910553eb1_WH_850x650px-150x115.webp 150w, https:\/\/shenhuexcavator.com\/wp-content\/uploads\/2025\/04\/6ecbeba606e133e7a303a6d910553eb1_WH_850x650px-768x587.webp 768w, https:\/\/shenhuexcavator.com\/wp-content\/uploads\/2025\/04\/6ecbeba606e133e7a303a6d910553eb1_WH_850x650px-16x12.webp 16w\" sizes=\"(max-width: 850px) 100vw, 850px\" \/> <img decoding=\"async\" class=\"aligncenter size-full wp-image-4596\" src=\"https:\/\/shenhuexcavator.com\/wp-content\/uploads\/2025\/04\/716c13fd9d5fe315e97a0d15f062bf98_WH_850x650px.webp\" alt=\"\" width=\"850\" height=\"650\" srcset=\"https:\/\/shenhuexcavator.com\/wp-content\/uploads\/2025\/04\/716c13fd9d5fe315e97a0d15f062bf98_WH_850x650px.webp 850w, https:\/\/shenhuexcavator.com\/wp-content\/uploads\/2025\/04\/716c13fd9d5fe315e97a0d15f062bf98_WH_850x650px-600x459.webp 600w, https:\/\/shenhuexcavator.com\/wp-content\/uploads\/2025\/04\/716c13fd9d5fe315e97a0d15f062bf98_WH_850x650px-300x229.webp 300w, https:\/\/shenhuexcavator.com\/wp-content\/uploads\/2025\/04\/716c13fd9d5fe315e97a0d15f062bf98_WH_850x650px-150x115.webp 150w, https:\/\/shenhuexcavator.com\/wp-content\/uploads\/2025\/04\/716c13fd9d5fe315e97a0d15f062bf98_WH_850x650px-768x587.webp 768w, https:\/\/shenhuexcavator.com\/wp-content\/uploads\/2025\/04\/716c13fd9d5fe315e97a0d15f062bf98_WH_850x650px-16x12.webp 16w\" sizes=\"(max-width: 850px) 100vw, 850px\" \/> <img loading=\"lazy\" decoding=\"async\" class=\"aligncenter size-full wp-image-4597\" src=\"https:\/\/shenhuexcavator.com\/wp-content\/uploads\/2025\/04\/c387f4136c360b9921a0d34b580e41f2_WH_850x650px.webp\" alt=\"\" width=\"850\" height=\"650\" srcset=\"https:\/\/shenhuexcavator.com\/wp-content\/uploads\/2025\/04\/c387f4136c360b9921a0d34b580e41f2_WH_850x650px.webp 850w, https:\/\/shenhuexcavator.com\/wp-content\/uploads\/2025\/04\/c387f4136c360b9921a0d34b580e41f2_WH_850x650px-600x459.webp 600w, https:\/\/shenhuexcavator.com\/wp-content\/uploads\/2025\/04\/c387f4136c360b9921a0d34b580e41f2_WH_850x650px-300x229.webp 300w, https:\/\/shenhuexcavator.com\/wp-content\/uploads\/2025\/04\/c387f4136c360b9921a0d34b580e41f2_WH_850x650px-150x115.webp 150w, https:\/\/shenhuexcavator.com\/wp-content\/uploads\/2025\/04\/c387f4136c360b9921a0d34b580e41f2_WH_850x650px-768x587.webp 768w, https:\/\/shenhuexcavator.com\/wp-content\/uploads\/2025\/04\/c387f4136c360b9921a0d34b580e41f2_WH_850x650px-16x12.webp 16w\" sizes=\"(max-width: 850px) 100vw, 850px\" \/> <img loading=\"lazy\" decoding=\"async\" class=\"aligncenter size-full wp-image-4598\" src=\"https:\/\/shenhuexcavator.com\/wp-content\/uploads\/2025\/04\/edec630c5bd099ead26462ecc7c34a2f_WH_850x650px.webp\" alt=\"\" width=\"850\" height=\"650\" srcset=\"https:\/\/shenhuexcavator.com\/wp-content\/uploads\/2025\/04\/edec630c5bd099ead26462ecc7c34a2f_WH_850x650px.webp 850w, https:\/\/shenhuexcavator.com\/wp-content\/uploads\/2025\/04\/edec630c5bd099ead26462ecc7c34a2f_WH_850x650px-600x459.webp 600w, https:\/\/shenhuexcavator.com\/wp-content\/uploads\/2025\/04\/edec630c5bd099ead26462ecc7c34a2f_WH_850x650px-300x229.webp 300w, https:\/\/shenhuexcavator.com\/wp-content\/uploads\/2025\/04\/edec630c5bd099ead26462ecc7c34a2f_WH_850x650px-150x115.webp 150w, https:\/\/shenhuexcavator.com\/wp-content\/uploads\/2025\/04\/edec630c5bd099ead26462ecc7c34a2f_WH_850x650px-768x587.webp 768w, https:\/\/shenhuexcavator.com\/wp-content\/uploads\/2025\/04\/edec630c5bd099ead26462ecc7c34a2f_WH_850x650px-16x12.webp 16w\" sizes=\"(max-width: 850px) 100vw, 850px\" \/><\/p>","protected":false},"excerpt":{"rendered":"<p>\"Pelle d'occasion Sany SY205-9, une pelle de 20 tonnes dot\u00e9e du syst\u00e8me de contr\u00f4le intelligent de Sany pour une meilleure efficacit\u00e9 \u00e9nerg\u00e9tique. Le SY205-9 est \u00e9quip\u00e9 d'un moteur de 110kW qui fournit des forces d'excavation puissantes tout en respectant les normes d'\u00e9mission. Son syst\u00e8me hydraulique optimis\u00e9 r\u00e9duit la perte d'\u00e9nergie de 15% par rapport aux mod\u00e8les pr\u00e9c\u00e9dents. La cabine spacieuse est dot\u00e9e de commandes ergonomiques et d'une excellente visibilit\u00e9. Les applications courantes comprennent la construction g\u00e9n\u00e9rale et la manutention de mat\u00e9riaux. Les unit\u00e9s d'occasion doivent \u00eatre contr\u00f4l\u00e9es pour v\u00e9rifier les performances de la pompe hydraulique et l'usure du train de roulement, en particulier les cha\u00eenes de chenilles et les rouleaux.\"<\/p>","protected":false},"featured_media":4599,"template":"","meta":[],"product_brand":[37],"product_cat":[120,85,38],"product_tag":[],"class_list":{"0":"post-4466","1":"product","2":"type-product","3":"status-publish","4":"has-post-thumbnail","6":"product_brand-sany","7":"product_cat-2020-2023","8":"product_cat-20t","9":"product_cat-used-sany-excavator","11":"first","12":"instock","13":"shipping-taxable","14":"purchasable","15":"product-type-simple"},"_links":{"self":[{"href":"https:\/\/shenhuexcavator.com\/fr\/wp-json\/wp\/v2\/product\/4466","targetHints":{"allow":["GET"]}}],"collection":[{"href":"https:\/\/shenhuexcavator.com\/fr\/wp-json\/wp\/v2\/product"}],"about":[{"href":"https:\/\/shenhuexcavator.com\/fr\/wp-json\/wp\/v2\/types\/product"}],"wp:featuredmedia":[{"embeddable":true,"href":"https:\/\/shenhuexcavator.com\/fr\/wp-json\/wp\/v2\/media\/4599"}],"wp:attachment":[{"href":"https:\/\/shenhuexcavator.com\/fr\/wp-json\/wp\/v2\/media?parent=4466"}],"wp:term":[{"taxonomy":"product_brand","embeddable":true,"href":"https:\/\/shenhuexcavator.com\/fr\/wp-json\/wp\/v2\/product_brand?post=4466"},{"taxonomy":"product_cat","embeddable":true,"href":"https:\/\/shenhuexcavator.com\/fr\/wp-json\/wp\/v2\/product_cat?post=4466"},{"taxonomy":"product_tag","embeddable":true,"href":"https:\/\/shenhuexcavator.com\/fr\/wp-json\/wp\/v2\/product_tag?post=4466"}],"curies":[{"name":"wp","href":"https:\/\/api.w.org\/{rel}","templated":true}]}}