{"id":4469,"date":"2025-04-30T15:21:00","date_gmt":"2025-04-30T07:21:00","guid":{"rendered":"https:\/\/shenhuexcavator.com\/?post_type=product&#038;p=4469"},"modified":"2025-07-17T15:10:23","modified_gmt":"2025-07-17T07:10:23","slug":"used-sany-sy235c-pro-excavator","status":"publish","type":"product","link":"https:\/\/shenhuexcavator.com\/fr\/produit\/used-sany-sy235c-pro-excavator\/","title":{"rendered":"Pelle professionnelle Sany SY235C d'occasion"},"content":{"rendered":"<p><img fetchpriority=\"high\" decoding=\"async\" class=\"aligncenter size-full wp-image-4575\" src=\"https:\/\/shenhuexcavator.com\/wp-content\/uploads\/2025\/04\/2a5a7b6489bdee169f9d1e744ce0093_WH_850x650px.webp\" alt=\"\" width=\"850\" height=\"650\" srcset=\"https:\/\/shenhuexcavator.com\/wp-content\/uploads\/2025\/04\/2a5a7b6489bdee169f9d1e744ce0093_WH_850x650px.webp 850w, https:\/\/shenhuexcavator.com\/wp-content\/uploads\/2025\/04\/2a5a7b6489bdee169f9d1e744ce0093_WH_850x650px-600x459.webp 600w, https:\/\/shenhuexcavator.com\/wp-content\/uploads\/2025\/04\/2a5a7b6489bdee169f9d1e744ce0093_WH_850x650px-300x229.webp 300w, https:\/\/shenhuexcavator.com\/wp-content\/uploads\/2025\/04\/2a5a7b6489bdee169f9d1e744ce0093_WH_850x650px-150x115.webp 150w, https:\/\/shenhuexcavator.com\/wp-content\/uploads\/2025\/04\/2a5a7b6489bdee169f9d1e744ce0093_WH_850x650px-768x587.webp 768w, https:\/\/shenhuexcavator.com\/wp-content\/uploads\/2025\/04\/2a5a7b6489bdee169f9d1e744ce0093_WH_850x650px-16x12.webp 16w\" sizes=\"(max-width: 850px) 100vw, 850px\" \/> <img decoding=\"async\" class=\"aligncenter size-full wp-image-4576\" src=\"https:\/\/shenhuexcavator.com\/wp-content\/uploads\/2025\/04\/8fa8791793bb0fc8e19199c5de10a73_WH_850x650px.webp\" alt=\"\" width=\"850\" height=\"650\" srcset=\"https:\/\/shenhuexcavator.com\/wp-content\/uploads\/2025\/04\/8fa8791793bb0fc8e19199c5de10a73_WH_850x650px.webp 850w, https:\/\/shenhuexcavator.com\/wp-content\/uploads\/2025\/04\/8fa8791793bb0fc8e19199c5de10a73_WH_850x650px-600x459.webp 600w, https:\/\/shenhuexcavator.com\/wp-content\/uploads\/2025\/04\/8fa8791793bb0fc8e19199c5de10a73_WH_850x650px-300x229.webp 300w, https:\/\/shenhuexcavator.com\/wp-content\/uploads\/2025\/04\/8fa8791793bb0fc8e19199c5de10a73_WH_850x650px-150x115.webp 150w, https:\/\/shenhuexcavator.com\/wp-content\/uploads\/2025\/04\/8fa8791793bb0fc8e19199c5de10a73_WH_850x650px-768x587.webp 768w, https:\/\/shenhuexcavator.com\/wp-content\/uploads\/2025\/04\/8fa8791793bb0fc8e19199c5de10a73_WH_850x650px-16x12.webp 16w\" sizes=\"(max-width: 850px) 100vw, 850px\" \/><\/p>","protected":false},"excerpt":{"rendered":"<p>\"Pelle Sany SY235C pro d'occasion,La version professionnelle de la s\u00e9rie SY235C avec des caract\u00e9ristiques am\u00e9lior\u00e9es pour des applications exigeantes. Elle comprend des composants hydrauliques am\u00e9lior\u00e9s pour un fonctionnement plus souple et une durabilit\u00e9 accrue. Le moteur de 129kW fournit une puissance constante m\u00eame dans des conditions de haute altitude. La version Pro est g\u00e9n\u00e9ralement dot\u00e9e de caract\u00e9ristiques standard suppl\u00e9mentaires telles que la lubrification automatique et des syst\u00e8mes de refroidissement am\u00e9lior\u00e9s. Les mod\u00e8les d'occasion doivent \u00eatre v\u00e9rifi\u00e9s pour s'assurer qu'ils ont fait l'objet d'un entretien appropri\u00e9, en particulier en ce qui concerne le syst\u00e8me hydraulique et les composants du moteur.\"<\/p>","protected":false},"featured_media":4577,"template":"","meta":[],"product_brand":[37],"product_cat":[120,107,38],"product_tag":[],"class_list":{"0":"post-4469","1":"product","2":"type-product","3":"status-publish","4":"has-post-thumbnail","6":"product_brand-sany","7":"product_cat-2020-2023","8":"product_cat-23t","9":"product_cat-used-sany-excavator","11":"first","12":"instock","13":"shipping-taxable","14":"purchasable","15":"product-type-simple"},"_links":{"self":[{"href":"https:\/\/shenhuexcavator.com\/fr\/wp-json\/wp\/v2\/product\/4469","targetHints":{"allow":["GET"]}}],"collection":[{"href":"https:\/\/shenhuexcavator.com\/fr\/wp-json\/wp\/v2\/product"}],"about":[{"href":"https:\/\/shenhuexcavator.com\/fr\/wp-json\/wp\/v2\/types\/product"}],"wp:featuredmedia":[{"embeddable":true,"href":"https:\/\/shenhuexcavator.com\/fr\/wp-json\/wp\/v2\/media\/4577"}],"wp:attachment":[{"href":"https:\/\/shenhuexcavator.com\/fr\/wp-json\/wp\/v2\/media?parent=4469"}],"wp:term":[{"taxonomy":"product_brand","embeddable":true,"href":"https:\/\/shenhuexcavator.com\/fr\/wp-json\/wp\/v2\/product_brand?post=4469"},{"taxonomy":"product_cat","embeddable":true,"href":"https:\/\/shenhuexcavator.com\/fr\/wp-json\/wp\/v2\/product_cat?post=4469"},{"taxonomy":"product_tag","embeddable":true,"href":"https:\/\/shenhuexcavator.com\/fr\/wp-json\/wp\/v2\/product_tag?post=4469"}],"curies":[{"name":"wp","href":"https:\/\/api.w.org\/{rel}","templated":true}]}}