{"id":4473,"date":"2025-04-30T15:21:00","date_gmt":"2025-04-30T07:21:00","guid":{"rendered":"https:\/\/shenhuexcavator.com\/?post_type=product&#038;p=4473"},"modified":"2025-07-17T15:10:23","modified_gmt":"2025-07-17T07:10:23","slug":"used-hitachi-zx350-3-excavator","status":"publish","type":"product","link":"https:\/\/shenhuexcavator.com\/fr\/produit\/used-hitachi-zx350-3-excavator\/","title":{"rendered":"Pelle Hitachi ZX350-3 d'occasion"},"content":{"rendered":"<p><img fetchpriority=\"high\" decoding=\"async\" class=\"aligncenter size-full wp-image-4555\" src=\"https:\/\/shenhuexcavator.com\/wp-content\/uploads\/2025\/04\/77711208ea5a93e26a732ea2a8a925d_WH_850x650px.webp\" alt=\"\" width=\"850\" height=\"650\" srcset=\"https:\/\/shenhuexcavator.com\/wp-content\/uploads\/2025\/04\/77711208ea5a93e26a732ea2a8a925d_WH_850x650px.webp 850w, https:\/\/shenhuexcavator.com\/wp-content\/uploads\/2025\/04\/77711208ea5a93e26a732ea2a8a925d_WH_850x650px-600x459.webp 600w, https:\/\/shenhuexcavator.com\/wp-content\/uploads\/2025\/04\/77711208ea5a93e26a732ea2a8a925d_WH_850x650px-300x229.webp 300w, https:\/\/shenhuexcavator.com\/wp-content\/uploads\/2025\/04\/77711208ea5a93e26a732ea2a8a925d_WH_850x650px-150x115.webp 150w, https:\/\/shenhuexcavator.com\/wp-content\/uploads\/2025\/04\/77711208ea5a93e26a732ea2a8a925d_WH_850x650px-768x587.webp 768w, https:\/\/shenhuexcavator.com\/wp-content\/uploads\/2025\/04\/77711208ea5a93e26a732ea2a8a925d_WH_850x650px-16x12.webp 16w\" sizes=\"(max-width: 850px) 100vw, 850px\" \/> <img decoding=\"async\" class=\"aligncenter size-full wp-image-4556\" src=\"https:\/\/shenhuexcavator.com\/wp-content\/uploads\/2025\/04\/a03c1fddf5b64e9bd25ae937a068d41_WH_850x650px.webp\" alt=\"\" width=\"850\" height=\"650\" srcset=\"https:\/\/shenhuexcavator.com\/wp-content\/uploads\/2025\/04\/a03c1fddf5b64e9bd25ae937a068d41_WH_850x650px.webp 850w, https:\/\/shenhuexcavator.com\/wp-content\/uploads\/2025\/04\/a03c1fddf5b64e9bd25ae937a068d41_WH_850x650px-600x459.webp 600w, https:\/\/shenhuexcavator.com\/wp-content\/uploads\/2025\/04\/a03c1fddf5b64e9bd25ae937a068d41_WH_850x650px-300x229.webp 300w, https:\/\/shenhuexcavator.com\/wp-content\/uploads\/2025\/04\/a03c1fddf5b64e9bd25ae937a068d41_WH_850x650px-150x115.webp 150w, https:\/\/shenhuexcavator.com\/wp-content\/uploads\/2025\/04\/a03c1fddf5b64e9bd25ae937a068d41_WH_850x650px-768x587.webp 768w, https:\/\/shenhuexcavator.com\/wp-content\/uploads\/2025\/04\/a03c1fddf5b64e9bd25ae937a068d41_WH_850x650px-16x12.webp 16w\" sizes=\"(max-width: 850px) 100vw, 850px\" \/> <img decoding=\"async\" class=\"aligncenter size-full wp-image-4557\" src=\"https:\/\/shenhuexcavator.com\/wp-content\/uploads\/2025\/04\/c0b6ecd567b483502a81152b586bb2f_WH_850x650px.webp\" alt=\"\" width=\"850\" height=\"650\" srcset=\"https:\/\/shenhuexcavator.com\/wp-content\/uploads\/2025\/04\/c0b6ecd567b483502a81152b586bb2f_WH_850x650px.webp 850w, https:\/\/shenhuexcavator.com\/wp-content\/uploads\/2025\/04\/c0b6ecd567b483502a81152b586bb2f_WH_850x650px-600x459.webp 600w, https:\/\/shenhuexcavator.com\/wp-content\/uploads\/2025\/04\/c0b6ecd567b483502a81152b586bb2f_WH_850x650px-300x229.webp 300w, https:\/\/shenhuexcavator.com\/wp-content\/uploads\/2025\/04\/c0b6ecd567b483502a81152b586bb2f_WH_850x650px-150x115.webp 150w, https:\/\/shenhuexcavator.com\/wp-content\/uploads\/2025\/04\/c0b6ecd567b483502a81152b586bb2f_WH_850x650px-768x587.webp 768w, https:\/\/shenhuexcavator.com\/wp-content\/uploads\/2025\/04\/c0b6ecd567b483502a81152b586bb2f_WH_850x650px-16x12.webp 16w\" sizes=\"(max-width: 850px) 100vw, 850px\" \/> <img loading=\"lazy\" decoding=\"async\" class=\"aligncenter size-full wp-image-4558\" src=\"https:\/\/shenhuexcavator.com\/wp-content\/uploads\/2025\/04\/eef759fb51e0556031a872bbbac6833_WH_850x650px.webp\" alt=\"\" width=\"850\" height=\"650\" srcset=\"https:\/\/shenhuexcavator.com\/wp-content\/uploads\/2025\/04\/eef759fb51e0556031a872bbbac6833_WH_850x650px.webp 850w, https:\/\/shenhuexcavator.com\/wp-content\/uploads\/2025\/04\/eef759fb51e0556031a872bbbac6833_WH_850x650px-600x459.webp 600w, https:\/\/shenhuexcavator.com\/wp-content\/uploads\/2025\/04\/eef759fb51e0556031a872bbbac6833_WH_850x650px-300x229.webp 300w, https:\/\/shenhuexcavator.com\/wp-content\/uploads\/2025\/04\/eef759fb51e0556031a872bbbac6833_WH_850x650px-150x115.webp 150w, https:\/\/shenhuexcavator.com\/wp-content\/uploads\/2025\/04\/eef759fb51e0556031a872bbbac6833_WH_850x650px-768x587.webp 768w, https:\/\/shenhuexcavator.com\/wp-content\/uploads\/2025\/04\/eef759fb51e0556031a872bbbac6833_WH_850x650px-16x12.webp 16w\" sizes=\"(max-width: 850px) 100vw, 850px\" \/><\/p>","protected":false},"excerpt":{"rendered":"<p>\"Excavatrice Hitachi ZX350-3 d'occasion, une excavatrice de 35 tonnes reconnue pour sa fiabilit\u00e9 et ses performances. La ZX350-3 est \u00e9quip\u00e9e du syst\u00e8me hydraulique avanc\u00e9 d'Hitachi qui offre un excellent contr\u00f4le et une grande efficacit\u00e9. Son moteur de 194 kW fournit des forces d'excavation puissantes tout en conservant un bon rendement \u00e9nerg\u00e9tique. Les unit\u00e9s d'occasion doivent \u00eatre inspect\u00e9es pour v\u00e9rifier l'\u00e9tat de la pompe hydraulique et l'usure du ch\u00e2ssis. La durabilit\u00e9 de la machine la rend adapt\u00e9e aux applications exigeantes telles que les carri\u00e8res et la construction lourde\".<\/p>","protected":false},"featured_media":4559,"template":"","meta":[],"product_brand":[40],"product_cat":[120,96,39],"product_tag":[],"class_list":{"0":"post-4473","1":"product","2":"type-product","3":"status-publish","4":"has-post-thumbnail","6":"product_brand-hitachi","7":"product_cat-2020-2023","8":"product_cat-35t","9":"product_cat-used-hitachi-excavator","11":"first","12":"instock","13":"shipping-taxable","14":"purchasable","15":"product-type-simple"},"_links":{"self":[{"href":"https:\/\/shenhuexcavator.com\/fr\/wp-json\/wp\/v2\/product\/4473","targetHints":{"allow":["GET"]}}],"collection":[{"href":"https:\/\/shenhuexcavator.com\/fr\/wp-json\/wp\/v2\/product"}],"about":[{"href":"https:\/\/shenhuexcavator.com\/fr\/wp-json\/wp\/v2\/types\/product"}],"wp:featuredmedia":[{"embeddable":true,"href":"https:\/\/shenhuexcavator.com\/fr\/wp-json\/wp\/v2\/media\/4559"}],"wp:attachment":[{"href":"https:\/\/shenhuexcavator.com\/fr\/wp-json\/wp\/v2\/media?parent=4473"}],"wp:term":[{"taxonomy":"product_brand","embeddable":true,"href":"https:\/\/shenhuexcavator.com\/fr\/wp-json\/wp\/v2\/product_brand?post=4473"},{"taxonomy":"product_cat","embeddable":true,"href":"https:\/\/shenhuexcavator.com\/fr\/wp-json\/wp\/v2\/product_cat?post=4473"},{"taxonomy":"product_tag","embeddable":true,"href":"https:\/\/shenhuexcavator.com\/fr\/wp-json\/wp\/v2\/product_tag?post=4473"}],"curies":[{"name":"wp","href":"https:\/\/api.w.org\/{rel}","templated":true}]}}