{"id":4604,"date":"2025-04-30T16:16:00","date_gmt":"2025-04-30T08:16:00","guid":{"rendered":"https:\/\/shenhuexcavator.com\/?post_type=product&#038;p=4604"},"modified":"2025-07-17T15:10:24","modified_gmt":"2025-07-17T07:10:24","slug":"used-kobelco-sk30sr-excavator","status":"publish","type":"product","link":"https:\/\/shenhuexcavator.com\/fr\/produit\/used-kobelco-sk30sr-excavator\/","title":{"rendered":"Pelle Kobelco SK30SR d'occasion"},"content":{"rendered":"<p><img fetchpriority=\"high\" decoding=\"async\" class=\"aligncenter size-full wp-image-4610\" src=\"https:\/\/shenhuexcavator.com\/wp-content\/uploads\/2025\/04\/1-13.webp\" alt=\"\" width=\"850\" height=\"650\" srcset=\"https:\/\/shenhuexcavator.com\/wp-content\/uploads\/2025\/04\/1-13.webp 850w, https:\/\/shenhuexcavator.com\/wp-content\/uploads\/2025\/04\/1-13-600x459.webp 600w, https:\/\/shenhuexcavator.com\/wp-content\/uploads\/2025\/04\/1-13-300x229.webp 300w, https:\/\/shenhuexcavator.com\/wp-content\/uploads\/2025\/04\/1-13-150x115.webp 150w, https:\/\/shenhuexcavator.com\/wp-content\/uploads\/2025\/04\/1-13-768x587.webp 768w, https:\/\/shenhuexcavator.com\/wp-content\/uploads\/2025\/04\/1-13-16x12.webp 16w\" sizes=\"(max-width: 850px) 100vw, 850px\" \/> <img decoding=\"async\" class=\"aligncenter size-full wp-image-4611\" src=\"https:\/\/shenhuexcavator.com\/wp-content\/uploads\/2025\/04\/2-10.webp\" alt=\"\" width=\"850\" height=\"650\" srcset=\"https:\/\/shenhuexcavator.com\/wp-content\/uploads\/2025\/04\/2-10.webp 850w, https:\/\/shenhuexcavator.com\/wp-content\/uploads\/2025\/04\/2-10-600x459.webp 600w, https:\/\/shenhuexcavator.com\/wp-content\/uploads\/2025\/04\/2-10-300x229.webp 300w, https:\/\/shenhuexcavator.com\/wp-content\/uploads\/2025\/04\/2-10-150x115.webp 150w, https:\/\/shenhuexcavator.com\/wp-content\/uploads\/2025\/04\/2-10-768x587.webp 768w, https:\/\/shenhuexcavator.com\/wp-content\/uploads\/2025\/04\/2-10-16x12.webp 16w\" sizes=\"(max-width: 850px) 100vw, 850px\" \/> <img decoding=\"async\" class=\"aligncenter size-full wp-image-4612\" src=\"https:\/\/shenhuexcavator.com\/wp-content\/uploads\/2025\/04\/3-12.webp\" alt=\"\" width=\"850\" height=\"650\" srcset=\"https:\/\/shenhuexcavator.com\/wp-content\/uploads\/2025\/04\/3-12.webp 850w, https:\/\/shenhuexcavator.com\/wp-content\/uploads\/2025\/04\/3-12-600x459.webp 600w, https:\/\/shenhuexcavator.com\/wp-content\/uploads\/2025\/04\/3-12-300x229.webp 300w, https:\/\/shenhuexcavator.com\/wp-content\/uploads\/2025\/04\/3-12-150x115.webp 150w, https:\/\/shenhuexcavator.com\/wp-content\/uploads\/2025\/04\/3-12-768x587.webp 768w, https:\/\/shenhuexcavator.com\/wp-content\/uploads\/2025\/04\/3-12-16x12.webp 16w\" sizes=\"(max-width: 850px) 100vw, 850px\" \/> <img loading=\"lazy\" decoding=\"async\" class=\"aligncenter size-full wp-image-4613\" src=\"https:\/\/shenhuexcavator.com\/wp-content\/uploads\/2025\/04\/4-11.webp\" alt=\"\" width=\"850\" height=\"650\" srcset=\"https:\/\/shenhuexcavator.com\/wp-content\/uploads\/2025\/04\/4-11.webp 850w, https:\/\/shenhuexcavator.com\/wp-content\/uploads\/2025\/04\/4-11-600x459.webp 600w, https:\/\/shenhuexcavator.com\/wp-content\/uploads\/2025\/04\/4-11-300x229.webp 300w, https:\/\/shenhuexcavator.com\/wp-content\/uploads\/2025\/04\/4-11-150x115.webp 150w, https:\/\/shenhuexcavator.com\/wp-content\/uploads\/2025\/04\/4-11-768x587.webp 768w, https:\/\/shenhuexcavator.com\/wp-content\/uploads\/2025\/04\/4-11-16x12.webp 16w\" sizes=\"(max-width: 850px) 100vw, 850px\" \/> <img loading=\"lazy\" decoding=\"async\" class=\"aligncenter size-full wp-image-4614\" src=\"https:\/\/shenhuexcavator.com\/wp-content\/uploads\/2025\/04\/5-11.webp\" alt=\"\" width=\"850\" height=\"650\" srcset=\"https:\/\/shenhuexcavator.com\/wp-content\/uploads\/2025\/04\/5-11.webp 850w, https:\/\/shenhuexcavator.com\/wp-content\/uploads\/2025\/04\/5-11-600x459.webp 600w, https:\/\/shenhuexcavator.com\/wp-content\/uploads\/2025\/04\/5-11-300x229.webp 300w, https:\/\/shenhuexcavator.com\/wp-content\/uploads\/2025\/04\/5-11-150x115.webp 150w, https:\/\/shenhuexcavator.com\/wp-content\/uploads\/2025\/04\/5-11-768x587.webp 768w, https:\/\/shenhuexcavator.com\/wp-content\/uploads\/2025\/04\/5-11-16x12.webp 16w\" sizes=\"(max-width: 850px) 100vw, 850px\" \/><\/p>","protected":false},"excerpt":{"rendered":"<p>Used Kobelco SK30SR Excavator\", \"Une pelle compacte de 3 tonnes \u00e0 rayon court con\u00e7ue pour les espaces de travail restreints avec une excellente maniabilit\u00e9. Aliment\u00e9e par un moteur diesel Yanmar de 24,8 CV qui offre des performances fiables tout en respectant les normes d'\u00e9mission. Elle est \u00e9quip\u00e9e du syst\u00e8me hydraulique avanc\u00e9 de Kobelco pour un fonctionnement en douceur et un contr\u00f4le pr\u00e9cis. La conception sans d\u00e9port arri\u00e8re permet de travailler dans des zones confin\u00e9es sans sacrifier la stabilit\u00e9. Profondeur de fouille maximale de 2,9 m et capacit\u00e9 du godet de 0,08 m\u00b3. Les applications courantes comprennent l'am\u00e9nagement paysager, les travaux d'utilit\u00e9 publique et la construction r\u00e9sidentielle. Les machines d'occasion doivent \u00eatre inspect\u00e9es pour v\u00e9rifier l'absence de fuites dans le syst\u00e8me hydraulique, l'usure du train de roulement (en particulier des chenilles en caoutchouc, le cas \u00e9ch\u00e9ant) et l'\u00e9tat du moteur. Le poste de conduite spacieux offre une excellente visibilit\u00e9 et un grand confort pour les p\u00e9riodes de travail prolong\u00e9es. Les mod\u00e8les bien entretenus ayant moins de 5 000 heures de fonctionnement peuvent repr\u00e9senter une excellente valeur pour les petits entrepreneurs.<\/p>","protected":false},"featured_media":4605,"template":"","meta":[],"product_brand":[53],"product_cat":[120,89,49],"product_tag":[],"class_list":{"0":"post-4604","1":"product","2":"type-product","3":"status-publish","4":"has-post-thumbnail","6":"product_brand-kobelco","7":"product_cat-2020-2023","8":"product_cat-3t","9":"product_cat-used-kobelco-excavator","11":"first","12":"instock","13":"shipping-taxable","14":"purchasable","15":"product-type-simple"},"_links":{"self":[{"href":"https:\/\/shenhuexcavator.com\/fr\/wp-json\/wp\/v2\/product\/4604","targetHints":{"allow":["GET"]}}],"collection":[{"href":"https:\/\/shenhuexcavator.com\/fr\/wp-json\/wp\/v2\/product"}],"about":[{"href":"https:\/\/shenhuexcavator.com\/fr\/wp-json\/wp\/v2\/types\/product"}],"wp:featuredmedia":[{"embeddable":true,"href":"https:\/\/shenhuexcavator.com\/fr\/wp-json\/wp\/v2\/media\/4605"}],"wp:attachment":[{"href":"https:\/\/shenhuexcavator.com\/fr\/wp-json\/wp\/v2\/media?parent=4604"}],"wp:term":[{"taxonomy":"product_brand","embeddable":true,"href":"https:\/\/shenhuexcavator.com\/fr\/wp-json\/wp\/v2\/product_brand?post=4604"},{"taxonomy":"product_cat","embeddable":true,"href":"https:\/\/shenhuexcavator.com\/fr\/wp-json\/wp\/v2\/product_cat?post=4604"},{"taxonomy":"product_tag","embeddable":true,"href":"https:\/\/shenhuexcavator.com\/fr\/wp-json\/wp\/v2\/product_tag?post=4604"}],"curies":[{"name":"wp","href":"https:\/\/api.w.org\/{rel}","templated":true}]}}