{"id":4926,"date":"2025-07-17T11:03:46","date_gmt":"2025-07-17T03:03:46","guid":{"rendered":"https:\/\/shenhuexcavator.com\/?post_type=product&#038;p=4926"},"modified":"2025-07-17T15:10:25","modified_gmt":"2025-07-17T07:10:25","slug":"used-doosan-dx225-excavator","status":"publish","type":"product","link":"https:\/\/shenhuexcavator.com\/fr\/produit\/used-doosan-dx225-excavator\/","title":{"rendered":"Pelle Doosan dx225 d'occasion"},"content":{"rendered":"<h4>Pelle Doosan DX225 - Caract\u00e9ristiques principales<\/h4>\n<ul>\n<li>Moteur :\n<ul>\n<li>Mod\u00e8le : Doosan DL08 (conforme \u00e0 la norme Tier 4 Final\/Stage V)<\/li>\n<li>Puissance : 129 kW (173 CV)<\/li>\n<li>Capacit\u00e9 de carburant : 400 L<\/li>\n<\/ul>\n<\/li>\n<li>Poids en ordre de marche : 24 800 kg (24,8 tonnes)<\/li>\n<li>Capacit\u00e9 de la benne : 0,8-1,2 m\u00b3 (standard)<\/li>\n<li>Profondeur de fouille maximale : 7,21 m (23,6 ft)<\/li>\n<li>Port\u00e9e maximale : 10,2 m (33,5 ft)<\/li>\n<li>Syst\u00e8me hydraulique :\n<ul>\n<li>D\u00e9bit de la pompe : 2 \u00d7 212 L\/min<\/li>\n<li>Pression du syst\u00e8me : 34,3 MPa (4 975 psi)<\/li>\n<\/ul>\n<\/li>\n<li>Largeur de la voie : 600 mm (standard) \/ 800 mm (en option)<\/li>\n<\/ul>","protected":false},"excerpt":{"rendered":"<p>Pelle sur chenilles Doosan DX225 d'occasion - classe 24,8 tonnes, moteur 129 kW (173 CV), godet de 1,2 m\u00b3. Id\u00e9ale pour la construction lourde, l'exploitation de carri\u00e8res et le terrassement, avec une efficacit\u00e9 et une durabilit\u00e9 \u00e9lev\u00e9es.<\/p>","protected":false},"featured_media":4930,"template":"","meta":[],"product_brand":[],"product_cat":[120,111,117],"product_tag":[],"class_list":{"0":"post-4926","1":"product","2":"type-product","3":"status-publish","4":"has-post-thumbnail","6":"product_cat-2020-2023","7":"product_cat-24-8t","8":"product_cat-usd-doosan-excavator-used-excavator","10":"first","11":"instock","12":"shipping-taxable","13":"purchasable","14":"product-type-simple"},"_links":{"self":[{"href":"https:\/\/shenhuexcavator.com\/fr\/wp-json\/wp\/v2\/product\/4926","targetHints":{"allow":["GET"]}}],"collection":[{"href":"https:\/\/shenhuexcavator.com\/fr\/wp-json\/wp\/v2\/product"}],"about":[{"href":"https:\/\/shenhuexcavator.com\/fr\/wp-json\/wp\/v2\/types\/product"}],"wp:featuredmedia":[{"embeddable":true,"href":"https:\/\/shenhuexcavator.com\/fr\/wp-json\/wp\/v2\/media\/4930"}],"wp:attachment":[{"href":"https:\/\/shenhuexcavator.com\/fr\/wp-json\/wp\/v2\/media?parent=4926"}],"wp:term":[{"taxonomy":"product_brand","embeddable":true,"href":"https:\/\/shenhuexcavator.com\/fr\/wp-json\/wp\/v2\/product_brand?post=4926"},{"taxonomy":"product_cat","embeddable":true,"href":"https:\/\/shenhuexcavator.com\/fr\/wp-json\/wp\/v2\/product_cat?post=4926"},{"taxonomy":"product_tag","embeddable":true,"href":"https:\/\/shenhuexcavator.com\/fr\/wp-json\/wp\/v2\/product_tag?post=4926"}],"curies":[{"name":"wp","href":"https:\/\/api.w.org\/{rel}","templated":true}]}}