{"id":4933,"date":"2025-07-17T11:08:00","date_gmt":"2025-07-17T03:08:00","guid":{"rendered":"https:\/\/shenhuexcavator.com\/?post_type=product&#038;p=4933"},"modified":"2025-07-17T15:10:25","modified_gmt":"2025-07-17T07:10:25","slug":"used-doosan-dx340-excavator","status":"publish","type":"product","link":"https:\/\/shenhuexcavator.com\/fr\/produit\/used-doosan-dx340-excavator\/","title":{"rendered":"Pelle Doosan dx340 d'occasion"},"content":{"rendered":"<h4>Pelle Doosan DX340 - Caract\u00e9ristiques principales<\/h4>\n<ul>\n<li>Moteur :\n<ul>\n<li>Mod\u00e8le : Doosan DL08V (conforme \u00e0 la norme Tier 4 Final\/Stage V)<\/li>\n<li>Puissance : 202 kW (271 CV) \u00e0 1 900 tr\/min<\/li>\n<li>Capacit\u00e9 de carburant : 600 L<\/li>\n<\/ul>\n<\/li>\n<li>Poids en ordre de marche : 38 000 kg (38 tonnes)<\/li>\n<li>Capacit\u00e9 de la benne : 1,2-1,6 m\u00b3 (standard)<\/li>\n<li>Profondeur de fouille maximale : 7,92 m (26 ft)<\/li>\n<li>Port\u00e9e maximale : 11,1 m (36,4 ft)<\/li>\n<li>Syst\u00e8me hydraulique :\n<ul>\n<li>D\u00e9bit de la pompe : 2 \u00d7 300 L\/min<\/li>\n<li>Pression du syst\u00e8me : 34,3 MPa (4 975 psi)<\/li>\n<\/ul>\n<\/li>\n<li>Largeur des chenilles : 800 mm (standard) \/ 900 mm (en option)<\/li>\n<\/ul>","protected":false},"excerpt":{"rendered":"<p>Pelle sur chenilles Doosan DX340 - classe 38 tonnes, moteur 202 kW (271 CV), godet 1,6 m\u00b3. Con\u00e7ue pour l'exploitation mini\u00e8re, la construction lourde et le terrassement \u00e0 grande \u00e9chelle avec une puissance et une durabilit\u00e9 sup\u00e9rieures.<\/p>","protected":false},"featured_media":4935,"template":"","meta":[],"product_brand":[],"product_cat":[87,120,117],"product_tag":[],"class_list":{"0":"post-4933","1":"product","2":"type-product","3":"status-publish","4":"has-post-thumbnail","6":"product_cat-38t","7":"product_cat-2020-2023","8":"product_cat-usd-doosan-excavator-used-excavator","10":"first","11":"instock","12":"shipping-taxable","13":"purchasable","14":"product-type-simple"},"_links":{"self":[{"href":"https:\/\/shenhuexcavator.com\/fr\/wp-json\/wp\/v2\/product\/4933","targetHints":{"allow":["GET"]}}],"collection":[{"href":"https:\/\/shenhuexcavator.com\/fr\/wp-json\/wp\/v2\/product"}],"about":[{"href":"https:\/\/shenhuexcavator.com\/fr\/wp-json\/wp\/v2\/types\/product"}],"wp:featuredmedia":[{"embeddable":true,"href":"https:\/\/shenhuexcavator.com\/fr\/wp-json\/wp\/v2\/media\/4935"}],"wp:attachment":[{"href":"https:\/\/shenhuexcavator.com\/fr\/wp-json\/wp\/v2\/media?parent=4933"}],"wp:term":[{"taxonomy":"product_brand","embeddable":true,"href":"https:\/\/shenhuexcavator.com\/fr\/wp-json\/wp\/v2\/product_brand?post=4933"},{"taxonomy":"product_cat","embeddable":true,"href":"https:\/\/shenhuexcavator.com\/fr\/wp-json\/wp\/v2\/product_cat?post=4933"},{"taxonomy":"product_tag","embeddable":true,"href":"https:\/\/shenhuexcavator.com\/fr\/wp-json\/wp\/v2\/product_tag?post=4933"}],"curies":[{"name":"wp","href":"https:\/\/api.w.org\/{rel}","templated":true}]}}