{"id":4941,"date":"2025-07-17T11:13:45","date_gmt":"2025-07-17T03:13:45","guid":{"rendered":"https:\/\/shenhuexcavator.com\/?post_type=product&#038;p=4941"},"modified":"2025-07-17T15:10:25","modified_gmt":"2025-07-17T07:10:25","slug":"used-yanmar-55-excavator","status":"publish","type":"product","link":"https:\/\/shenhuexcavator.com\/fr\/produit\/used-yanmar-55-excavator\/","title":{"rendered":"Pelle Yanmar 55 d'occasion"},"content":{"rendered":"<h4>Yanmar V55-5A Mini Excavator - Caract\u00e9ristiques principales<\/h4>\n<ul>\n<li>Moteur :\n<ul>\n<li>Mod\u00e8le : Yanmar 4TNV98 (conforme \u00e0 la norme Tier 4 Final)<\/li>\n<li>Puissance : 26,7 kW (35,8 CV)<\/li>\n<li>Capacit\u00e9 de carburant : 40 L<\/li>\n<\/ul>\n<\/li>\n<li>Poids en ordre de marche : 5 500 kg (5,5 tonnes)<\/li>\n<li>Capacit\u00e9 de la benne : 0,21 m\u00b3 (standard)<\/li>\n<li>Profondeur de fouille maximale : 3,67 m (12 ft)<\/li>\n<li>Port\u00e9e maximale : 6,0 m (19,7 ft)<\/li>\n<li>Syst\u00e8me hydraulique :\n<ul>\n<li>D\u00e9bit de la pompe : 2 \u00d7 45 L\/min<\/li>\n<li>Pression du syst\u00e8me : 24,5 MPa (3 553 psi)<\/li>\n<\/ul>\n<\/li>\n<li>Largeur de la voie : 400 mm (standard)<\/li>\n<\/ul>","protected":false},"excerpt":{"rendered":"<p>Mini-pelle Yanmar V55-5A - Classe 5,5 tonnes, moteur Yanmar de 35,8 CV, godet de 0,21 m\u00b3. Parfaite pour les espaces restreints dans l'am\u00e9nagement paysager, les services publics et la construction l\u00e9g\u00e8re.<\/p>","protected":false},"featured_media":4942,"template":"","meta":[],"product_brand":[],"product_cat":[120,75,113],"product_tag":[],"class_list":{"0":"post-4941","1":"product","2":"type-product","3":"status-publish","4":"has-post-thumbnail","6":"product_cat-2020-2023","7":"product_cat-5-5t","8":"product_cat-used-yanmar-excavator","10":"first","11":"instock","12":"shipping-taxable","13":"purchasable","14":"product-type-simple"},"_links":{"self":[{"href":"https:\/\/shenhuexcavator.com\/fr\/wp-json\/wp\/v2\/product\/4941","targetHints":{"allow":["GET"]}}],"collection":[{"href":"https:\/\/shenhuexcavator.com\/fr\/wp-json\/wp\/v2\/product"}],"about":[{"href":"https:\/\/shenhuexcavator.com\/fr\/wp-json\/wp\/v2\/types\/product"}],"wp:featuredmedia":[{"embeddable":true,"href":"https:\/\/shenhuexcavator.com\/fr\/wp-json\/wp\/v2\/media\/4942"}],"wp:attachment":[{"href":"https:\/\/shenhuexcavator.com\/fr\/wp-json\/wp\/v2\/media?parent=4941"}],"wp:term":[{"taxonomy":"product_brand","embeddable":true,"href":"https:\/\/shenhuexcavator.com\/fr\/wp-json\/wp\/v2\/product_brand?post=4941"},{"taxonomy":"product_cat","embeddable":true,"href":"https:\/\/shenhuexcavator.com\/fr\/wp-json\/wp\/v2\/product_cat?post=4941"},{"taxonomy":"product_tag","embeddable":true,"href":"https:\/\/shenhuexcavator.com\/fr\/wp-json\/wp\/v2\/product_tag?post=4941"}],"curies":[{"name":"wp","href":"https:\/\/api.w.org\/{rel}","templated":true}]}}