{"id":4958,"date":"2025-07-17T11:27:01","date_gmt":"2025-07-17T03:27:01","guid":{"rendered":"https:\/\/shenhuexcavator.com\/?post_type=product&#038;p=4958"},"modified":"2025-07-17T15:10:26","modified_gmt":"2025-07-17T07:10:26","slug":"used-kobota-kx057-4-excavator","status":"publish","type":"product","link":"https:\/\/shenhuexcavator.com\/fr\/produit\/used-kobota-kx057-4-excavator\/","title":{"rendered":"Pelle Kobota kx057-4 d'occasion"},"content":{"rendered":"<h4>Pelle compacte Kubota KX057-4 - Caract\u00e9ristiques principales<\/h4>\n<ul>\n<li>Moteur :\n<ul>\n<li>Mod\u00e8le : Kubota V2607 (conforme \u00e0 la norme Tier 4 Final)<\/li>\n<li>Puissance : 31,7 kW (42,5 CV) \u00e0 2 200 tr\/min<\/li>\n<li>Capacit\u00e9 de carburant : 60 L<\/li>\n<\/ul>\n<\/li>\n<li>Poids en ordre de marche : 5 700 kg (5,7 tonnes)<\/li>\n<li>Capacit\u00e9 de la benne : 0,21 m\u00b3 (standard)<\/li>\n<li>Profondeur de fouille maximale : 3,81 m (12,5 ft)<\/li>\n<li>Port\u00e9e maximale : 6,09 m (20 ft)<\/li>\n<li>Syst\u00e8me hydraulique :\n<ul>\n<li>D\u00e9bit de la pompe : 2 \u00d7 48,5 L\/min<\/li>\n<li>Pression du syst\u00e8me : 34,3 MPa (4 976 psi)<\/li>\n<\/ul>\n<\/li>\n<li>Largeur de la voie : 400 mm (standard)<\/li>\n<li>Rayon de pivotement : 1,49 m (pivotement z\u00e9ro)<\/li>\n<\/ul>","protected":false},"excerpt":{"rendered":"<p>Pelle compacte Kubota KX057-4 - Classe 5,7 tonnes, moteur Kubota de 42,5 CV, godet de 0,21 m\u00b3. Conception sans d\u00e9port arri\u00e8re, id\u00e9ale pour l'am\u00e9nagement paysager et les travaux utilitaires dans les espaces restreints.<\/p>","protected":false},"featured_media":4963,"template":"","meta":[],"product_brand":[],"product_cat":[120,80,47],"product_tag":[],"class_list":{"0":"post-4958","1":"product","2":"type-product","3":"status-publish","4":"has-post-thumbnail","6":"product_cat-2020-2023","7":"product_cat-5t","8":"product_cat-used-kubota-excavator","10":"first","11":"instock","12":"shipping-taxable","13":"purchasable","14":"product-type-simple"},"_links":{"self":[{"href":"https:\/\/shenhuexcavator.com\/fr\/wp-json\/wp\/v2\/product\/4958","targetHints":{"allow":["GET"]}}],"collection":[{"href":"https:\/\/shenhuexcavator.com\/fr\/wp-json\/wp\/v2\/product"}],"about":[{"href":"https:\/\/shenhuexcavator.com\/fr\/wp-json\/wp\/v2\/types\/product"}],"wp:featuredmedia":[{"embeddable":true,"href":"https:\/\/shenhuexcavator.com\/fr\/wp-json\/wp\/v2\/media\/4963"}],"wp:attachment":[{"href":"https:\/\/shenhuexcavator.com\/fr\/wp-json\/wp\/v2\/media?parent=4958"}],"wp:term":[{"taxonomy":"product_brand","embeddable":true,"href":"https:\/\/shenhuexcavator.com\/fr\/wp-json\/wp\/v2\/product_brand?post=4958"},{"taxonomy":"product_cat","embeddable":true,"href":"https:\/\/shenhuexcavator.com\/fr\/wp-json\/wp\/v2\/product_cat?post=4958"},{"taxonomy":"product_tag","embeddable":true,"href":"https:\/\/shenhuexcavator.com\/fr\/wp-json\/wp\/v2\/product_tag?post=4958"}],"curies":[{"name":"wp","href":"https:\/\/api.w.org\/{rel}","templated":true}]}}