{"id":4965,"date":"2025-07-17T11:30:00","date_gmt":"2025-07-17T03:30:00","guid":{"rendered":"https:\/\/shenhuexcavator.com\/?post_type=product&#038;p=4965"},"modified":"2025-07-22T14:36:55","modified_gmt":"2025-07-22T06:36:55","slug":"used-cat-330bl-excavator","status":"publish","type":"product","link":"https:\/\/shenhuexcavator.com\/fr\/produit\/used-cat-330bl-excavator\/","title":{"rendered":"Pelle 330BL Cat d'occasion"},"content":{"rendered":"<h4>Pelle 330BL Cat\u00ae - Caract\u00e9ristiques principales<\/h4>\n<ul>\n<li>Moteur :\n<ul>\n<li>Mod\u00e8le : Cat 3306 (conforme \u00e0 la norme Tier 1)<\/li>\n<li>Puissance : 162 kW (217 CV) \u00e0 1 800 tr\/min<\/li>\n<li>Capacit\u00e9 de carburant : 500 L<\/li>\n<\/ul>\n<\/li>\n<li>Poids en ordre de marche : 30 000 kg (30 tonnes)<\/li>\n<li>Capacit\u00e9 de la benne : 1,0-1,4 m\u00b3 (standard)<\/li>\n<li>Profondeur de fouille maximale : 7,3 m (24 ft)<\/li>\n<li>Port\u00e9e maximale : 10,2 m (33,5 ft)<\/li>\n<li>Syst\u00e8me hydraulique :\n<ul>\n<li>D\u00e9bit de la pompe : 2 \u00d7 212 L\/min<\/li>\n<li>Pression du syst\u00e8me : 34,3 MPa (4 975 psi)<\/li>\n<\/ul>\n<\/li>\n<li>Largeur de la voie : 600 mm (standard) \/ 800 mm (en option)<\/li>\n<\/ul>","protected":false},"excerpt":{"rendered":"<p>Pelle Cat\u00ae 330BL - Classe 30 tonnes, moteur de 162 kW (217 CV), godet de 1,4 m\u00b3. Con\u00e7ue pour la construction lourde, l'exploitation de carri\u00e8res et le terrassement \u00e0 grande \u00e9chelle avec une durabilit\u00e9 sup\u00e9rieure.<\/p>\n<div id=\"gtx-trans\" style=\"position: absolute; left: -93px; top: -9.50391px;\">\n<div class=\"gtx-trans-icon\"><\/div>\n<\/div>","protected":false},"featured_media":4970,"template":"","meta":[],"product_brand":[54],"product_cat":[45],"product_tag":[],"class_list":{"0":"post-4965","1":"product","2":"type-product","3":"status-publish","4":"has-post-thumbnail","6":"product_brand-caterpillar","7":"product_cat-used-caterpillar-excavator","9":"first","10":"instock","11":"shipping-taxable","12":"purchasable","13":"product-type-simple"},"_links":{"self":[{"href":"https:\/\/shenhuexcavator.com\/fr\/wp-json\/wp\/v2\/product\/4965","targetHints":{"allow":["GET"]}}],"collection":[{"href":"https:\/\/shenhuexcavator.com\/fr\/wp-json\/wp\/v2\/product"}],"about":[{"href":"https:\/\/shenhuexcavator.com\/fr\/wp-json\/wp\/v2\/types\/product"}],"wp:featuredmedia":[{"embeddable":true,"href":"https:\/\/shenhuexcavator.com\/fr\/wp-json\/wp\/v2\/media\/4970"}],"wp:attachment":[{"href":"https:\/\/shenhuexcavator.com\/fr\/wp-json\/wp\/v2\/media?parent=4965"}],"wp:term":[{"taxonomy":"product_brand","embeddable":true,"href":"https:\/\/shenhuexcavator.com\/fr\/wp-json\/wp\/v2\/product_brand?post=4965"},{"taxonomy":"product_cat","embeddable":true,"href":"https:\/\/shenhuexcavator.com\/fr\/wp-json\/wp\/v2\/product_cat?post=4965"},{"taxonomy":"product_tag","embeddable":true,"href":"https:\/\/shenhuexcavator.com\/fr\/wp-json\/wp\/v2\/product_tag?post=4965"}],"curies":[{"name":"wp","href":"https:\/\/api.w.org\/{rel}","templated":true}]}}