{"id":2181,"date":"2025-02-25T10:16:00","date_gmt":"2025-02-25T02:16:00","guid":{"rendered":"https:\/\/shenhuexcavator.com\/?post_type=product&#038;p=2181"},"modified":"2025-07-17T15:09:48","modified_gmt":"2025-07-17T07:09:48","slug":"used-sany-sy55-55c-excavator","status":"publish","type":"product","link":"https:\/\/shenhuexcavator.com\/it\/prodotto\/used-sany-sy55-55c-excavator\/","title":{"rendered":"Escavatore Sany SY55 55C"},"content":{"rendered":"<p><img fetchpriority=\"high\" decoding=\"async\" class=\"aligncenter size-full wp-image-2182\" src=\"https:\/\/shenhuexcavator.com\/wp-content\/uploads\/2025\/02\/6-2.png\" alt=\"\" width=\"850\" height=\"650\"> <img decoding=\"async\" class=\"aligncenter size-full wp-image-2183\" src=\"https:\/\/shenhuexcavator.com\/wp-content\/uploads\/2025\/02\/7-2.png\" alt=\"\" width=\"850\" height=\"650\"> <img decoding=\"async\" class=\"aligncenter size-full wp-image-2184\" src=\"https:\/\/shenhuexcavator.com\/wp-content\/uploads\/2025\/02\/8-2.png\" alt=\"\" width=\"850\" height=\"650\"> <img loading=\"lazy\" decoding=\"async\" class=\"aligncenter size-full wp-image-2185\" src=\"https:\/\/shenhuexcavator.com\/wp-content\/uploads\/2025\/02\/9-2.png\" alt=\"\" width=\"850\" height=\"650\"> <img loading=\"lazy\" decoding=\"async\" class=\"aligncenter size-full wp-image-2186\" src=\"https:\/\/shenhuexcavator.com\/wp-content\/uploads\/2025\/02\/10-2.png\" alt=\"\" width=\"850\" height=\"650\"> <img loading=\"lazy\" decoding=\"async\" class=\"aligncenter size-full wp-image-2187\" src=\"https:\/\/shenhuexcavator.com\/wp-content\/uploads\/2025\/02\/11-2.png\" alt=\"\" width=\"850\" height=\"650\"> <img loading=\"lazy\" decoding=\"async\" class=\"aligncenter size-full wp-image-2188\" src=\"https:\/\/shenhuexcavator.com\/wp-content\/uploads\/2025\/02\/12-2.png\" alt=\"\" width=\"850\" height=\"650\"> <img loading=\"lazy\" decoding=\"async\" class=\"aligncenter size-full wp-image-2189\" src=\"https:\/\/shenhuexcavator.com\/wp-content\/uploads\/2025\/02\/13-2.png\" alt=\"\" width=\"850\" height=\"650\"> <img loading=\"lazy\" decoding=\"async\" class=\"aligncenter size-full wp-image-2190\" src=\"https:\/\/shenhuexcavator.com\/wp-content\/uploads\/2025\/02\/14-2.png\" alt=\"\" width=\"850\" height=\"650\"><\/p>","protected":false},"excerpt":{"rendered":"<p>L'escavatore Sany SY55 55C usato \u00e8 una macchina compatta e versatile, ideale per piccoli cantieri e progetti paesaggistici. Con un peso operativo di 5500 kg e una capacit\u00e0 della benna di 0,18 metri cubi, \u00e8 perfetto per attivit\u00e0 come lo scavo di trincee, il sollevamento di materiali e lo scavo leggero. Il motore diesel da 36,5 kW assicura prestazioni affidabili, mentre le dimensioni compatte consentono una facile manovrabilit\u00e0 in spazi ristretti. Il modello SY55 55C \u00e8 noto per l'efficienza dei consumi e per i bassi requisiti di manutenzione, che lo rendono una scelta economicamente vantaggiosa per i piccoli imprenditori e per i professionisti del paesaggio,<\/p>","protected":false},"featured_media":2191,"template":"","meta":[],"product_brand":[37],"product_cat":[120,75,38],"product_tag":[],"class_list":{"0":"post-2181","1":"product","2":"type-product","3":"status-publish","4":"has-post-thumbnail","6":"product_brand-sany","7":"product_cat-2020-2023","8":"product_cat-5-5t","9":"product_cat-used-sany-excavator","11":"first","12":"instock","13":"shipping-taxable","14":"purchasable","15":"product-type-simple"},"_links":{"self":[{"href":"https:\/\/shenhuexcavator.com\/it\/wp-json\/wp\/v2\/product\/2181","targetHints":{"allow":["GET"]}}],"collection":[{"href":"https:\/\/shenhuexcavator.com\/it\/wp-json\/wp\/v2\/product"}],"about":[{"href":"https:\/\/shenhuexcavator.com\/it\/wp-json\/wp\/v2\/types\/product"}],"wp:featuredmedia":[{"embeddable":true,"href":"https:\/\/shenhuexcavator.com\/it\/wp-json\/wp\/v2\/media\/2191"}],"wp:attachment":[{"href":"https:\/\/shenhuexcavator.com\/it\/wp-json\/wp\/v2\/media?parent=2181"}],"wp:term":[{"taxonomy":"product_brand","embeddable":true,"href":"https:\/\/shenhuexcavator.com\/it\/wp-json\/wp\/v2\/product_brand?post=2181"},{"taxonomy":"product_cat","embeddable":true,"href":"https:\/\/shenhuexcavator.com\/it\/wp-json\/wp\/v2\/product_cat?post=2181"},{"taxonomy":"product_tag","embeddable":true,"href":"https:\/\/shenhuexcavator.com\/it\/wp-json\/wp\/v2\/product_tag?post=2181"}],"curies":[{"name":"wp","href":"https:\/\/api.w.org\/{rel}","templated":true}]}}