{"id":2262,"date":"2025-02-25T14:35:00","date_gmt":"2025-02-25T06:35:00","guid":{"rendered":"https:\/\/shenhuexcavator.com\/?post_type=product&#038;p=2262"},"modified":"2025-07-17T15:09:52","modified_gmt":"2025-07-17T07:09:52","slug":"used-hitachi-zx55rsr-excavator","status":"publish","type":"product","link":"https:\/\/shenhuexcavator.com\/it\/prodotto\/used-hitachi-zx55rsr-excavator\/","title":{"rendered":"Escavatore Hitachi ZX55RSR"},"content":{"rendered":"<p><img fetchpriority=\"high\" decoding=\"async\" class=\"aligncenter size-full wp-image-2264\" src=\"https:\/\/shenhuexcavator.com\/wp-content\/uploads\/2025\/02\/1201c19daec906c569f3f7242183c6d.jpg\" alt=\"\" width=\"1024\" height=\"1024\"> <img decoding=\"async\" class=\"aligncenter size-full wp-image-2265\" src=\"https:\/\/shenhuexcavator.com\/wp-content\/uploads\/2025\/02\/e5139dcce2683081f73d39cd774297a.jpg\" alt=\"\" width=\"1024\" height=\"1024\"> <img decoding=\"async\" class=\"aligncenter size-full wp-image-2266\" src=\"https:\/\/shenhuexcavator.com\/wp-content\/uploads\/2025\/02\/2fe5f16b22d4f36eb6bc52771d56a59.jpg\" alt=\"\" width=\"850\" height=\"650\"> <img loading=\"lazy\" decoding=\"async\" class=\"aligncenter size-full wp-image-2267\" src=\"https:\/\/shenhuexcavator.com\/wp-content\/uploads\/2025\/02\/9f75f1636867e9aa0b9093715915ac6.jpg\" alt=\"\" width=\"850\" height=\"650\"> <img loading=\"lazy\" decoding=\"async\" class=\"aligncenter size-full wp-image-2268\" src=\"https:\/\/shenhuexcavator.com\/wp-content\/uploads\/2025\/02\/832ec7f2875e0c4799ee217a95b794a.jpg\" alt=\"\" width=\"850\" height=\"650\"><\/p>","protected":false},"excerpt":{"rendered":"<p>L'escavatore Hitachi ZX55RSR \u00e8 una macchina versatile, progettata per una variet\u00e0 di lavori di costruzione. Con un peso operativo di 5160 kg e una capacit\u00e0 della benna di 0,19 metri cubi, \u00e8 perfetto per progetti di medio impegno come la costruzione di strade e la paesaggistica. Il suo motore da 28,1 kW garantisce prestazioni robuste, mentre l'avanzato sistema idraulico assicura un funzionamento fluido e preciso. Lo ZX55RSR \u00e8 noto per la sua durata e per l'efficienza dei consumi, che lo rendono una scelta affidabile per gli appaltatori che desiderano massimizzare la produttivit\u00e0.<\/p>","protected":false},"featured_media":2263,"template":"","meta":[],"product_brand":[40],"product_cat":[120,75,39],"product_tag":[],"class_list":{"0":"post-2262","1":"product","2":"type-product","3":"status-publish","4":"has-post-thumbnail","6":"product_brand-hitachi","7":"product_cat-2020-2023","8":"product_cat-5-5t","9":"product_cat-used-hitachi-excavator","11":"first","12":"instock","13":"shipping-taxable","14":"purchasable","15":"product-type-simple"},"_links":{"self":[{"href":"https:\/\/shenhuexcavator.com\/it\/wp-json\/wp\/v2\/product\/2262","targetHints":{"allow":["GET"]}}],"collection":[{"href":"https:\/\/shenhuexcavator.com\/it\/wp-json\/wp\/v2\/product"}],"about":[{"href":"https:\/\/shenhuexcavator.com\/it\/wp-json\/wp\/v2\/types\/product"}],"wp:featuredmedia":[{"embeddable":true,"href":"https:\/\/shenhuexcavator.com\/it\/wp-json\/wp\/v2\/media\/2263"}],"wp:attachment":[{"href":"https:\/\/shenhuexcavator.com\/it\/wp-json\/wp\/v2\/media?parent=2262"}],"wp:term":[{"taxonomy":"product_brand","embeddable":true,"href":"https:\/\/shenhuexcavator.com\/it\/wp-json\/wp\/v2\/product_brand?post=2262"},{"taxonomy":"product_cat","embeddable":true,"href":"https:\/\/shenhuexcavator.com\/it\/wp-json\/wp\/v2\/product_cat?post=2262"},{"taxonomy":"product_tag","embeddable":true,"href":"https:\/\/shenhuexcavator.com\/it\/wp-json\/wp\/v2\/product_tag?post=2262"}],"curies":[{"name":"wp","href":"https:\/\/api.w.org\/{rel}","templated":true}]}}