{"id":2269,"date":"2025-02-25T14:42:00","date_gmt":"2025-02-25T06:42:00","guid":{"rendered":"https:\/\/shenhuexcavator.com\/?post_type=product&#038;p=2269"},"modified":"2025-07-17T15:09:52","modified_gmt":"2025-07-17T07:09:52","slug":"used-hitachi-zx60-excavator","status":"publish","type":"product","link":"https:\/\/shenhuexcavator.com\/it\/prodotto\/used-hitachi-zx60-excavator\/","title":{"rendered":"Escavatore Hitachi ZX60"},"content":{"rendered":"<p><img fetchpriority=\"high\" decoding=\"async\" class=\"aligncenter size-full wp-image-2270\" src=\"https:\/\/shenhuexcavator.com\/wp-content\/uploads\/2025\/02\/7d8ed61e4277112a089b8ef0150899e.jpg\" alt=\"\" width=\"850\" height=\"650\"> <img decoding=\"async\" class=\"aligncenter size-full wp-image-2271\" src=\"https:\/\/shenhuexcavator.com\/wp-content\/uploads\/2025\/02\/672b95c19a650758c15b9f3b43a05b2.jpg\" alt=\"\" width=\"850\" height=\"650\"> <img decoding=\"async\" class=\"aligncenter size-full wp-image-2272\" src=\"https:\/\/shenhuexcavator.com\/wp-content\/uploads\/2025\/02\/826e3c47a5e3242664bf2cbec52d2b3.jpg\" alt=\"\" width=\"850\" height=\"650\"> <img loading=\"lazy\" decoding=\"async\" class=\"aligncenter size-full wp-image-2273\" src=\"https:\/\/shenhuexcavator.com\/wp-content\/uploads\/2025\/02\/d43562019fffb66a57cfdb871a9bb5b.jpg\" alt=\"\" width=\"850\" height=\"650\"> <img loading=\"lazy\" decoding=\"async\" class=\"aligncenter size-full wp-image-2274\" src=\"https:\/\/shenhuexcavator.com\/wp-content\/uploads\/2025\/02\/f2f4446da1d1d5e5fbd6e21351441ea.jpg\" alt=\"\" width=\"850\" height=\"650\"> <img loading=\"lazy\" decoding=\"async\" class=\"aligncenter size-full wp-image-2275\" src=\"https:\/\/shenhuexcavator.com\/wp-content\/uploads\/2025\/02\/f433bdc0c47008a6f80cfefae217080.jpg\" alt=\"\" width=\"850\" height=\"650\"><\/p>","protected":false},"excerpt":{"rendered":"<p>L'escavatore Hitachi ZX60 usato \u00e8 una macchina potente progettata per compiti medio-pesanti. Con un peso operativo di 5960 kg e una capacit\u00e0 della benna di 0,24 metri cubi, \u00e8 ideale per operazioni di scavo, sollevamento e carico. Il suo motore da 42,4 kW fornisce una potenza eccezionale, mentre la sua struttura robusta garantisce la durata in condizioni di lavoro difficili. Lo ZX60 \u00e8 particolarmente adatto ai cantieri dove affidabilit\u00e0 e prestazioni sono fondamentali.<\/p>","protected":false},"featured_media":2276,"template":"","meta":[],"product_brand":[40],"product_cat":[120,76,39],"product_tag":[],"class_list":{"0":"post-2269","1":"product","2":"type-product","3":"status-publish","4":"has-post-thumbnail","6":"product_brand-hitachi","7":"product_cat-2020-2023","8":"product_cat-6t","9":"product_cat-used-hitachi-excavator","11":"first","12":"instock","13":"shipping-taxable","14":"purchasable","15":"product-type-simple"},"_links":{"self":[{"href":"https:\/\/shenhuexcavator.com\/it\/wp-json\/wp\/v2\/product\/2269","targetHints":{"allow":["GET"]}}],"collection":[{"href":"https:\/\/shenhuexcavator.com\/it\/wp-json\/wp\/v2\/product"}],"about":[{"href":"https:\/\/shenhuexcavator.com\/it\/wp-json\/wp\/v2\/types\/product"}],"wp:featuredmedia":[{"embeddable":true,"href":"https:\/\/shenhuexcavator.com\/it\/wp-json\/wp\/v2\/media\/2276"}],"wp:attachment":[{"href":"https:\/\/shenhuexcavator.com\/it\/wp-json\/wp\/v2\/media?parent=2269"}],"wp:term":[{"taxonomy":"product_brand","embeddable":true,"href":"https:\/\/shenhuexcavator.com\/it\/wp-json\/wp\/v2\/product_brand?post=2269"},{"taxonomy":"product_cat","embeddable":true,"href":"https:\/\/shenhuexcavator.com\/it\/wp-json\/wp\/v2\/product_cat?post=2269"},{"taxonomy":"product_tag","embeddable":true,"href":"https:\/\/shenhuexcavator.com\/it\/wp-json\/wp\/v2\/product_tag?post=2269"}],"curies":[{"name":"wp","href":"https:\/\/api.w.org\/{rel}","templated":true}]}}