{"id":2519,"date":"2025-02-26T15:02:00","date_gmt":"2025-02-26T07:02:00","guid":{"rendered":"https:\/\/shenhuexcavator.com\/?post_type=product&#038;p=2519"},"modified":"2025-07-17T15:09:55","modified_gmt":"2025-07-17T07:09:55","slug":"used-cat-307d-excavator","status":"publish","type":"product","link":"https:\/\/shenhuexcavator.com\/it\/prodotto\/used-cat-307d-excavator\/","title":{"rendered":"Escavatore Cat 307D"},"content":{"rendered":"<p><img fetchpriority=\"high\" decoding=\"async\" class=\"aligncenter size-full wp-image-2520\" src=\"https:\/\/shenhuexcavator.com\/wp-content\/uploads\/2025\/02\/6-4.jpg\" alt=\"\" width=\"850\" height=\"650\"> <img decoding=\"async\" class=\"aligncenter size-full wp-image-2521\" src=\"https:\/\/shenhuexcavator.com\/wp-content\/uploads\/2025\/02\/1-33.jpg\" alt=\"\" width=\"850\" height=\"650\"> <img decoding=\"async\" class=\"aligncenter size-full wp-image-2522\" src=\"https:\/\/shenhuexcavator.com\/wp-content\/uploads\/2025\/02\/2-9.jpg\" alt=\"\" width=\"850\" height=\"650\"> <img loading=\"lazy\" decoding=\"async\" class=\"aligncenter size-full wp-image-2523\" src=\"https:\/\/shenhuexcavator.com\/wp-content\/uploads\/2025\/02\/3-10.jpg\" alt=\"\" width=\"850\" height=\"650\"> <img loading=\"lazy\" decoding=\"async\" class=\"aligncenter size-full wp-image-2524\" src=\"https:\/\/shenhuexcavator.com\/wp-content\/uploads\/2025\/02\/4-8.jpg\" alt=\"\" width=\"850\" height=\"650\"> <img loading=\"lazy\" decoding=\"async\" class=\"aligncenter size-full wp-image-2525\" src=\"https:\/\/shenhuexcavator.com\/wp-content\/uploads\/2025\/02\/5-6.jpg\" alt=\"\" width=\"850\" height=\"650\"><\/p>","protected":false},"excerpt":{"rendered":"<p>L'escavatore Cat 307D usato \u00e8 una macchina potente progettata per compiti medio-pesanti. Con un peso operativo di 7193 kg e una capacit\u00e0 della benna di 0,31 metri cubi, \u00e8 ideale per operazioni di scavo, sollevamento e carico. Il suo motore da 41,5 kW fornisce una potenza eccezionale, mentre il suo design robusto garantisce la durata in condizioni di lavoro difficili. Il 307D \u00e8 particolarmente adatto ai cantieri dove affidabilit\u00e0 e prestazioni sono fondamentali.<\/p>","protected":false},"featured_media":2526,"template":"","meta":[],"product_brand":[54],"product_cat":[120,81,45],"product_tag":[],"class_list":{"0":"post-2519","1":"product","2":"type-product","3":"status-publish","4":"has-post-thumbnail","6":"product_brand-caterpillar","7":"product_cat-2020-2023","8":"product_cat-7t","9":"product_cat-used-caterpillar-excavator","11":"first","12":"instock","13":"shipping-taxable","14":"purchasable","15":"product-type-simple"},"_links":{"self":[{"href":"https:\/\/shenhuexcavator.com\/it\/wp-json\/wp\/v2\/product\/2519","targetHints":{"allow":["GET"]}}],"collection":[{"href":"https:\/\/shenhuexcavator.com\/it\/wp-json\/wp\/v2\/product"}],"about":[{"href":"https:\/\/shenhuexcavator.com\/it\/wp-json\/wp\/v2\/types\/product"}],"wp:featuredmedia":[{"embeddable":true,"href":"https:\/\/shenhuexcavator.com\/it\/wp-json\/wp\/v2\/media\/2526"}],"wp:attachment":[{"href":"https:\/\/shenhuexcavator.com\/it\/wp-json\/wp\/v2\/media?parent=2519"}],"wp:term":[{"taxonomy":"product_brand","embeddable":true,"href":"https:\/\/shenhuexcavator.com\/it\/wp-json\/wp\/v2\/product_brand?post=2519"},{"taxonomy":"product_cat","embeddable":true,"href":"https:\/\/shenhuexcavator.com\/it\/wp-json\/wp\/v2\/product_cat?post=2519"},{"taxonomy":"product_tag","embeddable":true,"href":"https:\/\/shenhuexcavator.com\/it\/wp-json\/wp\/v2\/product_tag?post=2519"}],"curies":[{"name":"wp","href":"https:\/\/api.w.org\/{rel}","templated":true}]}}