{"id":2540,"date":"2025-02-26T15:13:00","date_gmt":"2025-02-26T07:13:00","guid":{"rendered":"https:\/\/shenhuexcavator.com\/?post_type=product&#038;p=2540"},"modified":"2025-07-17T15:09:55","modified_gmt":"2025-07-17T07:09:55","slug":"used-cat-312d-excavator","status":"publish","type":"product","link":"https:\/\/shenhuexcavator.com\/it\/prodotto\/used-cat-312d-excavator\/","title":{"rendered":"Escavatore Cat 312D"},"content":{"rendered":"<p><img fetchpriority=\"high\" decoding=\"async\" class=\"aligncenter size-full wp-image-2541\" src=\"https:\/\/shenhuexcavator.com\/wp-content\/uploads\/2025\/02\/1-37.jpg\" alt=\"\" width=\"850\" height=\"650\"> <img decoding=\"async\" class=\"aligncenter size-full wp-image-2542\" src=\"https:\/\/shenhuexcavator.com\/wp-content\/uploads\/2025\/02\/2-13.jpg\" alt=\"\" width=\"850\" height=\"650\"> <img decoding=\"async\" class=\"aligncenter size-full wp-image-2543\" src=\"https:\/\/shenhuexcavator.com\/wp-content\/uploads\/2025\/02\/3-14.jpg\" alt=\"\" width=\"850\" height=\"650\"> <img loading=\"lazy\" decoding=\"async\" class=\"aligncenter size-full wp-image-2544\" src=\"https:\/\/shenhuexcavator.com\/wp-content\/uploads\/2025\/02\/4-11.jpg\" alt=\"\" width=\"850\" height=\"650\"><\/p>","protected":false},"excerpt":{"rendered":"<p>L'escavatore Cat 312D usato \u00e8 una macchina ad alte prestazioni progettata per applicazioni pesanti. Con un peso operativo di 12920 kg e una capacit\u00e0 della benna di 0,52 metri cubi, \u00e8 ideale per le miniere, le cave e i progetti di costruzione su larga scala. Il suo motore da 72 kW fornisce una potenza costante, mentre il suo design robusto assicura la durata in ambienti di lavoro difficili. Il 312D \u00e8 dotato di comandi idraulici avanzati che garantiscono un funzionamento preciso e una maggiore efficienza.<\/p>","protected":false},"featured_media":2545,"template":"","meta":[],"product_brand":[54],"product_cat":[82,120,45],"product_tag":[],"class_list":{"0":"post-2540","1":"product","2":"type-product","3":"status-publish","4":"has-post-thumbnail","6":"product_brand-caterpillar","7":"product_cat-12t","8":"product_cat-2020-2023","9":"product_cat-used-caterpillar-excavator","11":"first","12":"instock","13":"shipping-taxable","14":"purchasable","15":"product-type-simple"},"_links":{"self":[{"href":"https:\/\/shenhuexcavator.com\/it\/wp-json\/wp\/v2\/product\/2540","targetHints":{"allow":["GET"]}}],"collection":[{"href":"https:\/\/shenhuexcavator.com\/it\/wp-json\/wp\/v2\/product"}],"about":[{"href":"https:\/\/shenhuexcavator.com\/it\/wp-json\/wp\/v2\/types\/product"}],"wp:featuredmedia":[{"embeddable":true,"href":"https:\/\/shenhuexcavator.com\/it\/wp-json\/wp\/v2\/media\/2545"}],"wp:attachment":[{"href":"https:\/\/shenhuexcavator.com\/it\/wp-json\/wp\/v2\/media?parent=2540"}],"wp:term":[{"taxonomy":"product_brand","embeddable":true,"href":"https:\/\/shenhuexcavator.com\/it\/wp-json\/wp\/v2\/product_brand?post=2540"},{"taxonomy":"product_cat","embeddable":true,"href":"https:\/\/shenhuexcavator.com\/it\/wp-json\/wp\/v2\/product_cat?post=2540"},{"taxonomy":"product_tag","embeddable":true,"href":"https:\/\/shenhuexcavator.com\/it\/wp-json\/wp\/v2\/product_tag?post=2540"}],"curies":[{"name":"wp","href":"https:\/\/api.w.org\/{rel}","templated":true}]}}