{"id":2729,"date":"2025-02-27T10:27:00","date_gmt":"2025-02-27T02:27:00","guid":{"rendered":"https:\/\/shenhuexcavator.com\/?post_type=product&#038;p=2729"},"modified":"2025-07-17T15:10:01","modified_gmt":"2025-07-17T07:10:01","slug":"used-kobelco-sk55sr-excavator","status":"publish","type":"product","link":"https:\/\/shenhuexcavator.com\/it\/prodotto\/used-kobelco-sk55sr-excavator\/","title":{"rendered":"Escavatore Kobelco SK55SR"},"content":{"rendered":"<p><img fetchpriority=\"high\" decoding=\"async\" class=\"aligncenter size-full wp-image-2730\" src=\"https:\/\/shenhuexcavator.com\/wp-content\/uploads\/2025\/02\/1-1-7.jpg\" alt=\"\" width=\"850\" height=\"650\"> <img decoding=\"async\" class=\"aligncenter size-full wp-image-2731\" src=\"https:\/\/shenhuexcavator.com\/wp-content\/uploads\/2025\/02\/1-18-2.jpg\" alt=\"\" width=\"850\" height=\"650\"> <img decoding=\"async\" class=\"aligncenter size-full wp-image-2732\" src=\"https:\/\/shenhuexcavator.com\/wp-content\/uploads\/2025\/02\/1-19-2.jpg\" alt=\"\" width=\"850\" height=\"650\"> <img loading=\"lazy\" decoding=\"async\" class=\"aligncenter size-full wp-image-2733\" src=\"https:\/\/shenhuexcavator.com\/wp-content\/uploads\/2025\/02\/1-20-3.jpg\" alt=\"\" width=\"850\" height=\"650\"> <img loading=\"lazy\" decoding=\"async\" class=\"aligncenter size-full wp-image-2734\" src=\"https:\/\/shenhuexcavator.com\/wp-content\/uploads\/2025\/02\/1-23-1.jpg\" alt=\"\" width=\"850\" height=\"650\"> <img loading=\"lazy\" decoding=\"async\" class=\"aligncenter size-full wp-image-2735\" src=\"https:\/\/shenhuexcavator.com\/wp-content\/uploads\/2025\/02\/1-25-1.jpg\" alt=\"\" width=\"850\" height=\"650\"> <img loading=\"lazy\" decoding=\"async\" class=\"aligncenter size-full wp-image-2736\" src=\"https:\/\/shenhuexcavator.com\/wp-content\/uploads\/2025\/02\/1-27-1.jpg\" alt=\"\" width=\"850\" height=\"650\"><\/p>","protected":false},"excerpt":{"rendered":"<p>L'escavatore Kobelco SK55SR usato \u00e8 un passo avanti in termini di dimensioni e potenza, progettato per compiti di media entit\u00e0. Con un peso operativo di 5260 kg e una capacit\u00e0 della benna di 0,21 metri cubi, \u00e8 ideale per operazioni di scavo, sollevamento e carico. Il suo motore da 29,3 kW offre prestazioni robuste, mentre l'avanzato sistema idraulico assicura un funzionamento fluido e preciso. L'SK55SR \u00e8 noto per la sua durata e per l'efficienza dei consumi, che lo rendono una scelta affidabile per gli appaltatori che vogliono massimizzare la produttivit\u00e0.<\/p>","protected":false},"featured_media":2737,"template":"","meta":[],"product_brand":[53],"product_cat":[120,75,49],"product_tag":[],"class_list":{"0":"post-2729","1":"product","2":"type-product","3":"status-publish","4":"has-post-thumbnail","6":"product_brand-kobelco","7":"product_cat-2020-2023","8":"product_cat-5-5t","9":"product_cat-used-kobelco-excavator","11":"first","12":"instock","13":"shipping-taxable","14":"purchasable","15":"product-type-simple"},"_links":{"self":[{"href":"https:\/\/shenhuexcavator.com\/it\/wp-json\/wp\/v2\/product\/2729","targetHints":{"allow":["GET"]}}],"collection":[{"href":"https:\/\/shenhuexcavator.com\/it\/wp-json\/wp\/v2\/product"}],"about":[{"href":"https:\/\/shenhuexcavator.com\/it\/wp-json\/wp\/v2\/types\/product"}],"wp:featuredmedia":[{"embeddable":true,"href":"https:\/\/shenhuexcavator.com\/it\/wp-json\/wp\/v2\/media\/2737"}],"wp:attachment":[{"href":"https:\/\/shenhuexcavator.com\/it\/wp-json\/wp\/v2\/media?parent=2729"}],"wp:term":[{"taxonomy":"product_brand","embeddable":true,"href":"https:\/\/shenhuexcavator.com\/it\/wp-json\/wp\/v2\/product_brand?post=2729"},{"taxonomy":"product_cat","embeddable":true,"href":"https:\/\/shenhuexcavator.com\/it\/wp-json\/wp\/v2\/product_cat?post=2729"},{"taxonomy":"product_tag","embeddable":true,"href":"https:\/\/shenhuexcavator.com\/it\/wp-json\/wp\/v2\/product_tag?post=2729"}],"curies":[{"name":"wp","href":"https:\/\/api.w.org\/{rel}","templated":true}]}}