{"id":2779,"date":"2025-02-27T10:56:00","date_gmt":"2025-02-27T02:56:00","guid":{"rendered":"https:\/\/shenhuexcavator.com\/?post_type=product&#038;p=2779"},"modified":"2025-07-17T15:10:04","modified_gmt":"2025-07-17T07:10:04","slug":"used-kobelco-sk210-8-excavator","status":"publish","type":"product","link":"https:\/\/shenhuexcavator.com\/it\/prodotto\/used-kobelco-sk210-8-excavator\/","title":{"rendered":"Escavatore Kobelco SK210-8"},"content":{"rendered":"<p><img fetchpriority=\"high\" decoding=\"async\" class=\"aligncenter size-full wp-image-2780\" src=\"https:\/\/shenhuexcavator.com\/wp-content\/uploads\/2025\/02\/2c048ef22903370a6d1ee8fffd912c3.jpg\" alt=\"\" width=\"850\" height=\"650\"> <img decoding=\"async\" class=\"aligncenter size-full wp-image-2781\" src=\"https:\/\/shenhuexcavator.com\/wp-content\/uploads\/2025\/02\/7f6879e6ecbb6da11d707b0ed183c86.jpg\" alt=\"\" width=\"850\" height=\"650\"> <img decoding=\"async\" class=\"aligncenter size-full wp-image-2782\" src=\"https:\/\/shenhuexcavator.com\/wp-content\/uploads\/2025\/02\/08c6471713161bf63b7d27b534e3b5e.jpg\" alt=\"\" width=\"850\" height=\"650\"> <img loading=\"lazy\" decoding=\"async\" class=\"aligncenter size-full wp-image-2783\" src=\"https:\/\/shenhuexcavator.com\/wp-content\/uploads\/2025\/02\/9d01d4dbd49f6d0a35cbd24e7e55ca0.jpg\" alt=\"\" width=\"850\" height=\"650\"> <img loading=\"lazy\" decoding=\"async\" class=\"aligncenter size-full wp-image-2784\" src=\"https:\/\/shenhuexcavator.com\/wp-content\/uploads\/2025\/02\/b26ea392840793ffc14559ef367d7ae.jpg\" alt=\"\" width=\"850\" height=\"650\"> <img loading=\"lazy\" decoding=\"async\" class=\"aligncenter size-full wp-image-2785\" src=\"https:\/\/shenhuexcavator.com\/wp-content\/uploads\/2025\/02\/ff23adf9adaaba9a789ac02a6476bc5.jpg\" alt=\"\" width=\"850\" height=\"650\"><\/p>","protected":false},"excerpt":{"rendered":"<p>L'escavatore Kobelco SK210-8 usato \u00e8 una macchina potente, progettata per lavori pesanti. Con un peso operativo di 20600 kg e una capacit\u00e0 della benna da 0,9 a 1,8 metri cubi, \u00e8 perfetto per progetti di scavo e movimento terra su larga scala. Il suo motore da 114 kW eroga una potenza eccezionale, mentre la sua struttura robusta garantisce la durata in condizioni di lavoro difficili. L'SK210-8 \u00e8 particolarmente adatto ai cantieri dove affidabilit\u00e0 e prestazioni sono fondamentali.<\/p>","protected":false},"featured_media":2786,"template":"","meta":[],"product_brand":[53],"product_cat":[120,85,49],"product_tag":[],"class_list":{"0":"post-2779","1":"product","2":"type-product","3":"status-publish","4":"has-post-thumbnail","6":"product_brand-kobelco","7":"product_cat-2020-2023","8":"product_cat-20t","9":"product_cat-used-kobelco-excavator","11":"first","12":"instock","13":"shipping-taxable","14":"purchasable","15":"product-type-simple"},"_links":{"self":[{"href":"https:\/\/shenhuexcavator.com\/it\/wp-json\/wp\/v2\/product\/2779","targetHints":{"allow":["GET"]}}],"collection":[{"href":"https:\/\/shenhuexcavator.com\/it\/wp-json\/wp\/v2\/product"}],"about":[{"href":"https:\/\/shenhuexcavator.com\/it\/wp-json\/wp\/v2\/types\/product"}],"wp:featuredmedia":[{"embeddable":true,"href":"https:\/\/shenhuexcavator.com\/it\/wp-json\/wp\/v2\/media\/2786"}],"wp:attachment":[{"href":"https:\/\/shenhuexcavator.com\/it\/wp-json\/wp\/v2\/media?parent=2779"}],"wp:term":[{"taxonomy":"product_brand","embeddable":true,"href":"https:\/\/shenhuexcavator.com\/it\/wp-json\/wp\/v2\/product_brand?post=2779"},{"taxonomy":"product_cat","embeddable":true,"href":"https:\/\/shenhuexcavator.com\/it\/wp-json\/wp\/v2\/product_cat?post=2779"},{"taxonomy":"product_tag","embeddable":true,"href":"https:\/\/shenhuexcavator.com\/it\/wp-json\/wp\/v2\/product_tag?post=2779"}],"curies":[{"name":"wp","href":"https:\/\/api.w.org\/{rel}","templated":true}]}}