{"id":2907,"date":"2025-02-27T14:57:00","date_gmt":"2025-02-27T06:57:00","guid":{"rendered":"https:\/\/shenhuexcavator.com\/?post_type=product&#038;p=2907"},"modified":"2025-07-17T15:10:07","modified_gmt":"2025-07-17T07:10:07","slug":"used-komatsu-pc200-excavator","status":"publish","type":"product","link":"https:\/\/shenhuexcavator.com\/it\/prodotto\/used-komatsu-pc200-excavator\/","title":{"rendered":"Escavatore Komatsu PC200"},"content":{"rendered":"<p><img fetchpriority=\"high\" decoding=\"async\" class=\"aligncenter size-full wp-image-2908\" src=\"https:\/\/shenhuexcavator.com\/wp-content\/uploads\/2025\/02\/1-6-9.jpg\" alt=\"\" width=\"850\" height=\"650\"> <img decoding=\"async\" class=\"aligncenter size-full wp-image-2909\" src=\"https:\/\/shenhuexcavator.com\/wp-content\/uploads\/2025\/02\/1-8-7.jpg\" alt=\"\" width=\"850\" height=\"650\"> <img decoding=\"async\" class=\"aligncenter size-full wp-image-2910\" src=\"https:\/\/shenhuexcavator.com\/wp-content\/uploads\/2025\/02\/1-11-2.jpg\" alt=\"\" width=\"850\" height=\"650\"> <img loading=\"lazy\" decoding=\"async\" class=\"aligncenter size-full wp-image-2911\" src=\"https:\/\/shenhuexcavator.com\/wp-content\/uploads\/2025\/02\/1-12-1.jpg\" alt=\"\" width=\"850\" height=\"650\"> <img loading=\"lazy\" decoding=\"async\" class=\"aligncenter size-full wp-image-2912\" src=\"https:\/\/shenhuexcavator.com\/wp-content\/uploads\/2025\/02\/1-13-5.jpg\" alt=\"\" width=\"850\" height=\"650\"><\/p>","protected":false},"excerpt":{"rendered":"<p>L'escavatore Komatsu PC200 usato \u00e8 una macchina ad alte prestazioni progettata per applicazioni pesanti. Con un peso operativo di 20253 kg e una capacit\u00e0 della benna di 0,8 metri cubi, \u00e8 perfetto per le miniere, le cave e i progetti di costruzione su larga scala. Il suo motore da 107 kW fornisce una potenza costante, mentre il suo design robusto assicura la durata in ambienti di lavoro difficili. Il PC200 \u00e8 dotato di comandi idraulici avanzati che offrono un funzionamento preciso e una migliore efficienza,<\/p>","protected":false},"featured_media":2913,"template":"","meta":[],"product_brand":[51],"product_cat":[120,85,48],"product_tag":[],"class_list":{"0":"post-2907","1":"product","2":"type-product","3":"status-publish","4":"has-post-thumbnail","6":"product_brand-komatsu","7":"product_cat-2020-2023","8":"product_cat-20t","9":"product_cat-used-komatsu-excavator","11":"first","12":"instock","13":"shipping-taxable","14":"purchasable","15":"product-type-simple"},"_links":{"self":[{"href":"https:\/\/shenhuexcavator.com\/it\/wp-json\/wp\/v2\/product\/2907","targetHints":{"allow":["GET"]}}],"collection":[{"href":"https:\/\/shenhuexcavator.com\/it\/wp-json\/wp\/v2\/product"}],"about":[{"href":"https:\/\/shenhuexcavator.com\/it\/wp-json\/wp\/v2\/types\/product"}],"wp:featuredmedia":[{"embeddable":true,"href":"https:\/\/shenhuexcavator.com\/it\/wp-json\/wp\/v2\/media\/2913"}],"wp:attachment":[{"href":"https:\/\/shenhuexcavator.com\/it\/wp-json\/wp\/v2\/media?parent=2907"}],"wp:term":[{"taxonomy":"product_brand","embeddable":true,"href":"https:\/\/shenhuexcavator.com\/it\/wp-json\/wp\/v2\/product_brand?post=2907"},{"taxonomy":"product_cat","embeddable":true,"href":"https:\/\/shenhuexcavator.com\/it\/wp-json\/wp\/v2\/product_cat?post=2907"},{"taxonomy":"product_tag","embeddable":true,"href":"https:\/\/shenhuexcavator.com\/it\/wp-json\/wp\/v2\/product_tag?post=2907"}],"curies":[{"name":"wp","href":"https:\/\/api.w.org\/{rel}","templated":true}]}}