{"id":3006,"date":"2025-02-27T15:26:00","date_gmt":"2025-02-27T07:26:00","guid":{"rendered":"https:\/\/shenhuexcavator.com\/?post_type=product&#038;p=3006"},"modified":"2025-07-17T15:10:11","modified_gmt":"2025-07-17T07:10:11","slug":"used-komatsu-pc450-excavator","status":"publish","type":"product","link":"https:\/\/shenhuexcavator.com\/it\/prodotto\/used-komatsu-pc450-excavator\/","title":{"rendered":"Escavatore Komatsu PC450"},"content":{"rendered":"<p><img fetchpriority=\"high\" decoding=\"async\" class=\"aligncenter size-full wp-image-3007\" src=\"https:\/\/shenhuexcavator.com\/wp-content\/uploads\/2025\/02\/\u5fae\u4fe1\u56fe\u7247_20230803150119.jpg\" alt=\"\" width=\"850\" height=\"650\"> <img decoding=\"async\" class=\"aligncenter size-full wp-image-3008\" src=\"https:\/\/shenhuexcavator.com\/wp-content\/uploads\/2025\/02\/\u5fae\u4fe1\u56fe\u7247_20230803150120.jpg\" alt=\"\" width=\"850\" height=\"650\"> <img decoding=\"async\" class=\"aligncenter size-full wp-image-3009\" src=\"https:\/\/shenhuexcavator.com\/wp-content\/uploads\/2025\/02\/\u5fae\u4fe1\u56fe\u7247_20230803150121.jpg\" alt=\"\" width=\"850\" height=\"650\"> <img loading=\"lazy\" decoding=\"async\" class=\"aligncenter size-full wp-image-3010\" src=\"https:\/\/shenhuexcavator.com\/wp-content\/uploads\/2025\/02\/\u5fae\u4fe1\u56fe\u7247_20230803150122.jpg\" alt=\"\" width=\"850\" height=\"650\"> <img loading=\"lazy\" decoding=\"async\" class=\"aligncenter size-full wp-image-3011\" src=\"https:\/\/shenhuexcavator.com\/wp-content\/uploads\/2025\/02\/\u5fae\u4fe1\u56fe\u7247_20230805090214.jpg\" alt=\"\" width=\"850\" height=\"650\"> <img loading=\"lazy\" decoding=\"async\" class=\"aligncenter size-full wp-image-3012\" src=\"https:\/\/shenhuexcavator.com\/wp-content\/uploads\/2025\/02\/\u5fae\u4fe1\u56fe\u7247_20230805090215.jpg\" alt=\"\" width=\"850\" height=\"650\"><\/p>","protected":false},"excerpt":{"rendered":"<p>L'escavatore Komatsu PC450 usato \u00e8 una macchina ad alte prestazioni progettata per applicazioni pesanti. Con un peso operativo di 43000 kg e una capacit\u00e0 della benna di 2,1 metri cubi, \u00e8 perfetto per le miniere, le cave e i progetti di costruzione su larga scala. Il suo motore da 259 kW fornisce una potenza costante, mentre il suo design robusto assicura la durata in ambienti di lavoro difficili. Il PC450 \u00e8 dotato di comandi idraulici avanzati che offrono un funzionamento preciso e una migliore efficienza,<\/p>","protected":false},"featured_media":3013,"template":"","meta":[],"product_brand":[51],"product_cat":[120,100,48],"product_tag":[],"class_list":{"0":"post-3006","1":"product","2":"type-product","3":"status-publish","4":"has-post-thumbnail","6":"product_brand-komatsu","7":"product_cat-2020-2023","8":"product_cat-45t","9":"product_cat-used-komatsu-excavator","11":"first","12":"instock","13":"shipping-taxable","14":"purchasable","15":"product-type-simple"},"_links":{"self":[{"href":"https:\/\/shenhuexcavator.com\/it\/wp-json\/wp\/v2\/product\/3006","targetHints":{"allow":["GET"]}}],"collection":[{"href":"https:\/\/shenhuexcavator.com\/it\/wp-json\/wp\/v2\/product"}],"about":[{"href":"https:\/\/shenhuexcavator.com\/it\/wp-json\/wp\/v2\/types\/product"}],"wp:featuredmedia":[{"embeddable":true,"href":"https:\/\/shenhuexcavator.com\/it\/wp-json\/wp\/v2\/media\/3013"}],"wp:attachment":[{"href":"https:\/\/shenhuexcavator.com\/it\/wp-json\/wp\/v2\/media?parent=3006"}],"wp:term":[{"taxonomy":"product_brand","embeddable":true,"href":"https:\/\/shenhuexcavator.com\/it\/wp-json\/wp\/v2\/product_brand?post=3006"},{"taxonomy":"product_cat","embeddable":true,"href":"https:\/\/shenhuexcavator.com\/it\/wp-json\/wp\/v2\/product_cat?post=3006"},{"taxonomy":"product_tag","embeddable":true,"href":"https:\/\/shenhuexcavator.com\/it\/wp-json\/wp\/v2\/product_tag?post=3006"}],"curies":[{"name":"wp","href":"https:\/\/api.w.org\/{rel}","templated":true}]}}