{"id":4218,"date":"2025-04-29T14:38:00","date_gmt":"2025-04-29T06:38:00","guid":{"rendered":"https:\/\/shenhuexcavator.com\/product\/used-hyundai-85-excavator\/"},"modified":"2025-07-17T15:10:18","modified_gmt":"2025-07-17T07:10:18","slug":"used-hyundai-85-excavator","status":"publish","type":"product","link":"https:\/\/shenhuexcavator.com\/it\/prodotto\/used-hyundai-85-excavator\/","title":{"rendered":"Escavatore Hyundai 85"},"content":{"rendered":"<p><img fetchpriority=\"high\" decoding=\"async\" class=\"aligncenter size-full wp-image-4324\" src=\"https:\/\/shenhuexcavator.com\/wp-content\/uploads\/2025\/04\/2b362dd3aaa256c78bdcc28cd4712ed_WH_850x650px.webp\" alt=\"\" width=\"850\" height=\"650\" srcset=\"https:\/\/shenhuexcavator.com\/wp-content\/uploads\/2025\/04\/2b362dd3aaa256c78bdcc28cd4712ed_WH_850x650px.webp 850w, https:\/\/shenhuexcavator.com\/wp-content\/uploads\/2025\/04\/2b362dd3aaa256c78bdcc28cd4712ed_WH_850x650px-600x459.webp 600w, https:\/\/shenhuexcavator.com\/wp-content\/uploads\/2025\/04\/2b362dd3aaa256c78bdcc28cd4712ed_WH_850x650px-300x229.webp 300w, https:\/\/shenhuexcavator.com\/wp-content\/uploads\/2025\/04\/2b362dd3aaa256c78bdcc28cd4712ed_WH_850x650px-150x115.webp 150w, https:\/\/shenhuexcavator.com\/wp-content\/uploads\/2025\/04\/2b362dd3aaa256c78bdcc28cd4712ed_WH_850x650px-768x587.webp 768w, https:\/\/shenhuexcavator.com\/wp-content\/uploads\/2025\/04\/2b362dd3aaa256c78bdcc28cd4712ed_WH_850x650px-16x12.webp 16w\" sizes=\"(max-width: 850px) 100vw, 850px\" \/> <img decoding=\"async\" class=\"aligncenter size-full wp-image-4325\" src=\"https:\/\/shenhuexcavator.com\/wp-content\/uploads\/2025\/04\/3cb677a1e8485a97bb7880db7f7d16a_WH_850x650px.webp\" alt=\"\" width=\"850\" height=\"650\" srcset=\"https:\/\/shenhuexcavator.com\/wp-content\/uploads\/2025\/04\/3cb677a1e8485a97bb7880db7f7d16a_WH_850x650px.webp 850w, https:\/\/shenhuexcavator.com\/wp-content\/uploads\/2025\/04\/3cb677a1e8485a97bb7880db7f7d16a_WH_850x650px-600x459.webp 600w, https:\/\/shenhuexcavator.com\/wp-content\/uploads\/2025\/04\/3cb677a1e8485a97bb7880db7f7d16a_WH_850x650px-300x229.webp 300w, https:\/\/shenhuexcavator.com\/wp-content\/uploads\/2025\/04\/3cb677a1e8485a97bb7880db7f7d16a_WH_850x650px-150x115.webp 150w, https:\/\/shenhuexcavator.com\/wp-content\/uploads\/2025\/04\/3cb677a1e8485a97bb7880db7f7d16a_WH_850x650px-768x587.webp 768w, https:\/\/shenhuexcavator.com\/wp-content\/uploads\/2025\/04\/3cb677a1e8485a97bb7880db7f7d16a_WH_850x650px-16x12.webp 16w\" sizes=\"(max-width: 850px) 100vw, 850px\" \/> <img decoding=\"async\" class=\"aligncenter size-full wp-image-4326\" src=\"https:\/\/shenhuexcavator.com\/wp-content\/uploads\/2025\/04\/48dad391880ec8b506cb316bc4c882c_WH_850x650px.webp\" alt=\"\" width=\"850\" height=\"650\" srcset=\"https:\/\/shenhuexcavator.com\/wp-content\/uploads\/2025\/04\/48dad391880ec8b506cb316bc4c882c_WH_850x650px.webp 850w, https:\/\/shenhuexcavator.com\/wp-content\/uploads\/2025\/04\/48dad391880ec8b506cb316bc4c882c_WH_850x650px-600x459.webp 600w, https:\/\/shenhuexcavator.com\/wp-content\/uploads\/2025\/04\/48dad391880ec8b506cb316bc4c882c_WH_850x650px-300x229.webp 300w, https:\/\/shenhuexcavator.com\/wp-content\/uploads\/2025\/04\/48dad391880ec8b506cb316bc4c882c_WH_850x650px-150x115.webp 150w, https:\/\/shenhuexcavator.com\/wp-content\/uploads\/2025\/04\/48dad391880ec8b506cb316bc4c882c_WH_850x650px-768x587.webp 768w, https:\/\/shenhuexcavator.com\/wp-content\/uploads\/2025\/04\/48dad391880ec8b506cb316bc4c882c_WH_850x650px-16x12.webp 16w\" sizes=\"(max-width: 850px) 100vw, 850px\" \/> <img loading=\"lazy\" decoding=\"async\" class=\"aligncenter size-full wp-image-4327\" src=\"https:\/\/shenhuexcavator.com\/wp-content\/uploads\/2025\/04\/defb688b40edc43bec626b3a5c723ae_WH_850x650px.webp\" alt=\"\" width=\"850\" height=\"650\" srcset=\"https:\/\/shenhuexcavator.com\/wp-content\/uploads\/2025\/04\/defb688b40edc43bec626b3a5c723ae_WH_850x650px.webp 850w, https:\/\/shenhuexcavator.com\/wp-content\/uploads\/2025\/04\/defb688b40edc43bec626b3a5c723ae_WH_850x650px-600x459.webp 600w, https:\/\/shenhuexcavator.com\/wp-content\/uploads\/2025\/04\/defb688b40edc43bec626b3a5c723ae_WH_850x650px-300x229.webp 300w, https:\/\/shenhuexcavator.com\/wp-content\/uploads\/2025\/04\/defb688b40edc43bec626b3a5c723ae_WH_850x650px-150x115.webp 150w, https:\/\/shenhuexcavator.com\/wp-content\/uploads\/2025\/04\/defb688b40edc43bec626b3a5c723ae_WH_850x650px-768x587.webp 768w, https:\/\/shenhuexcavator.com\/wp-content\/uploads\/2025\/04\/defb688b40edc43bec626b3a5c723ae_WH_850x650px-16x12.webp 16w\" sizes=\"(max-width: 850px) 100vw, 850px\" \/><\/p>","protected":false},"excerpt":{"rendered":"<p>\"Lo Hyundai 85 usato \u00e8 un escavatore da 8,5 tonnellate noto per il suo design robusto in ruoli di utilit\u00e0 e paesaggistici. Il suo motore da 68 CV aziona un sistema idraulico a coppia elevata in grado di lavorare con una benna da 0,32 m\u00b3. Le aree di usura pi\u00f9 comuni includono il perno del piede del braccio e gli ingranaggi di riduzione della corsa. La profondit\u00e0 di scavo di 4,4 m e lo sbraccio di 5,4 m dell'85 sono in grado di gestire la maggior parte dei lavori di media entit\u00e0. Esemplari ben mantenuti con meno di 5.000 ore di lavoro offrono un buon valore\".<\/p>","protected":false},"featured_media":4328,"template":"","meta":[],"product_brand":[55],"product_cat":[120,90,46],"product_tag":[],"class_list":{"0":"post-4218","1":"product","2":"type-product","3":"status-publish","4":"has-post-thumbnail","6":"product_brand-hyundai","7":"product_cat-2020-2023","8":"product_cat-8t","9":"product_cat-used-hyundai-excavator","11":"first","12":"instock","13":"shipping-taxable","14":"purchasable","15":"product-type-simple"},"_links":{"self":[{"href":"https:\/\/shenhuexcavator.com\/it\/wp-json\/wp\/v2\/product\/4218","targetHints":{"allow":["GET"]}}],"collection":[{"href":"https:\/\/shenhuexcavator.com\/it\/wp-json\/wp\/v2\/product"}],"about":[{"href":"https:\/\/shenhuexcavator.com\/it\/wp-json\/wp\/v2\/types\/product"}],"wp:featuredmedia":[{"embeddable":true,"href":"https:\/\/shenhuexcavator.com\/it\/wp-json\/wp\/v2\/media\/4328"}],"wp:attachment":[{"href":"https:\/\/shenhuexcavator.com\/it\/wp-json\/wp\/v2\/media?parent=4218"}],"wp:term":[{"taxonomy":"product_brand","embeddable":true,"href":"https:\/\/shenhuexcavator.com\/it\/wp-json\/wp\/v2\/product_brand?post=4218"},{"taxonomy":"product_cat","embeddable":true,"href":"https:\/\/shenhuexcavator.com\/it\/wp-json\/wp\/v2\/product_cat?post=4218"},{"taxonomy":"product_tag","embeddable":true,"href":"https:\/\/shenhuexcavator.com\/it\/wp-json\/wp\/v2\/product_tag?post=4218"}],"curies":[{"name":"wp","href":"https:\/\/api.w.org\/{rel}","templated":true}]}}