{"id":2298,"date":"2025-02-25T15:07:00","date_gmt":"2025-02-25T07:07:00","guid":{"rendered":"https:\/\/shenhuexcavator.com\/?post_type=product&#038;p=2298"},"modified":"2025-07-17T15:09:53","modified_gmt":"2025-07-17T07:09:53","slug":"used-hitachi-zx75us-excavator","status":"publish","type":"product","link":"https:\/\/shenhuexcavator.com\/pt\/produto\/used-hitachi-zx75us-excavator\/","title":{"rendered":"Escavadeira Hitachi ZX75US usada"},"content":{"rendered":"<p><img fetchpriority=\"high\" decoding=\"async\" class=\"aligncenter size-full wp-image-2299\" src=\"https:\/\/shenhuexcavator.com\/wp-content\/uploads\/2025\/02\/1-1-2.jpg\" alt=\"\" width=\"850\" height=\"650\"> <img decoding=\"async\" class=\"aligncenter size-full wp-image-2300\" src=\"https:\/\/shenhuexcavator.com\/wp-content\/uploads\/2025\/02\/1-14-1.jpg\" alt=\"\" width=\"850\" height=\"650\"> <img decoding=\"async\" class=\"aligncenter size-full wp-image-2301\" src=\"https:\/\/shenhuexcavator.com\/wp-content\/uploads\/2025\/02\/1-17.jpg\" alt=\"\" width=\"850\" height=\"650\"> <img loading=\"lazy\" decoding=\"async\" class=\"aligncenter size-full wp-image-2302\" src=\"https:\/\/shenhuexcavator.com\/wp-content\/uploads\/2025\/02\/1-20.jpg\" alt=\"\" width=\"850\" height=\"650\"> <img loading=\"lazy\" decoding=\"async\" class=\"aligncenter size-full wp-image-2303\" src=\"https:\/\/shenhuexcavator.com\/wp-content\/uploads\/2025\/02\/1-22.jpg\" alt=\"\" width=\"850\" height=\"650\"> <img loading=\"lazy\" decoding=\"async\" class=\"aligncenter size-full wp-image-2304\" src=\"https:\/\/shenhuexcavator.com\/wp-content\/uploads\/2025\/02\/1-24.jpg\" alt=\"\" width=\"850\" height=\"650\"> <img loading=\"lazy\" decoding=\"async\" class=\"aligncenter size-full wp-image-2305\" src=\"https:\/\/shenhuexcavator.com\/wp-content\/uploads\/2025\/02\/1-26.jpg\" alt=\"\" width=\"850\" height=\"650\"> <img loading=\"lazy\" decoding=\"async\" class=\"aligncenter size-full wp-image-2306\" src=\"https:\/\/shenhuexcavator.com\/wp-content\/uploads\/2025\/02\/1-27.jpg\" alt=\"\" width=\"850\" height=\"650\"> <img loading=\"lazy\" decoding=\"async\" class=\"aligncenter size-full wp-image-2307\" src=\"https:\/\/shenhuexcavator.com\/wp-content\/uploads\/2025\/02\/1-32.jpg\" alt=\"\" width=\"850\" height=\"650\"><\/p>","protected":false},"excerpt":{"rendered":"<p>A Escavadeira Hitachi ZX75US usada \u00e9 uma m\u00e1quina de alto desempenho projetada para aplica\u00e7\u00f5es pesadas. Com um peso operacional de 7100 kg e uma capacidade de ca\u00e7amba de 0,28 metros c\u00fabicos, \u00e9 ideal para minera\u00e7\u00e3o, pedreiras e projetos de constru\u00e7\u00e3o em grande escala. Seu motor de 40,3 kW fornece pot\u00eancia consistente, enquanto seu design robusto garante durabilidade em ambientes de trabalho dif\u00edceis. A ZX75US \u00e9 equipada com controles hidr\u00e1ulicos avan\u00e7ados, oferecendo opera\u00e7\u00e3o precisa e maior efici\u00eancia.<\/p>","protected":false},"featured_media":2308,"template":"","meta":[],"product_brand":[40],"product_cat":[120,77,39],"product_tag":[],"class_list":{"0":"post-2298","1":"product","2":"type-product","3":"status-publish","4":"has-post-thumbnail","6":"product_brand-hitachi","7":"product_cat-2020-2023","8":"product_cat-7-5t","9":"product_cat-used-hitachi-excavator","11":"first","12":"instock","13":"shipping-taxable","14":"purchasable","15":"product-type-simple"},"_links":{"self":[{"href":"https:\/\/shenhuexcavator.com\/pt\/wp-json\/wp\/v2\/product\/2298","targetHints":{"allow":["GET"]}}],"collection":[{"href":"https:\/\/shenhuexcavator.com\/pt\/wp-json\/wp\/v2\/product"}],"about":[{"href":"https:\/\/shenhuexcavator.com\/pt\/wp-json\/wp\/v2\/types\/product"}],"wp:featuredmedia":[{"embeddable":true,"href":"https:\/\/shenhuexcavator.com\/pt\/wp-json\/wp\/v2\/media\/2308"}],"wp:attachment":[{"href":"https:\/\/shenhuexcavator.com\/pt\/wp-json\/wp\/v2\/media?parent=2298"}],"wp:term":[{"taxonomy":"product_brand","embeddable":true,"href":"https:\/\/shenhuexcavator.com\/pt\/wp-json\/wp\/v2\/product_brand?post=2298"},{"taxonomy":"product_cat","embeddable":true,"href":"https:\/\/shenhuexcavator.com\/pt\/wp-json\/wp\/v2\/product_cat?post=2298"},{"taxonomy":"product_tag","embeddable":true,"href":"https:\/\/shenhuexcavator.com\/pt\/wp-json\/wp\/v2\/product_tag?post=2298"}],"curies":[{"name":"wp","href":"https:\/\/api.w.org\/{rel}","templated":true}]}}