{"id":2340,"date":"2025-02-25T15:55:00","date_gmt":"2025-02-25T07:55:00","guid":{"rendered":"https:\/\/shenhuexcavator.com\/?post_type=product&#038;p=2340"},"modified":"2025-07-17T15:09:53","modified_gmt":"2025-07-17T07:09:53","slug":"used-hitachi-zx170w-3-excavator","status":"publish","type":"product","link":"https:\/\/shenhuexcavator.com\/pt\/produto\/used-hitachi-zx170w-3-excavator\/","title":{"rendered":"Escavadeira Hitachi ZX170W-3 usada"},"content":{"rendered":"<p><img fetchpriority=\"high\" decoding=\"async\" class=\"aligncenter size-full wp-image-2341\" src=\"https:\/\/shenhuexcavator.com\/wp-content\/uploads\/2025\/02\/424741ae96f75ef70fa93efee7d2283.jpg\" alt=\"\" width=\"850\" height=\"650\"> <img decoding=\"async\" class=\"aligncenter size-full wp-image-2342\" src=\"https:\/\/shenhuexcavator.com\/wp-content\/uploads\/2025\/02\/a0fec92555cd8e4668161c8504cf1a4.jpg\" alt=\"\" width=\"850\" height=\"650\"> <img decoding=\"async\" class=\"aligncenter size-full wp-image-2343\" src=\"https:\/\/shenhuexcavator.com\/wp-content\/uploads\/2025\/02\/a3d1201ae5ea21f71704c9919bfd29c.jpg\" alt=\"\" width=\"850\" height=\"650\"> <img loading=\"lazy\" decoding=\"async\" class=\"aligncenter size-full wp-image-2344\" src=\"https:\/\/shenhuexcavator.com\/wp-content\/uploads\/2025\/02\/cafee7a0e5b1ec05695fb47a915126e.jpg\" alt=\"\" width=\"850\" height=\"650\"> <img loading=\"lazy\" decoding=\"async\" class=\"aligncenter size-full wp-image-2345\" src=\"https:\/\/shenhuexcavator.com\/wp-content\/uploads\/2025\/02\/d6ffea8b25e83bdc56661580894bfdb.jpg\" alt=\"\" width=\"850\" height=\"650\"> <img loading=\"lazy\" decoding=\"async\" class=\"aligncenter size-full wp-image-2346\" src=\"https:\/\/shenhuexcavator.com\/wp-content\/uploads\/2025\/02\/f02a7f9b9f84605eccf853311e5f284.jpg\" alt=\"\" width=\"850\" height=\"650\"> <img loading=\"lazy\" decoding=\"async\" class=\"aligncenter size-full wp-image-2347\" src=\"https:\/\/shenhuexcavator.com\/wp-content\/uploads\/2025\/02\/77f8e9fa477459dcb4c416374894b7c.jpg\" alt=\"\" width=\"850\" height=\"650\"> <img loading=\"lazy\" decoding=\"async\" class=\"aligncenter size-full wp-image-2348\" src=\"https:\/\/shenhuexcavator.com\/wp-content\/uploads\/2025\/02\/68e7b718cc7475307a6bd3a38f1e00c.jpg\" alt=\"\" width=\"850\" height=\"650\"> <img loading=\"lazy\" decoding=\"async\" class=\"aligncenter size-full wp-image-2349\" src=\"https:\/\/shenhuexcavator.com\/wp-content\/uploads\/2025\/02\/268984b5c6887adef1c04d1c0e0f1dc.jpg\" alt=\"\" width=\"850\" height=\"650\"><\/p>","protected":false},"excerpt":{"rendered":"<p>A Escavadeira Hitachi ZX170W-3 usada \u00e9 uma m\u00e1quina de alto desempenho projetada para aplica\u00e7\u00f5es pesadas. Com um peso operacional de 17800 kg e uma capacidade de ca\u00e7amba de 0,7 metros c\u00fabicos, ela \u00e9 perfeita para minera\u00e7\u00e3o, pedreiras e projetos de constru\u00e7\u00e3o em larga escala. Seu motor de 107 kW fornece pot\u00eancia consistente, enquanto seu projeto robusto garante durabilidade em ambientes de trabalho dif\u00edceis. A ZX170W-3 \u00e9 equipada com controles hidr\u00e1ulicos avan\u00e7ados, oferecendo opera\u00e7\u00e3o precisa e maior efici\u00eancia.<\/p>","protected":false},"featured_media":2350,"template":"","meta":[],"product_brand":[40],"product_cat":[84,120,39],"product_tag":[],"class_list":{"0":"post-2340","1":"product","2":"type-product","3":"status-publish","4":"has-post-thumbnail","6":"product_brand-hitachi","7":"product_cat-17t","8":"product_cat-2020-2023","9":"product_cat-used-hitachi-excavator","11":"first","12":"instock","13":"shipping-taxable","14":"purchasable","15":"product-type-simple"},"_links":{"self":[{"href":"https:\/\/shenhuexcavator.com\/pt\/wp-json\/wp\/v2\/product\/2340","targetHints":{"allow":["GET"]}}],"collection":[{"href":"https:\/\/shenhuexcavator.com\/pt\/wp-json\/wp\/v2\/product"}],"about":[{"href":"https:\/\/shenhuexcavator.com\/pt\/wp-json\/wp\/v2\/types\/product"}],"wp:featuredmedia":[{"embeddable":true,"href":"https:\/\/shenhuexcavator.com\/pt\/wp-json\/wp\/v2\/media\/2350"}],"wp:attachment":[{"href":"https:\/\/shenhuexcavator.com\/pt\/wp-json\/wp\/v2\/media?parent=2340"}],"wp:term":[{"taxonomy":"product_brand","embeddable":true,"href":"https:\/\/shenhuexcavator.com\/pt\/wp-json\/wp\/v2\/product_brand?post=2340"},{"taxonomy":"product_cat","embeddable":true,"href":"https:\/\/shenhuexcavator.com\/pt\/wp-json\/wp\/v2\/product_cat?post=2340"},{"taxonomy":"product_tag","embeddable":true,"href":"https:\/\/shenhuexcavator.com\/pt\/wp-json\/wp\/v2\/product_tag?post=2340"}],"curies":[{"name":"wp","href":"https:\/\/api.w.org\/{rel}","templated":true}]}}