{"id":2430,"date":"2025-02-26T14:06:00","date_gmt":"2025-02-26T06:06:00","guid":{"rendered":"https:\/\/shenhuexcavator.com\/?post_type=product&#038;p=2430"},"modified":"2025-07-17T15:09:54","modified_gmt":"2025-07-17T07:09:54","slug":"used-volvo-ec210b-excavator","status":"publish","type":"product","link":"https:\/\/shenhuexcavator.com\/pt\/produto\/used-volvo-ec210b-excavator\/","title":{"rendered":"Escavadeira Volvo EC210B usada"},"content":{"rendered":"<p><img fetchpriority=\"high\" decoding=\"async\" class=\"aligncenter size-full wp-image-2436\" src=\"https:\/\/shenhuexcavator.com\/wp-content\/uploads\/2025\/02\/1-10-1.jpg\" alt=\"\" width=\"850\" height=\"650\"> <img decoding=\"async\" class=\"aligncenter size-full wp-image-2437\" src=\"https:\/\/shenhuexcavator.com\/wp-content\/uploads\/2025\/02\/1-11.jpg\" alt=\"\" width=\"850\" height=\"650\"> <img decoding=\"async\" class=\"aligncenter size-full wp-image-2438\" src=\"https:\/\/shenhuexcavator.com\/wp-content\/uploads\/2025\/02\/1-12.jpg\" alt=\"\" width=\"850\" height=\"650\"> <img loading=\"lazy\" decoding=\"async\" class=\"aligncenter size-full wp-image-2439\" src=\"https:\/\/shenhuexcavator.com\/wp-content\/uploads\/2025\/02\/1-13-1.jpg\" alt=\"\" width=\"850\" height=\"650\"> <img loading=\"lazy\" decoding=\"async\" class=\"aligncenter size-full wp-image-2440\" src=\"https:\/\/shenhuexcavator.com\/wp-content\/uploads\/2025\/02\/1-16-1.jpg\" alt=\"\" width=\"850\" height=\"650\"> <img loading=\"lazy\" decoding=\"async\" class=\"aligncenter size-full wp-image-2441\" src=\"https:\/\/shenhuexcavator.com\/wp-content\/uploads\/2025\/02\/1-17-1.jpg\" alt=\"\" width=\"850\" height=\"650\"> <img loading=\"lazy\" decoding=\"async\" class=\"aligncenter size-full wp-image-2442\" src=\"https:\/\/shenhuexcavator.com\/wp-content\/uploads\/2025\/02\/1-18-1.jpg\" alt=\"\" width=\"850\" height=\"650\"> <img loading=\"lazy\" decoding=\"async\" class=\"aligncenter size-full wp-image-2443\" src=\"https:\/\/shenhuexcavator.com\/wp-content\/uploads\/2025\/02\/1-19-1.jpg\" alt=\"\" width=\"850\" height=\"650\"><\/p>","protected":false},"excerpt":{"rendered":"<p>A escavadeira Volvo EC210B usada \u00e9 uma m\u00e1quina robusta e vers\u00e1til projetada para tarefas de escava\u00e7\u00e3o pesada. Com um peso operacional de 20500 kg e uma capacidade de ca\u00e7amba de 0,9 metros c\u00fabicos, \u00e9 ideal para projetos de constru\u00e7\u00e3o de grande escala. Seu motor de 107 kW proporciona um desempenho confi\u00e1vel, enquanto seu sistema hidr\u00e1ulico avan\u00e7ado garante uma opera\u00e7\u00e3o suave. A EC210B \u00e9 conhecida por sua durabilidade e efici\u00eancia de combust\u00edvel, o que a torna uma op\u00e7\u00e3o econ\u00f4mica para empreiteiras que buscam maximizar a produtividade.<\/p>","protected":false},"featured_media":2431,"template":"","meta":[],"product_brand":[50],"product_cat":[120,78,44],"product_tag":[],"class_list":{"0":"post-2430","1":"product","2":"type-product","3":"status-publish","4":"has-post-thumbnail","6":"product_brand-volvo","7":"product_cat-2020-2023","8":"product_cat-21t","9":"product_cat-used-volvo-excavator","11":"first","12":"instock","13":"shipping-taxable","14":"purchasable","15":"product-type-simple"},"_links":{"self":[{"href":"https:\/\/shenhuexcavator.com\/pt\/wp-json\/wp\/v2\/product\/2430","targetHints":{"allow":["GET"]}}],"collection":[{"href":"https:\/\/shenhuexcavator.com\/pt\/wp-json\/wp\/v2\/product"}],"about":[{"href":"https:\/\/shenhuexcavator.com\/pt\/wp-json\/wp\/v2\/types\/product"}],"wp:featuredmedia":[{"embeddable":true,"href":"https:\/\/shenhuexcavator.com\/pt\/wp-json\/wp\/v2\/media\/2431"}],"wp:attachment":[{"href":"https:\/\/shenhuexcavator.com\/pt\/wp-json\/wp\/v2\/media?parent=2430"}],"wp:term":[{"taxonomy":"product_brand","embeddable":true,"href":"https:\/\/shenhuexcavator.com\/pt\/wp-json\/wp\/v2\/product_brand?post=2430"},{"taxonomy":"product_cat","embeddable":true,"href":"https:\/\/shenhuexcavator.com\/pt\/wp-json\/wp\/v2\/product_cat?post=2430"},{"taxonomy":"product_tag","embeddable":true,"href":"https:\/\/shenhuexcavator.com\/pt\/wp-json\/wp\/v2\/product_tag?post=2430"}],"curies":[{"name":"wp","href":"https:\/\/api.w.org\/{rel}","templated":true}]}}