{"id":2531,"date":"2025-02-26T15:07:00","date_gmt":"2025-02-26T07:07:00","guid":{"rendered":"https:\/\/shenhuexcavator.com\/?post_type=product&#038;p=2531"},"modified":"2025-07-17T15:09:55","modified_gmt":"2025-07-17T07:09:55","slug":"used-cat-308-excavator","status":"publish","type":"product","link":"https:\/\/shenhuexcavator.com\/pt\/produto\/used-cat-308-excavator\/","title":{"rendered":"Used Cat 308 Excavator"},"content":{"rendered":"<p><img fetchpriority=\"high\" decoding=\"async\" class=\"aligncenter size-full wp-image-2532\" src=\"https:\/\/shenhuexcavator.com\/wp-content\/uploads\/2025\/02\/5-8.jpg\" alt=\"\" width=\"850\" height=\"650\"> <img decoding=\"async\" class=\"aligncenter size-full wp-image-2533\" src=\"https:\/\/shenhuexcavator.com\/wp-content\/uploads\/2025\/02\/1-35.jpg\" alt=\"\" width=\"850\" height=\"650\"> <img decoding=\"async\" class=\"aligncenter size-full wp-image-2534\" src=\"https:\/\/shenhuexcavator.com\/wp-content\/uploads\/2025\/02\/2-11.jpg\" alt=\"\" width=\"850\" height=\"650\"> <img loading=\"lazy\" decoding=\"async\" class=\"aligncenter size-full wp-image-2535\" src=\"https:\/\/shenhuexcavator.com\/wp-content\/uploads\/2025\/02\/3-12.jpg\" alt=\"\" width=\"850\" height=\"650\"> <img loading=\"lazy\" decoding=\"async\" class=\"aligncenter size-full wp-image-2536\" src=\"https:\/\/shenhuexcavator.com\/wp-content\/uploads\/2025\/02\/4-10.jpg\" alt=\"\" width=\"850\" height=\"650\"><\/p>","protected":false},"excerpt":{"rendered":"<p>A Escavadeira Cat 308 usada \u00e9 uma m\u00e1quina para servi\u00e7os pesados constru\u00edda para projetos de constru\u00e7\u00e3o exigentes. Com um peso operacional de 8035 kg e uma capacidade de ca\u00e7amba de 0,33 metros c\u00fabicos, ela \u00e9 perfeita para tarefas de escava\u00e7\u00e3o e terraplenagem em grande escala. Seu motor de 55,2 kW proporciona um desempenho confi\u00e1vel, enquanto seu sistema hidr\u00e1ulico avan\u00e7ado garante uma opera\u00e7\u00e3o suave. O 308 \u00e9 conhecido por sua durabilidade e efici\u00eancia de combust\u00edvel, o que o torna uma op\u00e7\u00e3o econ\u00f4mica para empreiteiras que buscam maximizar a produtividade.<\/p>","protected":false},"featured_media":2537,"template":"","meta":[],"product_brand":[54],"product_cat":[120,90,45],"product_tag":[],"class_list":{"0":"post-2531","1":"product","2":"type-product","3":"status-publish","4":"has-post-thumbnail","6":"product_brand-caterpillar","7":"product_cat-2020-2023","8":"product_cat-8t","9":"product_cat-used-caterpillar-excavator","11":"first","12":"instock","13":"shipping-taxable","14":"purchasable","15":"product-type-simple"},"_links":{"self":[{"href":"https:\/\/shenhuexcavator.com\/pt\/wp-json\/wp\/v2\/product\/2531","targetHints":{"allow":["GET"]}}],"collection":[{"href":"https:\/\/shenhuexcavator.com\/pt\/wp-json\/wp\/v2\/product"}],"about":[{"href":"https:\/\/shenhuexcavator.com\/pt\/wp-json\/wp\/v2\/types\/product"}],"wp:featuredmedia":[{"embeddable":true,"href":"https:\/\/shenhuexcavator.com\/pt\/wp-json\/wp\/v2\/media\/2537"}],"wp:attachment":[{"href":"https:\/\/shenhuexcavator.com\/pt\/wp-json\/wp\/v2\/media?parent=2531"}],"wp:term":[{"taxonomy":"product_brand","embeddable":true,"href":"https:\/\/shenhuexcavator.com\/pt\/wp-json\/wp\/v2\/product_brand?post=2531"},{"taxonomy":"product_cat","embeddable":true,"href":"https:\/\/shenhuexcavator.com\/pt\/wp-json\/wp\/v2\/product_cat?post=2531"},{"taxonomy":"product_tag","embeddable":true,"href":"https:\/\/shenhuexcavator.com\/pt\/wp-json\/wp\/v2\/product_tag?post=2531"}],"curies":[{"name":"wp","href":"https:\/\/api.w.org\/{rel}","templated":true}]}}