{"id":2552,"date":"2025-02-26T15:28:00","date_gmt":"2025-02-26T07:28:00","guid":{"rendered":"https:\/\/shenhuexcavator.com\/?post_type=product&#038;p=2552"},"modified":"2025-07-17T15:09:55","modified_gmt":"2025-07-17T07:09:55","slug":"used-cat-313d-excavator","status":"publish","type":"product","link":"https:\/\/shenhuexcavator.com\/pt\/produto\/used-cat-313d-excavator\/","title":{"rendered":"Escavadeira Cat 313D usada"},"content":{"rendered":"<p><img fetchpriority=\"high\" decoding=\"async\" class=\"aligncenter size-full wp-image-2553\" src=\"https:\/\/shenhuexcavator.com\/wp-content\/uploads\/2025\/02\/409a206d5b27f2aea5c76dae66b595da_2020090310524150.jpg\" alt=\"\" width=\"850\" height=\"650\"> <img decoding=\"async\" class=\"aligncenter size-full wp-image-2554\" src=\"https:\/\/shenhuexcavator.com\/wp-content\/uploads\/2025\/02\/dda0687bffe5acf84363fc923cc93d8b_20200903105255585.jpg\" alt=\"\" width=\"850\" height=\"650\"> <img decoding=\"async\" class=\"aligncenter size-full wp-image-2555\" src=\"https:\/\/shenhuexcavator.com\/wp-content\/uploads\/2025\/02\/e7b3140eee395430887e7400b5dcc1b9_20200903105255556.jpg\" alt=\"\" width=\"850\" height=\"650\"> <img loading=\"lazy\" decoding=\"async\" class=\"aligncenter size-full wp-image-2556\" src=\"https:\/\/shenhuexcavator.com\/wp-content\/uploads\/2025\/02\/eace38650896b5140fc3b29d94be1ef1_20200903105256709.jpg\" alt=\"\" width=\"850\" height=\"650\"><\/p>","protected":false},"excerpt":{"rendered":"<p>A Escavadeira Cat 313D usada \u00e9 uma m\u00e1quina potente projetada para tarefas pesadas. Com um peso operacional de 13430 kg e uma capacidade de ca\u00e7amba de 0,52 metros c\u00fabicos, ela \u00e9 perfeita para projetos de escava\u00e7\u00e3o e terraplenagem em grande escala. Seu motor de 67 kW oferece pot\u00eancia excepcional, enquanto seu projeto robusto garante durabilidade em condi\u00e7\u00f5es de trabalho dif\u00edceis. O 313D \u00e9 especialmente adequado para canteiros de obras onde a confiabilidade e o desempenho s\u00e3o fundamentais.<\/p>","protected":false},"featured_media":2557,"template":"","meta":[],"product_brand":[54],"product_cat":[83,120,45],"product_tag":[],"class_list":{"0":"post-2552","1":"product","2":"type-product","3":"status-publish","4":"has-post-thumbnail","6":"product_brand-caterpillar","7":"product_cat-13t","8":"product_cat-2020-2023","9":"product_cat-used-caterpillar-excavator","11":"first","12":"instock","13":"shipping-taxable","14":"purchasable","15":"product-type-simple"},"_links":{"self":[{"href":"https:\/\/shenhuexcavator.com\/pt\/wp-json\/wp\/v2\/product\/2552","targetHints":{"allow":["GET"]}}],"collection":[{"href":"https:\/\/shenhuexcavator.com\/pt\/wp-json\/wp\/v2\/product"}],"about":[{"href":"https:\/\/shenhuexcavator.com\/pt\/wp-json\/wp\/v2\/types\/product"}],"wp:featuredmedia":[{"embeddable":true,"href":"https:\/\/shenhuexcavator.com\/pt\/wp-json\/wp\/v2\/media\/2557"}],"wp:attachment":[{"href":"https:\/\/shenhuexcavator.com\/pt\/wp-json\/wp\/v2\/media?parent=2552"}],"wp:term":[{"taxonomy":"product_brand","embeddable":true,"href":"https:\/\/shenhuexcavator.com\/pt\/wp-json\/wp\/v2\/product_brand?post=2552"},{"taxonomy":"product_cat","embeddable":true,"href":"https:\/\/shenhuexcavator.com\/pt\/wp-json\/wp\/v2\/product_cat?post=2552"},{"taxonomy":"product_tag","embeddable":true,"href":"https:\/\/shenhuexcavator.com\/pt\/wp-json\/wp\/v2\/product_tag?post=2552"}],"curies":[{"name":"wp","href":"https:\/\/api.w.org\/{rel}","templated":true}]}}