{"id":2642,"date":"2025-02-26T16:01:00","date_gmt":"2025-02-26T08:01:00","guid":{"rendered":"https:\/\/shenhuexcavator.com\/?post_type=product&#038;p=2642"},"modified":"2025-07-17T15:10:00","modified_gmt":"2025-07-17T07:10:00","slug":"used-cat-349d-excavator","status":"publish","type":"product","link":"https:\/\/shenhuexcavator.com\/pt\/produto\/used-cat-349d-excavator\/","title":{"rendered":"Escavadeira Cat 349D usada"},"content":{"rendered":"<p>&nbsp;<\/p>\n<p><img fetchpriority=\"high\" decoding=\"async\" class=\"aligncenter size-full wp-image-2643\" src=\"https:\/\/shenhuexcavator.com\/wp-content\/uploads\/2025\/02\/f2619de908a2440ae2c0ff8f880bc4c.jpg\" alt=\"\" width=\"850\" height=\"650\"> <img decoding=\"async\" class=\"aligncenter size-full wp-image-2644\" src=\"https:\/\/shenhuexcavator.com\/wp-content\/uploads\/2025\/02\/7a984d8308f2b5fc78e694aecde28f7.jpg\" alt=\"\" width=\"850\" height=\"650\"> <img decoding=\"async\" class=\"aligncenter size-full wp-image-2645\" src=\"https:\/\/shenhuexcavator.com\/wp-content\/uploads\/2025\/02\/021ffecbab475161e07ddc899de0206.jpg\" alt=\"\" width=\"850\" height=\"650\"> <img loading=\"lazy\" decoding=\"async\" class=\"aligncenter size-full wp-image-2646\" src=\"https:\/\/shenhuexcavator.com\/wp-content\/uploads\/2025\/02\/25e8f26942dfabb3537f2d34620c6c3.jpg\" alt=\"\" width=\"850\" height=\"650\"> <img loading=\"lazy\" decoding=\"async\" class=\"aligncenter size-full wp-image-2647\" src=\"https:\/\/shenhuexcavator.com\/wp-content\/uploads\/2025\/02\/37ce617f8909eadbdc80779849e2c40.jpg\" alt=\"\" width=\"850\" height=\"650\"> <img loading=\"lazy\" decoding=\"async\" class=\"aligncenter size-full wp-image-2648\" src=\"https:\/\/shenhuexcavator.com\/wp-content\/uploads\/2025\/02\/6075dfe51737a4f1f2c3c1b7077e1ab.jpg\" alt=\"\" width=\"850\" height=\"650\"> <img loading=\"lazy\" decoding=\"async\" class=\"aligncenter size-full wp-image-2649\" src=\"https:\/\/shenhuexcavator.com\/wp-content\/uploads\/2025\/02\/a3256735e8c93206a19badea8222245.jpg\" alt=\"\" width=\"850\" height=\"650\"> <img loading=\"lazy\" decoding=\"async\" class=\"aligncenter size-full wp-image-2650\" src=\"https:\/\/shenhuexcavator.com\/wp-content\/uploads\/2025\/02\/eb1ba9a1d014a003f1a15ce33872f07.jpg\" alt=\"\" width=\"850\" height=\"650\"><\/p>","protected":false},"excerpt":{"rendered":"<p>A Escavadeira Cat 349D usada \u00e9 uma m\u00e1quina para servi\u00e7os pesados constru\u00edda para projetos de constru\u00e7\u00e3o exigentes. Com um peso operacional de 46285 kg e uma capacidade de ca\u00e7amba de 1,8 a 3,1 metros c\u00fabicos, ela \u00e9 ideal para tarefas de escava\u00e7\u00e3o e terraplenagem em grande escala. Seu motor de 283 kW proporciona um desempenho confi\u00e1vel, enquanto seu sistema hidr\u00e1ulico avan\u00e7ado garante uma opera\u00e7\u00e3o suave. O 349D \u00e9 conhecido por sua durabilidade e efici\u00eancia de combust\u00edvel, o que o torna uma op\u00e7\u00e3o econ\u00f4mica para empreiteiras que buscam maximizar a produtividade.<\/p>","protected":false},"featured_media":2651,"template":"","meta":[],"product_brand":[54],"product_cat":[120,94,45],"product_tag":[],"class_list":{"0":"post-2642","1":"product","2":"type-product","3":"status-publish","4":"has-post-thumbnail","6":"product_brand-caterpillar","7":"product_cat-2020-2023","8":"product_cat-49t","9":"product_cat-used-caterpillar-excavator","11":"first","12":"instock","13":"shipping-taxable","14":"purchasable","15":"product-type-simple"},"_links":{"self":[{"href":"https:\/\/shenhuexcavator.com\/pt\/wp-json\/wp\/v2\/product\/2642","targetHints":{"allow":["GET"]}}],"collection":[{"href":"https:\/\/shenhuexcavator.com\/pt\/wp-json\/wp\/v2\/product"}],"about":[{"href":"https:\/\/shenhuexcavator.com\/pt\/wp-json\/wp\/v2\/types\/product"}],"wp:featuredmedia":[{"embeddable":true,"href":"https:\/\/shenhuexcavator.com\/pt\/wp-json\/wp\/v2\/media\/2651"}],"wp:attachment":[{"href":"https:\/\/shenhuexcavator.com\/pt\/wp-json\/wp\/v2\/media?parent=2642"}],"wp:term":[{"taxonomy":"product_brand","embeddable":true,"href":"https:\/\/shenhuexcavator.com\/pt\/wp-json\/wp\/v2\/product_brand?post=2642"},{"taxonomy":"product_cat","embeddable":true,"href":"https:\/\/shenhuexcavator.com\/pt\/wp-json\/wp\/v2\/product_cat?post=2642"},{"taxonomy":"product_tag","embeddable":true,"href":"https:\/\/shenhuexcavator.com\/pt\/wp-json\/wp\/v2\/product_tag?post=2642"}],"curies":[{"name":"wp","href":"https:\/\/api.w.org\/{rel}","templated":true}]}}