{"id":2686,"date":"2025-02-27T10:08:00","date_gmt":"2025-02-27T02:08:00","guid":{"rendered":"https:\/\/shenhuexcavator.com\/?post_type=product&#038;p=2686"},"modified":"2025-07-17T15:10:00","modified_gmt":"2025-07-17T07:10:00","slug":"used-hyundai-r215-7-excavator","status":"publish","type":"product","link":"https:\/\/shenhuexcavator.com\/pt\/produto\/used-hyundai-r215-7-excavator\/","title":{"rendered":"Escavadeira Hyundai R215-7 usada"},"content":{"rendered":"<p><img fetchpriority=\"high\" decoding=\"async\" class=\"aligncenter size-full wp-image-2687\" src=\"https:\/\/shenhuexcavator.com\/wp-content\/uploads\/2025\/02\/bc609232b15802957699cd242ec1852.jpg\" alt=\"\" width=\"850\" height=\"650\"> <img decoding=\"async\" class=\"aligncenter size-full wp-image-2688\" src=\"https:\/\/shenhuexcavator.com\/wp-content\/uploads\/2025\/02\/39cba4b6b209ac3b3a8e4ee629f318c.jpg\" alt=\"\" width=\"850\" height=\"650\"> <img decoding=\"async\" class=\"aligncenter size-full wp-image-2689\" src=\"https:\/\/shenhuexcavator.com\/wp-content\/uploads\/2025\/02\/950d001071f7b775c855473f9fa687f.jpg\" alt=\"\" width=\"850\" height=\"650\"> <img loading=\"lazy\" decoding=\"async\" class=\"aligncenter size-full wp-image-2690\" src=\"https:\/\/shenhuexcavator.com\/wp-content\/uploads\/2025\/02\/5777b095881654da7a318377b2cf098.jpg\" alt=\"\" width=\"850\" height=\"650\"> <img loading=\"lazy\" decoding=\"async\" class=\"aligncenter size-full wp-image-2691\" src=\"https:\/\/shenhuexcavator.com\/wp-content\/uploads\/2025\/02\/e692c69650e24afc09592afcd463d11.jpg\" alt=\"\" width=\"850\" height=\"650\"><\/p>","protected":false},"excerpt":{"rendered":"<p>A Escavadeira Hyundai R215-7 usada \u00e9 uma m\u00e1quina potente projetada para tarefas pesadas. Com um peso operacional de 20700 kg e uma capacidade de ca\u00e7amba de 0,92 metros c\u00fabicos, \u00e9 perfeita para projetos de escava\u00e7\u00e3o e terraplenagem de grande escala. Seu motor de 110 kW oferece pot\u00eancia excepcional, enquanto seu projeto robusto garante durabilidade em condi\u00e7\u00f5es de trabalho dif\u00edceis. O R215-7 \u00e9 especialmente adequado para canteiros de obras onde a confiabilidade e o desempenho s\u00e3o fundamentais.<\/p>","protected":false},"featured_media":2692,"template":"","meta":[],"product_brand":[55],"product_cat":[120,78,46],"product_tag":[],"class_list":{"0":"post-2686","1":"product","2":"type-product","3":"status-publish","4":"has-post-thumbnail","6":"product_brand-hyundai","7":"product_cat-2020-2023","8":"product_cat-21t","9":"product_cat-used-hyundai-excavator","11":"first","12":"instock","13":"shipping-taxable","14":"purchasable","15":"product-type-simple"},"_links":{"self":[{"href":"https:\/\/shenhuexcavator.com\/pt\/wp-json\/wp\/v2\/product\/2686","targetHints":{"allow":["GET"]}}],"collection":[{"href":"https:\/\/shenhuexcavator.com\/pt\/wp-json\/wp\/v2\/product"}],"about":[{"href":"https:\/\/shenhuexcavator.com\/pt\/wp-json\/wp\/v2\/types\/product"}],"wp:featuredmedia":[{"embeddable":true,"href":"https:\/\/shenhuexcavator.com\/pt\/wp-json\/wp\/v2\/media\/2692"}],"wp:attachment":[{"href":"https:\/\/shenhuexcavator.com\/pt\/wp-json\/wp\/v2\/media?parent=2686"}],"wp:term":[{"taxonomy":"product_brand","embeddable":true,"href":"https:\/\/shenhuexcavator.com\/pt\/wp-json\/wp\/v2\/product_brand?post=2686"},{"taxonomy":"product_cat","embeddable":true,"href":"https:\/\/shenhuexcavator.com\/pt\/wp-json\/wp\/v2\/product_cat?post=2686"},{"taxonomy":"product_tag","embeddable":true,"href":"https:\/\/shenhuexcavator.com\/pt\/wp-json\/wp\/v2\/product_tag?post=2686"}],"curies":[{"name":"wp","href":"https:\/\/api.w.org\/{rel}","templated":true}]}}