{"id":2743,"date":"2025-02-27T10:46:00","date_gmt":"2025-02-27T02:46:00","guid":{"rendered":"https:\/\/shenhuexcavator.com\/?post_type=product&#038;p=2743"},"modified":"2025-07-17T15:10:02","modified_gmt":"2025-07-17T07:10:02","slug":"used-kobelco-sk130-excavator","status":"publish","type":"product","link":"https:\/\/shenhuexcavator.com\/pt\/produto\/used-kobelco-sk130-excavator\/","title":{"rendered":"Escavadeira Kobelco SK130 usada"},"content":{"rendered":"<p><img fetchpriority=\"high\" decoding=\"async\" class=\"aligncenter size-full wp-image-2744\" src=\"https:\/\/shenhuexcavator.com\/wp-content\/uploads\/2025\/02\/1-3-6.jpg\" alt=\"\" width=\"850\" height=\"650\"> <img decoding=\"async\" class=\"aligncenter size-full wp-image-2745\" src=\"https:\/\/shenhuexcavator.com\/wp-content\/uploads\/2025\/02\/1-5-6.jpg\" alt=\"\" width=\"850\" height=\"650\"> <img decoding=\"async\" class=\"aligncenter size-full wp-image-2746\" src=\"https:\/\/shenhuexcavator.com\/wp-content\/uploads\/2025\/02\/1-6-5.jpg\" alt=\"\" width=\"850\" height=\"650\"> <img loading=\"lazy\" decoding=\"async\" class=\"aligncenter size-full wp-image-2747\" src=\"https:\/\/shenhuexcavator.com\/wp-content\/uploads\/2025\/02\/1-8-3.jpg\" alt=\"\" width=\"850\" height=\"650\"> <img loading=\"lazy\" decoding=\"async\" class=\"aligncenter size-full wp-image-2748\" src=\"https:\/\/shenhuexcavator.com\/wp-content\/uploads\/2025\/02\/1bea3be00cb2d3d93f0ce81109701f2f.jpg\" alt=\"\" width=\"850\" height=\"650\"> <img loading=\"lazy\" decoding=\"async\" class=\"aligncenter size-full wp-image-2749\" src=\"https:\/\/shenhuexcavator.com\/wp-content\/uploads\/2025\/02\/12d57234119b9164adb2395f478eb199.jpg\" alt=\"\" width=\"850\" height=\"650\"><\/p>","protected":false},"excerpt":{"rendered":"<p>A Escavadeira Kobelco SK130 usada \u00e9 uma m\u00e1quina potente projetada para tarefas pesadas. Com um peso operacional de 13300 kg e uma capacidade de ca\u00e7amba de 0,52 metros c\u00fabicos, ela \u00e9 perfeita para projetos de escava\u00e7\u00e3o e terraplenagem em grande escala. Seu motor de 78,5 kW oferece pot\u00eancia excepcional, enquanto seu projeto robusto garante durabilidade em condi\u00e7\u00f5es de trabalho dif\u00edceis. O SK130 \u00e9 especialmente adequado para canteiros de obras onde a confiabilidade e o desempenho s\u00e3o fundamentais.<\/p>","protected":false},"featured_media":2750,"template":"","meta":[],"product_brand":[53],"product_cat":[83,120,49],"product_tag":[],"class_list":{"0":"post-2743","1":"product","2":"type-product","3":"status-publish","4":"has-post-thumbnail","6":"product_brand-kobelco","7":"product_cat-13t","8":"product_cat-2020-2023","9":"product_cat-used-kobelco-excavator","11":"first","12":"instock","13":"shipping-taxable","14":"purchasable","15":"product-type-simple"},"_links":{"self":[{"href":"https:\/\/shenhuexcavator.com\/pt\/wp-json\/wp\/v2\/product\/2743","targetHints":{"allow":["GET"]}}],"collection":[{"href":"https:\/\/shenhuexcavator.com\/pt\/wp-json\/wp\/v2\/product"}],"about":[{"href":"https:\/\/shenhuexcavator.com\/pt\/wp-json\/wp\/v2\/types\/product"}],"wp:featuredmedia":[{"embeddable":true,"href":"https:\/\/shenhuexcavator.com\/pt\/wp-json\/wp\/v2\/media\/2750"}],"wp:attachment":[{"href":"https:\/\/shenhuexcavator.com\/pt\/wp-json\/wp\/v2\/media?parent=2743"}],"wp:term":[{"taxonomy":"product_brand","embeddable":true,"href":"https:\/\/shenhuexcavator.com\/pt\/wp-json\/wp\/v2\/product_brand?post=2743"},{"taxonomy":"product_cat","embeddable":true,"href":"https:\/\/shenhuexcavator.com\/pt\/wp-json\/wp\/v2\/product_cat?post=2743"},{"taxonomy":"product_tag","embeddable":true,"href":"https:\/\/shenhuexcavator.com\/pt\/wp-json\/wp\/v2\/product_tag?post=2743"}],"curies":[{"name":"wp","href":"https:\/\/api.w.org\/{rel}","templated":true}]}}