{"id":2766,"date":"2025-02-27T10:53:00","date_gmt":"2025-02-27T02:53:00","guid":{"rendered":"https:\/\/shenhuexcavator.com\/?post_type=product&#038;p=2766"},"modified":"2025-07-17T15:10:04","modified_gmt":"2025-07-17T07:10:04","slug":"used-kobelco-sk200-excavator","status":"publish","type":"product","link":"https:\/\/shenhuexcavator.com\/pt\/produto\/used-kobelco-sk200-excavator\/","title":{"rendered":"Escavadeira Kobelco SK200 usada"},"content":{"rendered":"<p><img fetchpriority=\"high\" decoding=\"async\" class=\"aligncenter size-full wp-image-2767\" src=\"https:\/\/shenhuexcavator.com\/wp-content\/uploads\/2025\/02\/\u8868\u76d81-1.jpg\" alt=\"\" width=\"850\" height=\"650\"> <img decoding=\"async\" class=\"aligncenter size-full wp-image-2768\" src=\"https:\/\/shenhuexcavator.com\/wp-content\/uploads\/2025\/02\/\u8868\u76d82.jpg\" alt=\"\" width=\"850\" height=\"650\"> <img decoding=\"async\" class=\"aligncenter size-full wp-image-2769\" src=\"https:\/\/shenhuexcavator.com\/wp-content\/uploads\/2025\/02\/\u96f6\u4ef61-2.jpg\" alt=\"\" width=\"850\" height=\"650\"> <img loading=\"lazy\" decoding=\"async\" class=\"aligncenter size-full wp-image-2770\" src=\"https:\/\/shenhuexcavator.com\/wp-content\/uploads\/2025\/02\/\u96f6\u4ef62-1.jpg\" alt=\"\" width=\"850\" height=\"650\"> <img loading=\"lazy\" decoding=\"async\" class=\"aligncenter size-full wp-image-2771\" src=\"https:\/\/shenhuexcavator.com\/wp-content\/uploads\/2025\/02\/\u96f6\u4ef63-1.jpg\" alt=\"\" width=\"850\" height=\"650\"> <img loading=\"lazy\" decoding=\"async\" class=\"aligncenter size-full wp-image-2772\" src=\"https:\/\/shenhuexcavator.com\/wp-content\/uploads\/2025\/02\/\u96f6\u4ef64.jpg\" alt=\"\" width=\"850\" height=\"650\"><\/p>","protected":false},"excerpt":{"rendered":"<p>A Escavadeira Kobelco SK200 usada \u00e9 uma m\u00e1quina de alto desempenho projetada para aplica\u00e7\u00f5es pesadas. Com um peso operacional de 20.000 kg e uma capacidade de ca\u00e7amba de 0,8 metros c\u00fabicos, ela \u00e9 perfeita para minera\u00e7\u00e3o, pedreiras e projetos de constru\u00e7\u00e3o em larga escala. Seu motor de 110 kW fornece pot\u00eancia consistente, enquanto seu projeto robusto garante durabilidade em ambientes de trabalho dif\u00edceis. O SK200 \u00e9 equipado com controles hidr\u00e1ulicos avan\u00e7ados, oferecendo opera\u00e7\u00e3o precisa e maior efici\u00eancia.<\/p>","protected":false},"featured_media":2773,"template":"","meta":[],"product_brand":[53],"product_cat":[120,85,49],"product_tag":[],"class_list":{"0":"post-2766","1":"product","2":"type-product","3":"status-publish","4":"has-post-thumbnail","6":"product_brand-kobelco","7":"product_cat-2020-2023","8":"product_cat-20t","9":"product_cat-used-kobelco-excavator","11":"first","12":"instock","13":"shipping-taxable","14":"purchasable","15":"product-type-simple"},"_links":{"self":[{"href":"https:\/\/shenhuexcavator.com\/pt\/wp-json\/wp\/v2\/product\/2766","targetHints":{"allow":["GET"]}}],"collection":[{"href":"https:\/\/shenhuexcavator.com\/pt\/wp-json\/wp\/v2\/product"}],"about":[{"href":"https:\/\/shenhuexcavator.com\/pt\/wp-json\/wp\/v2\/types\/product"}],"wp:featuredmedia":[{"embeddable":true,"href":"https:\/\/shenhuexcavator.com\/pt\/wp-json\/wp\/v2\/media\/2773"}],"wp:attachment":[{"href":"https:\/\/shenhuexcavator.com\/pt\/wp-json\/wp\/v2\/media?parent=2766"}],"wp:term":[{"taxonomy":"product_brand","embeddable":true,"href":"https:\/\/shenhuexcavator.com\/pt\/wp-json\/wp\/v2\/product_brand?post=2766"},{"taxonomy":"product_cat","embeddable":true,"href":"https:\/\/shenhuexcavator.com\/pt\/wp-json\/wp\/v2\/product_cat?post=2766"},{"taxonomy":"product_tag","embeddable":true,"href":"https:\/\/shenhuexcavator.com\/pt\/wp-json\/wp\/v2\/product_tag?post=2766"}],"curies":[{"name":"wp","href":"https:\/\/api.w.org\/{rel}","templated":true}]}}