{"id":2832,"date":"2025-02-27T11:29:00","date_gmt":"2025-02-27T03:29:00","guid":{"rendered":"https:\/\/shenhuexcavator.com\/?post_type=product&#038;p=2832"},"modified":"2025-07-17T15:10:05","modified_gmt":"2025-07-17T07:10:05","slug":"used-komatsu-pc70-8-excavator","status":"publish","type":"product","link":"https:\/\/shenhuexcavator.com\/pt\/produto\/used-komatsu-pc70-8-excavator\/","title":{"rendered":"Escavadeira Komatsu PC70-8 usada"},"content":{"rendered":"<p><img fetchpriority=\"high\" decoding=\"async\" class=\"aligncenter size-full wp-image-2833\" src=\"https:\/\/shenhuexcavator.com\/wp-content\/uploads\/2025\/02\/e9d879d9b9683a7e8e460345d8a8d42.jpg\" alt=\"\" width=\"850\" height=\"650\"> <img decoding=\"async\" class=\"aligncenter size-full wp-image-2834\" src=\"https:\/\/shenhuexcavator.com\/wp-content\/uploads\/2025\/02\/9b1bedc8eb93cabf407c8d345ee2862.jpg\" alt=\"\" width=\"850\" height=\"650\"> <img decoding=\"async\" class=\"aligncenter size-full wp-image-2835\" src=\"https:\/\/shenhuexcavator.com\/wp-content\/uploads\/2025\/02\/47d7d3de7dbe655eea5a1c1f4ddcfa3.jpg\" alt=\"\" width=\"850\" height=\"650\"> <img loading=\"lazy\" decoding=\"async\" class=\"aligncenter size-full wp-image-2836\" src=\"https:\/\/shenhuexcavator.com\/wp-content\/uploads\/2025\/02\/903aa70f67afc31addb8491415d7d80.jpg\" alt=\"\" width=\"850\" height=\"650\"> <img loading=\"lazy\" decoding=\"async\" class=\"aligncenter size-full wp-image-2837\" src=\"https:\/\/shenhuexcavator.com\/wp-content\/uploads\/2025\/02\/135185bb0a0c3a2fdfceb81c5f6ce21.jpg\" alt=\"\" width=\"850\" height=\"650\"> <img loading=\"lazy\" decoding=\"async\" class=\"aligncenter size-full wp-image-2838\" src=\"https:\/\/shenhuexcavator.com\/wp-content\/uploads\/2025\/02\/c4ee6894bbb8738e1ad045f1b9cb8ad.jpg\" alt=\"\" width=\"850\" height=\"650\"><\/p>","protected":false},"excerpt":{"rendered":"<p>A Escavadeira Komatsu PC70-8 usada \u00e9 uma m\u00e1quina vers\u00e1til projetada para tarefas m\u00e9dias. Com um peso operacional de 6500 kg e uma capacidade de ca\u00e7amba de 0,32 metros c\u00fabicos, ela \u00e9 perfeita para opera\u00e7\u00f5es de escava\u00e7\u00e3o, eleva\u00e7\u00e3o e carregamento. Seu motor de 48,5 kW proporciona um desempenho robusto, enquanto seu sistema hidr\u00e1ulico avan\u00e7ado garante uma opera\u00e7\u00e3o suave e precisa. A PC70-8 \u00e9 conhecida por sua durabilidade e efici\u00eancia de combust\u00edvel, o que a torna uma op\u00e7\u00e3o confi\u00e1vel para empreiteiras que buscam maximizar a produtividade,<\/p>","protected":false},"featured_media":2839,"template":"","meta":[],"product_brand":[51],"product_cat":[120,81,48],"product_tag":[],"class_list":{"0":"post-2832","1":"product","2":"type-product","3":"status-publish","4":"has-post-thumbnail","6":"product_brand-komatsu","7":"product_cat-2020-2023","8":"product_cat-7t","9":"product_cat-used-komatsu-excavator","11":"first","12":"instock","13":"shipping-taxable","14":"purchasable","15":"product-type-simple"},"_links":{"self":[{"href":"https:\/\/shenhuexcavator.com\/pt\/wp-json\/wp\/v2\/product\/2832","targetHints":{"allow":["GET"]}}],"collection":[{"href":"https:\/\/shenhuexcavator.com\/pt\/wp-json\/wp\/v2\/product"}],"about":[{"href":"https:\/\/shenhuexcavator.com\/pt\/wp-json\/wp\/v2\/types\/product"}],"wp:featuredmedia":[{"embeddable":true,"href":"https:\/\/shenhuexcavator.com\/pt\/wp-json\/wp\/v2\/media\/2839"}],"wp:attachment":[{"href":"https:\/\/shenhuexcavator.com\/pt\/wp-json\/wp\/v2\/media?parent=2832"}],"wp:term":[{"taxonomy":"product_brand","embeddable":true,"href":"https:\/\/shenhuexcavator.com\/pt\/wp-json\/wp\/v2\/product_brand?post=2832"},{"taxonomy":"product_cat","embeddable":true,"href":"https:\/\/shenhuexcavator.com\/pt\/wp-json\/wp\/v2\/product_cat?post=2832"},{"taxonomy":"product_tag","embeddable":true,"href":"https:\/\/shenhuexcavator.com\/pt\/wp-json\/wp\/v2\/product_tag?post=2832"}],"curies":[{"name":"wp","href":"https:\/\/api.w.org\/{rel}","templated":true}]}}