{"id":2858,"date":"2025-02-27T11:36:00","date_gmt":"2025-02-27T03:36:00","guid":{"rendered":"https:\/\/shenhuexcavator.com\/?post_type=product&#038;p=2858"},"modified":"2025-07-17T15:10:06","modified_gmt":"2025-07-17T07:10:06","slug":"used-komatsu-pc120-6-excavator","status":"publish","type":"product","link":"https:\/\/shenhuexcavator.com\/pt\/produto\/used-komatsu-pc120-6-excavator\/","title":{"rendered":"Escavadeira Komatsu PC120-6 usada"},"content":{"rendered":"<p><img fetchpriority=\"high\" decoding=\"async\" class=\"aligncenter size-full wp-image-2859\" src=\"https:\/\/shenhuexcavator.com\/wp-content\/uploads\/2025\/02\/1-1-11.jpg\" alt=\"\" width=\"850\" height=\"650\"> <img decoding=\"async\" class=\"aligncenter size-full wp-image-2860\" src=\"https:\/\/shenhuexcavator.com\/wp-content\/uploads\/2025\/02\/1-3-9.jpg\" alt=\"\" width=\"850\" height=\"650\"> <img decoding=\"async\" class=\"aligncenter size-full wp-image-2861\" src=\"https:\/\/shenhuexcavator.com\/wp-content\/uploads\/2025\/02\/1-4-9.jpg\" alt=\"\" width=\"850\" height=\"650\"> <img loading=\"lazy\" decoding=\"async\" class=\"aligncenter size-full wp-image-2862\" src=\"https:\/\/shenhuexcavator.com\/wp-content\/uploads\/2025\/02\/1-8-5.jpg\" alt=\"\" width=\"850\" height=\"650\"> <img loading=\"lazy\" decoding=\"async\" class=\"aligncenter size-full wp-image-2863\" src=\"https:\/\/shenhuexcavator.com\/wp-content\/uploads\/2025\/02\/1-13-3.jpg\" alt=\"\" width=\"850\" height=\"650\"><\/p>","protected":false},"excerpt":{"rendered":"<p>A Escavadeira Komatsu PC120-6 usada \u00e9 uma m\u00e1quina para servi\u00e7os pesados constru\u00edda para projetos de constru\u00e7\u00e3o exigentes. Com um peso operacional de 12030 kg e uma capacidade de ca\u00e7amba de 0,5 metros c\u00fabicos, \u00e9 perfeita para tarefas de escava\u00e7\u00e3o e terraplenagem em grande escala. Seu motor de 64 kW proporciona um desempenho confi\u00e1vel, enquanto seu sistema hidr\u00e1ulico avan\u00e7ado garante uma opera\u00e7\u00e3o suave. A PC120-6 \u00e9 conhecida por sua durabilidade e efici\u00eancia de combust\u00edvel, o que a torna uma op\u00e7\u00e3o econ\u00f4mica para empreiteiras que buscam maximizar a produtividade,<\/p>","protected":false},"featured_media":2864,"template":"","meta":[],"product_brand":[51],"product_cat":[82,120,48],"product_tag":[],"class_list":{"0":"post-2858","1":"product","2":"type-product","3":"status-publish","4":"has-post-thumbnail","6":"product_brand-komatsu","7":"product_cat-12t","8":"product_cat-2020-2023","9":"product_cat-used-komatsu-excavator","11":"first","12":"instock","13":"shipping-taxable","14":"purchasable","15":"product-type-simple"},"_links":{"self":[{"href":"https:\/\/shenhuexcavator.com\/pt\/wp-json\/wp\/v2\/product\/2858","targetHints":{"allow":["GET"]}}],"collection":[{"href":"https:\/\/shenhuexcavator.com\/pt\/wp-json\/wp\/v2\/product"}],"about":[{"href":"https:\/\/shenhuexcavator.com\/pt\/wp-json\/wp\/v2\/types\/product"}],"wp:featuredmedia":[{"embeddable":true,"href":"https:\/\/shenhuexcavator.com\/pt\/wp-json\/wp\/v2\/media\/2864"}],"wp:attachment":[{"href":"https:\/\/shenhuexcavator.com\/pt\/wp-json\/wp\/v2\/media?parent=2858"}],"wp:term":[{"taxonomy":"product_brand","embeddable":true,"href":"https:\/\/shenhuexcavator.com\/pt\/wp-json\/wp\/v2\/product_brand?post=2858"},{"taxonomy":"product_cat","embeddable":true,"href":"https:\/\/shenhuexcavator.com\/pt\/wp-json\/wp\/v2\/product_cat?post=2858"},{"taxonomy":"product_tag","embeddable":true,"href":"https:\/\/shenhuexcavator.com\/pt\/wp-json\/wp\/v2\/product_tag?post=2858"}],"curies":[{"name":"wp","href":"https:\/\/api.w.org\/{rel}","templated":true}]}}