{"id":2869,"date":"2025-02-27T11:39:00","date_gmt":"2025-02-27T03:39:00","guid":{"rendered":"https:\/\/shenhuexcavator.com\/?post_type=product&#038;p=2869"},"modified":"2025-07-17T15:10:06","modified_gmt":"2025-07-17T07:10:06","slug":"used-komatsu-pc128us-excavator","status":"publish","type":"product","link":"https:\/\/shenhuexcavator.com\/pt\/produto\/used-komatsu-pc128us-excavator\/","title":{"rendered":"Escavadeira Komatsu PC128US usada"},"content":{"rendered":"<p><img fetchpriority=\"high\" decoding=\"async\" class=\"aligncenter size-full wp-image-2870\" src=\"https:\/\/shenhuexcavator.com\/wp-content\/uploads\/2025\/02\/00adcf7601c39d41d41f1c4139d8413.jpg\" alt=\"\" width=\"850\" height=\"650\"> <img decoding=\"async\" class=\"aligncenter size-full wp-image-2871\" src=\"https:\/\/shenhuexcavator.com\/wp-content\/uploads\/2025\/02\/2d74769518482aab9d48c26763aa64b.jpg\" alt=\"\" width=\"850\" height=\"650\"> <img decoding=\"async\" class=\"aligncenter size-full wp-image-2872\" src=\"https:\/\/shenhuexcavator.com\/wp-content\/uploads\/2025\/02\/3ae3886b223f27ae0c795e9e8c0fd5c.jpg\" alt=\"\" width=\"850\" height=\"650\"> <img loading=\"lazy\" decoding=\"async\" class=\"aligncenter size-full wp-image-2873\" src=\"https:\/\/shenhuexcavator.com\/wp-content\/uploads\/2025\/02\/6fdcf6571e834fff96bd9a58b7375c8.jpg\" alt=\"\" width=\"850\" height=\"650\"> <img loading=\"lazy\" decoding=\"async\" class=\"aligncenter size-full wp-image-2874\" src=\"https:\/\/shenhuexcavator.com\/wp-content\/uploads\/2025\/02\/51c41ceccfd8df5f360ab9dacb3f3ed.jpg\" alt=\"\" width=\"850\" height=\"650\"> <img loading=\"lazy\" decoding=\"async\" class=\"aligncenter size-full wp-image-2875\" src=\"https:\/\/shenhuexcavator.com\/wp-content\/uploads\/2025\/02\/149c97e95e4676a3fa225029af919ac.jpg\" alt=\"\" width=\"850\" height=\"650\"><\/p>","protected":false},"excerpt":{"rendered":"<p>A Escavadeira Komatsu PC128US usada \u00e9 uma m\u00e1quina de alto desempenho projetada para aplica\u00e7\u00f5es pesadas. Com um peso operacional de 13.000 kg e uma capacidade de ca\u00e7amba de 0,4 metros c\u00fabicos, ela \u00e9 perfeita para minera\u00e7\u00e3o, pedreiras e projetos de constru\u00e7\u00e3o em larga escala. Seu motor de 64 kW fornece pot\u00eancia consistente, enquanto seu design robusto garante durabilidade em ambientes de trabalho dif\u00edceis. A PC128US \u00e9 equipada com controles hidr\u00e1ulicos avan\u00e7ados, oferecendo opera\u00e7\u00e3o precisa e maior efici\u00eancia..,<\/p>","protected":false},"featured_media":2876,"template":"","meta":[],"product_brand":[51],"product_cat":[82,120,48],"product_tag":[],"class_list":{"0":"post-2869","1":"product","2":"type-product","3":"status-publish","4":"has-post-thumbnail","6":"product_brand-komatsu","7":"product_cat-12t","8":"product_cat-2020-2023","9":"product_cat-used-komatsu-excavator","11":"first","12":"instock","13":"shipping-taxable","14":"purchasable","15":"product-type-simple"},"_links":{"self":[{"href":"https:\/\/shenhuexcavator.com\/pt\/wp-json\/wp\/v2\/product\/2869","targetHints":{"allow":["GET"]}}],"collection":[{"href":"https:\/\/shenhuexcavator.com\/pt\/wp-json\/wp\/v2\/product"}],"about":[{"href":"https:\/\/shenhuexcavator.com\/pt\/wp-json\/wp\/v2\/types\/product"}],"wp:featuredmedia":[{"embeddable":true,"href":"https:\/\/shenhuexcavator.com\/pt\/wp-json\/wp\/v2\/media\/2876"}],"wp:attachment":[{"href":"https:\/\/shenhuexcavator.com\/pt\/wp-json\/wp\/v2\/media?parent=2869"}],"wp:term":[{"taxonomy":"product_brand","embeddable":true,"href":"https:\/\/shenhuexcavator.com\/pt\/wp-json\/wp\/v2\/product_brand?post=2869"},{"taxonomy":"product_cat","embeddable":true,"href":"https:\/\/shenhuexcavator.com\/pt\/wp-json\/wp\/v2\/product_cat?post=2869"},{"taxonomy":"product_tag","embeddable":true,"href":"https:\/\/shenhuexcavator.com\/pt\/wp-json\/wp\/v2\/product_tag?post=2869"}],"curies":[{"name":"wp","href":"https:\/\/api.w.org\/{rel}","templated":true}]}}