{"id":2895,"date":"2025-02-27T14:52:00","date_gmt":"2025-02-27T06:52:00","guid":{"rendered":"https:\/\/shenhuexcavator.com\/?post_type=product&#038;p=2895"},"modified":"2025-07-17T15:10:06","modified_gmt":"2025-07-17T07:10:06","slug":"used-komatsu-pc130-7-excavator","status":"publish","type":"product","link":"https:\/\/shenhuexcavator.com\/pt\/produto\/used-komatsu-pc130-7-excavator\/","title":{"rendered":"Escavadeira Komatsu PC130-7 usada"},"content":{"rendered":"<p><img fetchpriority=\"high\" decoding=\"async\" class=\"aligncenter size-full wp-image-2896\" src=\"https:\/\/shenhuexcavator.com\/wp-content\/uploads\/2025\/02\/\u94ed\u724c1-2.jpg\" alt=\"\" width=\"850\" height=\"650\"> <img decoding=\"async\" class=\"aligncenter size-full wp-image-2897\" src=\"https:\/\/shenhuexcavator.com\/wp-content\/uploads\/2025\/02\/492ec1e4c8e56a6d2481a7b6fd47e08.jpg\" alt=\"\" width=\"850\" height=\"650\"> <img decoding=\"async\" class=\"aligncenter size-full wp-image-2898\" src=\"https:\/\/shenhuexcavator.com\/wp-content\/uploads\/2025\/02\/90894ba0d8a2d5346d16a63a731a225.jpg\" alt=\"\" width=\"850\" height=\"650\"> <img loading=\"lazy\" decoding=\"async\" class=\"aligncenter size-full wp-image-2899\" src=\"https:\/\/shenhuexcavator.com\/wp-content\/uploads\/2025\/02\/\u96f6\u4ef61-3.jpg\" alt=\"\" width=\"850\" height=\"650\"> <img loading=\"lazy\" decoding=\"async\" class=\"aligncenter size-full wp-image-2900\" src=\"https:\/\/shenhuexcavator.com\/wp-content\/uploads\/2025\/02\/\u96f6\u4ef62-2.jpg\" alt=\"\" width=\"850\" height=\"650\"><\/p>","protected":false},"excerpt":{"rendered":"<p>A escavadeira Komatsu PC130-7 usada \u00e9 uma m\u00e1quina para servi\u00e7os pesados constru\u00edda para projetos de constru\u00e7\u00e3o exigentes. Com um peso operacional de 12600 kg e uma capacidade de ca\u00e7amba de 0,53 metros c\u00fabicos, \u00e9 ideal para tarefas de escava\u00e7\u00e3o e terraplenagem em grande escala. Seu motor de 66 kW proporciona um desempenho confi\u00e1vel, enquanto seu sistema hidr\u00e1ulico avan\u00e7ado garante uma opera\u00e7\u00e3o suave. A PC130-7 \u00e9 conhecida por sua durabilidade e efici\u00eancia de combust\u00edvel, o que a torna uma op\u00e7\u00e3o econ\u00f4mica para empreiteiras que buscam maximizar a produtividade,<\/p>","protected":false},"featured_media":2901,"template":"","meta":[],"product_brand":[51],"product_cat":[83,120,48],"product_tag":[],"class_list":{"0":"post-2895","1":"product","2":"type-product","3":"status-publish","4":"has-post-thumbnail","6":"product_brand-komatsu","7":"product_cat-13t","8":"product_cat-2020-2023","9":"product_cat-used-komatsu-excavator","11":"first","12":"instock","13":"shipping-taxable","14":"purchasable","15":"product-type-simple"},"_links":{"self":[{"href":"https:\/\/shenhuexcavator.com\/pt\/wp-json\/wp\/v2\/product\/2895","targetHints":{"allow":["GET"]}}],"collection":[{"href":"https:\/\/shenhuexcavator.com\/pt\/wp-json\/wp\/v2\/product"}],"about":[{"href":"https:\/\/shenhuexcavator.com\/pt\/wp-json\/wp\/v2\/types\/product"}],"wp:featuredmedia":[{"embeddable":true,"href":"https:\/\/shenhuexcavator.com\/pt\/wp-json\/wp\/v2\/media\/2901"}],"wp:attachment":[{"href":"https:\/\/shenhuexcavator.com\/pt\/wp-json\/wp\/v2\/media?parent=2895"}],"wp:term":[{"taxonomy":"product_brand","embeddable":true,"href":"https:\/\/shenhuexcavator.com\/pt\/wp-json\/wp\/v2\/product_brand?post=2895"},{"taxonomy":"product_cat","embeddable":true,"href":"https:\/\/shenhuexcavator.com\/pt\/wp-json\/wp\/v2\/product_cat?post=2895"},{"taxonomy":"product_tag","embeddable":true,"href":"https:\/\/shenhuexcavator.com\/pt\/wp-json\/wp\/v2\/product_tag?post=2895"}],"curies":[{"name":"wp","href":"https:\/\/api.w.org\/{rel}","templated":true}]}}