{"id":2918,"date":"2025-02-27T15:02:00","date_gmt":"2025-02-27T07:02:00","guid":{"rendered":"https:\/\/shenhuexcavator.com\/?post_type=product&#038;p=2918"},"modified":"2025-07-17T15:10:07","modified_gmt":"2025-07-17T07:10:07","slug":"used-komatsu-pc200-8-excavator","status":"publish","type":"product","link":"https:\/\/shenhuexcavator.com\/pt\/produto\/used-komatsu-pc200-8-excavator\/","title":{"rendered":"Escavadeira Komatsu PC200-8 usada"},"content":{"rendered":"<p><img fetchpriority=\"high\" decoding=\"async\" class=\"aligncenter size-full wp-image-2919\" src=\"https:\/\/shenhuexcavator.com\/wp-content\/uploads\/2025\/02\/456c9af74b87461c20e60dbd9e81e1f.jpg\" alt=\"\" width=\"850\" height=\"650\"> <img decoding=\"async\" class=\"aligncenter size-full wp-image-2920\" src=\"https:\/\/shenhuexcavator.com\/wp-content\/uploads\/2025\/02\/533e4ac7df389d46c0fb21c1423219e.jpg\" alt=\"\" width=\"850\" height=\"650\"> <img decoding=\"async\" class=\"aligncenter size-full wp-image-2921\" src=\"https:\/\/shenhuexcavator.com\/wp-content\/uploads\/2025\/02\/2312c95b3312fee121ad542a14f5b08.jpg\" alt=\"\" width=\"850\" height=\"650\"> <img loading=\"lazy\" decoding=\"async\" class=\"aligncenter size-full wp-image-2922\" src=\"https:\/\/shenhuexcavator.com\/wp-content\/uploads\/2025\/02\/24930d3742ee982dac0d91aa2608244.jpg\" alt=\"\" width=\"850\" height=\"650\"> <img loading=\"lazy\" decoding=\"async\" class=\"aligncenter size-full wp-image-2923\" src=\"https:\/\/shenhuexcavator.com\/wp-content\/uploads\/2025\/02\/87255dc5389b7ea943abeac6ba8c0cc.jpg\" alt=\"\" width=\"850\" height=\"650\"><\/p>","protected":false},"excerpt":{"rendered":"<p>A Escavadeira Komatsu PC200-8 usada \u00e9 uma m\u00e1quina potente projetada para tarefas pesadas. Com um peso operacional de 19900 kg e uma capacidade de ca\u00e7amba de 0,8 metros c\u00fabicos, ela \u00e9 perfeita para projetos de escava\u00e7\u00e3o e terraplenagem em grande escala. Seu motor de 110 kW oferece pot\u00eancia excepcional, enquanto seu projeto robusto garante durabilidade em condi\u00e7\u00f5es de trabalho dif\u00edceis. A PC200-8 \u00e9 especialmente adequada para canteiros de obras onde a confiabilidade e o desempenho s\u00e3o fundamentais..,<\/p>","protected":false},"featured_media":2924,"template":"","meta":[],"product_brand":[51],"product_cat":[120,85,48],"product_tag":[],"class_list":{"0":"post-2918","1":"product","2":"type-product","3":"status-publish","4":"has-post-thumbnail","6":"product_brand-komatsu","7":"product_cat-2020-2023","8":"product_cat-20t","9":"product_cat-used-komatsu-excavator","11":"first","12":"instock","13":"shipping-taxable","14":"purchasable","15":"product-type-simple"},"_links":{"self":[{"href":"https:\/\/shenhuexcavator.com\/pt\/wp-json\/wp\/v2\/product\/2918","targetHints":{"allow":["GET"]}}],"collection":[{"href":"https:\/\/shenhuexcavator.com\/pt\/wp-json\/wp\/v2\/product"}],"about":[{"href":"https:\/\/shenhuexcavator.com\/pt\/wp-json\/wp\/v2\/types\/product"}],"wp:featuredmedia":[{"embeddable":true,"href":"https:\/\/shenhuexcavator.com\/pt\/wp-json\/wp\/v2\/media\/2924"}],"wp:attachment":[{"href":"https:\/\/shenhuexcavator.com\/pt\/wp-json\/wp\/v2\/media?parent=2918"}],"wp:term":[{"taxonomy":"product_brand","embeddable":true,"href":"https:\/\/shenhuexcavator.com\/pt\/wp-json\/wp\/v2\/product_brand?post=2918"},{"taxonomy":"product_cat","embeddable":true,"href":"https:\/\/shenhuexcavator.com\/pt\/wp-json\/wp\/v2\/product_cat?post=2918"},{"taxonomy":"product_tag","embeddable":true,"href":"https:\/\/shenhuexcavator.com\/pt\/wp-json\/wp\/v2\/product_tag?post=2918"}],"curies":[{"name":"wp","href":"https:\/\/api.w.org\/{rel}","templated":true}]}}