{"id":2948,"date":"2025-02-27T15:11:00","date_gmt":"2025-02-27T07:11:00","guid":{"rendered":"https:\/\/shenhuexcavator.com\/?post_type=product&#038;p=2948"},"modified":"2025-07-17T15:10:07","modified_gmt":"2025-07-17T07:10:07","slug":"used-komatsu-pc220-8-excavator","status":"publish","type":"product","link":"https:\/\/shenhuexcavator.com\/pt\/produto\/used-komatsu-pc220-8-excavator\/","title":{"rendered":"Escavadeira Komatsu PC220-8 usada"},"content":{"rendered":"<p><img fetchpriority=\"high\" decoding=\"async\" class=\"aligncenter size-full wp-image-2949\" src=\"https:\/\/shenhuexcavator.com\/wp-content\/uploads\/2025\/02\/6ca2af32dd002c31569747b1ffa75c6.jpg\" alt=\"\" width=\"850\" height=\"650\"> <img decoding=\"async\" class=\"aligncenter size-full wp-image-2950\" src=\"https:\/\/shenhuexcavator.com\/wp-content\/uploads\/2025\/02\/8c82275a17a362446549e39daba8430.jpg\" alt=\"\" width=\"850\" height=\"650\"> <img decoding=\"async\" class=\"aligncenter size-full wp-image-2951\" src=\"https:\/\/shenhuexcavator.com\/wp-content\/uploads\/2025\/02\/53207373260599ea5f552dfd368f836.jpg\" alt=\"\" width=\"850\" height=\"650\"> <img loading=\"lazy\" decoding=\"async\" class=\"aligncenter size-full wp-image-2952\" src=\"https:\/\/shenhuexcavator.com\/wp-content\/uploads\/2025\/02\/a14fd2da9e75ba6eb82f865a3897d1c.jpg\" alt=\"\" width=\"850\" height=\"650\"> <img loading=\"lazy\" decoding=\"async\" class=\"aligncenter size-full wp-image-2953\" src=\"https:\/\/shenhuexcavator.com\/wp-content\/uploads\/2025\/02\/d606b4cdb54d2dbe1cdd21059f8154c.jpg\" alt=\"\" width=\"850\" height=\"650\"> <img loading=\"lazy\" decoding=\"async\" class=\"aligncenter size-full wp-image-2954\" src=\"https:\/\/shenhuexcavator.com\/wp-content\/uploads\/2025\/02\/e157695403dee29933300eb837bae29.jpg\" alt=\"\" width=\"850\" height=\"650\"><\/p>","protected":false},"excerpt":{"rendered":"<p>A Escavadeira Komatsu PC220-8 usada \u00e9 uma m\u00e1quina potente projetada para tarefas pesadas. Com um peso operacional de 23100 kg e uma capacidade de ca\u00e7amba de 1 metro c\u00fabico, ela \u00e9 perfeita para projetos de escava\u00e7\u00e3o e terraplenagem em grande escala. Seu motor de 110 kW oferece pot\u00eancia excepcional, enquanto seu design robusto garante durabilidade em condi\u00e7\u00f5es de trabalho dif\u00edceis. A PC220-8 \u00e9 especialmente adequada para canteiros de obras onde a confiabilidade e o desempenho s\u00e3o fundamentais..,<\/p>","protected":false},"featured_media":2955,"template":"","meta":[],"product_brand":[51],"product_cat":[120,97,48],"product_tag":[],"class_list":{"0":"post-2948","1":"product","2":"type-product","3":"status-publish","4":"has-post-thumbnail","6":"product_brand-komatsu","7":"product_cat-2020-2023","8":"product_cat-22t","9":"product_cat-used-komatsu-excavator","11":"first","12":"instock","13":"shipping-taxable","14":"purchasable","15":"product-type-simple"},"_links":{"self":[{"href":"https:\/\/shenhuexcavator.com\/pt\/wp-json\/wp\/v2\/product\/2948","targetHints":{"allow":["GET"]}}],"collection":[{"href":"https:\/\/shenhuexcavator.com\/pt\/wp-json\/wp\/v2\/product"}],"about":[{"href":"https:\/\/shenhuexcavator.com\/pt\/wp-json\/wp\/v2\/types\/product"}],"wp:featuredmedia":[{"embeddable":true,"href":"https:\/\/shenhuexcavator.com\/pt\/wp-json\/wp\/v2\/media\/2955"}],"wp:attachment":[{"href":"https:\/\/shenhuexcavator.com\/pt\/wp-json\/wp\/v2\/media?parent=2948"}],"wp:term":[{"taxonomy":"product_brand","embeddable":true,"href":"https:\/\/shenhuexcavator.com\/pt\/wp-json\/wp\/v2\/product_brand?post=2948"},{"taxonomy":"product_cat","embeddable":true,"href":"https:\/\/shenhuexcavator.com\/pt\/wp-json\/wp\/v2\/product_cat?post=2948"},{"taxonomy":"product_tag","embeddable":true,"href":"https:\/\/shenhuexcavator.com\/pt\/wp-json\/wp\/v2\/product_tag?post=2948"}],"curies":[{"name":"wp","href":"https:\/\/api.w.org\/{rel}","templated":true}]}}